{"id":87,"date":"2019-11-20T18:29:04","date_gmt":"2019-11-20T18:29:04","guid":{"rendered":"http:\/\/massacarrara-live.it\/?page_id=87"},"modified":"2019-11-29T13:56:10","modified_gmt":"2019-11-29T13:56:10","slug":"massa-edifici","status":"publish","type":"page","link":"https:\/\/massacarrara-live.it\/index.php\/massa-edifici\/","title":{"rendered":"Massa &#8211; Edifici"},"content":{"rendered":"\n<p><strong>Gli edifici di valore storico della citt\u00e0:<\/strong><\/p>\n\n\n\n<figure class=\"wp-block-table is-style-stripes\"><table class=\"\"><tbody><tr><td>Scrive il Matteoni sul Duomo di Massa:&#8221;Come la maggior parte delle chiese antiche \u00e8 stato fatto pi\u00f9 volte.Prima dovette consistere in quella parte della navata che si dilunga dalle tribune fino all&#8217;altar maggiore; oppure consisteva nela traversa che ora forma la crociata.Di poi fu accresciuta probabilmente di due cappelle, le quali, da qualunque parte fossero aperte, vennero a formare una pianta di croce greca.Di seguito si prolung\u00f2 l&#8217;asta sino alle stimmate e cos\u00ec si mut\u00f2 in una croce latina, in un secondo tempo vi si aggiunse la cappella dei principi, detta oggi del SS.Sacramento e, finalmente, il vescovo Strani vi pose mano e la fece ridurre nel modo che ora si vede&#8221;.<br> Da una lapide conservata nella cappella delle stimmate, vicino all&#8217;altare della Madonna di Loreto, si apprende che nel luogo dove ora sorge la Cattedrale venne inaugurato e consacrato nell&#8217;anno 1389 un piccolo tempio costruito da Arrigo Rito di Antonio da Como.<br> Tale chiesetta dedicata a S.Francesco venne restaurata ed ampliata agli inizi del 1500.<br> Le due cappelle che fecero assumere alla costruzione la pianta della croce greca sono probabilmente di questo periodo.<br> In seguito fu realizzata la cappella delle stimmate e, quindi, dal 1616, la costruzione assunse le attuali dimensioni.<br> Dal 1807, con la distruzione della chiesa di San Pietro in Bagnara, che sorgeva a fianco di Palazzo Ducale, la cattedrale venne dedicata a S.Pietro Apostolo e a S.Francesco di Assisi.<br> Della chiesa di S.Pietro essa conserva il Crocifisso ligneo, di scuola lucchese del XIV secolo, l&#8217;immagine della Madonna del Rosario, un altorilievo in marmo, un trittico quattrocentesco attribuito al Lippi ed il Fonte Battesimale del Riccomanni di Pietrasanta, discepolo di Iacopo della Quercia.<br> A Cattedrale; la chiesa venne elevata nel 1822 allorch\u00e8 venne creata la diocesi di Massa.<br> La facciata di marmo venne inaugurata nel 1936.<br> Nel 1964 la Cattedrale \u00e8 stata infine elevata a Basilica Minore. <\/td><\/tr><tr><td> <\/td><\/tr><tr><td><\/td><\/tr><tr><td><\/td><\/tr><\/tbody><\/table><\/figure>\n\n\n\n<p><\/p>\n","protected":false},"excerpt":{"rendered":"<p>Gli edifici di valore storico della citt\u00e0: Scrive il Matteoni sul Duomo di Massa:&#8221;Come la maggior parte delle chiese antiche \u00e8 stato fatto pi\u00f9 volte.Prima dovette consistere in quella parte della navata che si dilunga dalle tribune fino all&#8217;altar maggiore; oppure consisteva nela traversa che ora forma la crociata.Di poi &hellip;<\/p>\n","protected":false},"author":1,"featured_media":22,"parent":0,"menu_order":0,"comment_status":"closed","ping_status":"closed","template":"","meta":{"footnotes":""},"class_list":["post-87","page","type-page","status-publish","has-post-thumbnail","hentry"],"yoast_head":"<!-- This site is optimized with the Yoast SEO plugin v27.4 - https:\/\/yoast.com\/product\/yoast-seo-wordpress\/ -->\n<title>Massa - Edifici - Massa Carrara Live<\/title>\n<meta name=\"robots\" content=\"index, follow, max-snippet:-1, max-image-preview:large, max-video-preview:-1\" \/>\n<link rel=\"canonical\" href=\"https:\/\/massacarrara-live.it\/index.php\/massa-edifici\/\" \/>\n<meta property=\"og:locale\" content=\"it_IT\" \/>\n<meta property=\"og:type\" content=\"article\" \/>\n<meta property=\"og:title\" content=\"Massa - Edifici - Massa Carrara Live\" \/>\n<meta property=\"og:description\" content=\"Gli edifici di valore storico della citt\u00e0: Scrive il Matteoni sul Duomo di Massa:&#8221;Come la maggior parte delle chiese antiche \u00e8 stato fatto pi\u00f9 volte.Prima dovette consistere in quella parte della navata che si dilunga dalle tribune fino all&#8217;altar maggiore; oppure consisteva nela traversa che ora forma la crociata.Di poi &hellip;\" \/>\n<meta property=\"og:url\" content=\"https:\/\/massacarrara-live.it\/index.php\/massa-edifici\/\" \/>\n<meta property=\"og:site_name\" content=\"Massa Carrara Live\" \/>\n<meta property=\"article:modified_time\" content=\"2019-11-29T13:56:10+00:00\" \/>\n<meta property=\"og:image\" content=\"https:\/\/massacarrara-live.it\/wp-content\/uploads\/2019\/11\/carrara_citta_005_castello_malaspina.jpg\" \/>\n\t<meta property=\"og:image:width\" content=\"1024\" \/>\n\t<meta property=\"og:image:height\" content=\"768\" \/>\n\t<meta property=\"og:image:type\" content=\"image\/jpeg\" \/>\n<meta name=\"twitter:card\" content=\"summary_large_image\" \/>\n<meta name=\"twitter:label1\" content=\"Tempo di lettura stimato\" \/>\n\t<meta name=\"twitter:data1\" content=\"2 minuti\" \/>\n<script type=\"application\/ld+json\" class=\"yoast-schema-graph\">{\"@context\":\"https:\\\/\\\/schema.org\",\"@graph\":[{\"@type\":\"WebPage\",\"@id\":\"https:\\\/\\\/massacarrara-live.it\\\/index.php\\\/massa-edifici\\\/\",\"url\":\"https:\\\/\\\/massacarrara-live.it\\\/index.php\\\/massa-edifici\\\/\",\"name\":\"Massa - Edifici - Massa Carrara Live\",\"isPartOf\":{\"@id\":\"https:\\\/\\\/massacarrara-live.it\\\/#website\"},\"primaryImageOfPage\":{\"@id\":\"https:\\\/\\\/massacarrara-live.it\\\/index.php\\\/massa-edifici\\\/#primaryimage\"},\"image\":{\"@id\":\"https:\\\/\\\/massacarrara-live.it\\\/index.php\\\/massa-edifici\\\/#primaryimage\"},\"thumbnailUrl\":\"https:\\\/\\\/massacarrara-live.it\\\/wp-content\\\/uploads\\\/2019\\\/11\\\/carrara_citta_005_castello_malaspina.jpg\",\"datePublished\":\"2019-11-20T18:29:04+00:00\",\"dateModified\":\"2019-11-29T13:56:10+00:00\",\"breadcrumb\":{\"@id\":\"https:\\\/\\\/massacarrara-live.it\\\/index.php\\\/massa-edifici\\\/#breadcrumb\"},\"inLanguage\":\"it-IT\",\"potentialAction\":[{\"@type\":\"ReadAction\",\"target\":[\"https:\\\/\\\/massacarrara-live.it\\\/index.php\\\/massa-edifici\\\/\"]}]},{\"@type\":\"ImageObject\",\"inLanguage\":\"it-IT\",\"@id\":\"https:\\\/\\\/massacarrara-live.it\\\/index.php\\\/massa-edifici\\\/#primaryimage\",\"url\":\"https:\\\/\\\/massacarrara-live.it\\\/wp-content\\\/uploads\\\/2019\\\/11\\\/carrara_citta_005_castello_malaspina.jpg\",\"contentUrl\":\"https:\\\/\\\/massacarrara-live.it\\\/wp-content\\\/uploads\\\/2019\\\/11\\\/carrara_citta_005_castello_malaspina.jpg\",\"width\":1024,\"height\":768},{\"@type\":\"BreadcrumbList\",\"@id\":\"https:\\\/\\\/massacarrara-live.it\\\/index.php\\\/massa-edifici\\\/#breadcrumb\",\"itemListElement\":[{\"@type\":\"ListItem\",\"position\":1,\"name\":\"Home\",\"item\":\"https:\\\/\\\/massacarrara-live.it\\\/\"},{\"@type\":\"ListItem\",\"position\":2,\"name\":\"Massa &#8211; Edifici\"}]},{\"@type\":\"WebSite\",\"@id\":\"https:\\\/\\\/massacarrara-live.it\\\/#website\",\"url\":\"https:\\\/\\\/massacarrara-live.it\\\/\",\"name\":\"Massa Carrara Live\",\"description\":\"Informazioni provincia di Massa Carrara\",\"publisher\":{\"@id\":\"https:\\\/\\\/massacarrara-live.it\\\/#organization\"},\"potentialAction\":[{\"@type\":\"SearchAction\",\"target\":{\"@type\":\"EntryPoint\",\"urlTemplate\":\"https:\\\/\\\/massacarrara-live.it\\\/?s={search_term_string}\"},\"query-input\":{\"@type\":\"PropertyValueSpecification\",\"valueRequired\":true,\"valueName\":\"search_term_string\"}}],\"inLanguage\":\"it-IT\"},{\"@type\":\"Organization\",\"@id\":\"https:\\\/\\\/massacarrara-live.it\\\/#organization\",\"name\":\"Global Art Srls\",\"url\":\"https:\\\/\\\/massacarrara-live.it\\\/\",\"logo\":{\"@type\":\"ImageObject\",\"inLanguage\":\"it-IT\",\"@id\":\"https:\\\/\\\/massacarrara-live.it\\\/#\\\/schema\\\/logo\\\/image\\\/\",\"url\":\"https:\\\/\\\/massacarrara-live.it\\\/wp-content\\\/uploads\\\/2020\\\/02\\\/logoNewPic-copia.jpg\",\"contentUrl\":\"https:\\\/\\\/massacarrara-live.it\\\/wp-content\\\/uploads\\\/2020\\\/02\\\/logoNewPic-copia.jpg\",\"width\":1194,\"height\":881,\"caption\":\"Global Art Srls\"},\"image\":{\"@id\":\"https:\\\/\\\/massacarrara-live.it\\\/#\\\/schema\\\/logo\\\/image\\\/\"}}]}<\/script>\n<!-- \/ Yoast SEO plugin. -->","yoast_head_json":{"title":"Massa - Edifici - Massa Carrara Live","robots":{"index":"index","follow":"follow","max-snippet":"max-snippet:-1","max-image-preview":"max-image-preview:large","max-video-preview":"max-video-preview:-1"},"canonical":"https:\/\/massacarrara-live.it\/index.php\/massa-edifici\/","og_locale":"it_IT","og_type":"article","og_title":"Massa - Edifici - Massa Carrara Live","og_description":"Gli edifici di valore storico della citt\u00e0: Scrive il Matteoni sul Duomo di Massa:&#8221;Come la maggior parte delle chiese antiche \u00e8 stato fatto pi\u00f9 volte.Prima dovette consistere in quella parte della navata che si dilunga dalle tribune fino all&#8217;altar maggiore; oppure consisteva nela traversa che ora forma la crociata.Di poi &hellip;","og_url":"https:\/\/massacarrara-live.it\/index.php\/massa-edifici\/","og_site_name":"Massa Carrara Live","article_modified_time":"2019-11-29T13:56:10+00:00","og_image":[{"width":1024,"height":768,"url":"https:\/\/massacarrara-live.it\/wp-content\/uploads\/2019\/11\/carrara_citta_005_castello_malaspina.jpg","type":"image\/jpeg"}],"twitter_card":"summary_large_image","twitter_misc":{"Tempo di lettura stimato":"2 minuti"},"schema":{"@context":"https:\/\/schema.org","@graph":[{"@type":"WebPage","@id":"https:\/\/massacarrara-live.it\/index.php\/massa-edifici\/","url":"https:\/\/massacarrara-live.it\/index.php\/massa-edifici\/","name":"Massa - Edifici - Massa Carrara Live","isPartOf":{"@id":"https:\/\/massacarrara-live.it\/#website"},"primaryImageOfPage":{"@id":"https:\/\/massacarrara-live.it\/index.php\/massa-edifici\/#primaryimage"},"image":{"@id":"https:\/\/massacarrara-live.it\/index.php\/massa-edifici\/#primaryimage"},"thumbnailUrl":"https:\/\/massacarrara-live.it\/wp-content\/uploads\/2019\/11\/carrara_citta_005_castello_malaspina.jpg","datePublished":"2019-11-20T18:29:04+00:00","dateModified":"2019-11-29T13:56:10+00:00","breadcrumb":{"@id":"https:\/\/massacarrara-live.it\/index.php\/massa-edifici\/#breadcrumb"},"inLanguage":"it-IT","potentialAction":[{"@type":"ReadAction","target":["https:\/\/massacarrara-live.it\/index.php\/massa-edifici\/"]}]},{"@type":"ImageObject","inLanguage":"it-IT","@id":"https:\/\/massacarrara-live.it\/index.php\/massa-edifici\/#primaryimage","url":"https:\/\/massacarrara-live.it\/wp-content\/uploads\/2019\/11\/carrara_citta_005_castello_malaspina.jpg","contentUrl":"https:\/\/massacarrara-live.it\/wp-content\/uploads\/2019\/11\/carrara_citta_005_castello_malaspina.jpg","width":1024,"height":768},{"@type":"BreadcrumbList","@id":"https:\/\/massacarrara-live.it\/index.php\/massa-edifici\/#breadcrumb","itemListElement":[{"@type":"ListItem","position":1,"name":"Home","item":"https:\/\/massacarrara-live.it\/"},{"@type":"ListItem","position":2,"name":"Massa &#8211; Edifici"}]},{"@type":"WebSite","@id":"https:\/\/massacarrara-live.it\/#website","url":"https:\/\/massacarrara-live.it\/","name":"Massa Carrara Live","description":"Informazioni provincia di Massa Carrara","publisher":{"@id":"https:\/\/massacarrara-live.it\/#organization"},"potentialAction":[{"@type":"SearchAction","target":{"@type":"EntryPoint","urlTemplate":"https:\/\/massacarrara-live.it\/?s={search_term_string}"},"query-input":{"@type":"PropertyValueSpecification","valueRequired":true,"valueName":"search_term_string"}}],"inLanguage":"it-IT"},{"@type":"Organization","@id":"https:\/\/massacarrara-live.it\/#organization","name":"Global Art Srls","url":"https:\/\/massacarrara-live.it\/","logo":{"@type":"ImageObject","inLanguage":"it-IT","@id":"https:\/\/massacarrara-live.it\/#\/schema\/logo\/image\/","url":"https:\/\/massacarrara-live.it\/wp-content\/uploads\/2020\/02\/logoNewPic-copia.jpg","contentUrl":"https:\/\/massacarrara-live.it\/wp-content\/uploads\/2020\/02\/logoNewPic-copia.jpg","width":1194,"height":881,"caption":"Global Art Srls"},"image":{"@id":"https:\/\/massacarrara-live.it\/#\/schema\/logo\/image\/"}}]}},"_links":{"self":[{"href":"https:\/\/massacarrara-live.it\/index.php\/wp-json\/wp\/v2\/pages\/87","targetHints":{"allow":["GET"]}}],"collection":[{"href":"https:\/\/massacarrara-live.it\/index.php\/wp-json\/wp\/v2\/pages"}],"about":[{"href":"https:\/\/massacarrara-live.it\/index.php\/wp-json\/wp\/v2\/types\/page"}],"author":[{"embeddable":true,"href":"https:\/\/massacarrara-live.it\/index.php\/wp-json\/wp\/v2\/users\/1"}],"replies":[{"embeddable":true,"href":"https:\/\/massacarrara-live.it\/index.php\/wp-json\/wp\/v2\/comments?post=87"}],"version-history":[{"count":4,"href":"https:\/\/massacarrara-live.it\/index.php\/wp-json\/wp\/v2\/pages\/87\/revisions"}],"predecessor-version":[{"id":91,"href":"https:\/\/massacarrara-live.it\/index.php\/wp-json\/wp\/v2\/pages\/87\/revisions\/91"}],"wp:featuredmedia":[{"embeddable":true,"href":"https:\/\/massacarrara-live.it\/index.php\/wp-json\/wp\/v2\/media\/22"}],"wp:attachment":[{"href":"https:\/\/massacarrara-live.it\/index.php\/wp-json\/wp\/v2\/media?parent=87"}],"curies":[{"name":"wp","href":"https:\/\/api.w.org\/{rel}","templated":true}]}}