{"id":518,"date":"2019-12-01T09:16:35","date_gmt":"2019-12-01T09:16:35","guid":{"rendered":"http:\/\/massacarrara-live.it\/?page_id=518"},"modified":"2022-02-27T12:55:14","modified_gmt":"2022-02-27T12:55:14","slug":"sui-nostri-monti","status":"publish","type":"page","link":"https:\/\/massacarrara-live.it\/index.php\/itinerari-turistici\/sui-nostri-monti\/","title":{"rendered":"Sui nostri monti delle Alpi Apuane"},"content":{"rendered":"\n<figure class=\"wp-block-gallery has-nested-images columns-default is-cropped wp-block-gallery-1 is-layout-flex wp-block-gallery-is-layout-flex\">\n<figure class=\"wp-block-image size-large\"><a href=\"https:\/\/massacarrara-live.it\/wp-content\/uploads\/2019\/11\/orto_botanico_pietro_pelligrini_massa.jpg\"><img fetchpriority=\"high\" decoding=\"async\" width=\"450\" height=\"341\" data-id=\"274\" src=\"http:\/\/massacarrara-live.it\/wp-content\/uploads\/2019\/11\/orto_botanico_pietro_pelligrini_massa.jpg\" alt=\"\" class=\"wp-image-274\" srcset=\"https:\/\/massacarrara-live.it\/wp-content\/uploads\/2019\/11\/orto_botanico_pietro_pelligrini_massa.jpg 450w, https:\/\/massacarrara-live.it\/wp-content\/uploads\/2019\/11\/orto_botanico_pietro_pelligrini_massa-300x227.jpg 300w, https:\/\/massacarrara-live.it\/wp-content\/uploads\/2019\/11\/orto_botanico_pietro_pelligrini_massa-396x300.jpg 396w\" sizes=\"(max-width: 450px) 100vw, 450px\" \/><\/a><\/figure>\n\n\n\n<figure class=\"wp-block-image size-large\"><a href=\"https:\/\/massacarrara-live.it\/wp-content\/uploads\/2019\/11\/road-to-orto-botanico.jpg\"><img decoding=\"async\" width=\"550\" height=\"309\" data-id=\"278\" src=\"http:\/\/massacarrara-live.it\/wp-content\/uploads\/2019\/11\/road-to-orto-botanico.jpg\" alt=\"\" class=\"wp-image-278\" srcset=\"https:\/\/massacarrara-live.it\/wp-content\/uploads\/2019\/11\/road-to-orto-botanico.jpg 550w, https:\/\/massacarrara-live.it\/wp-content\/uploads\/2019\/11\/road-to-orto-botanico-300x169.jpg 300w, https:\/\/massacarrara-live.it\/wp-content\/uploads\/2019\/11\/road-to-orto-botanico-421x237.jpg 421w\" sizes=\"(max-width: 550px) 100vw, 550px\" \/><\/a><\/figure>\n\n\n\n<figure class=\"wp-block-image size-large\"><a href=\"https:\/\/massacarrara-live.it\/wp-content\/uploads\/2019\/11\/orto-botanico-delle-alpi.jpg\"><img decoding=\"async\" width=\"550\" height=\"413\" data-id=\"276\" src=\"http:\/\/massacarrara-live.it\/wp-content\/uploads\/2019\/11\/orto-botanico-delle-alpi.jpg\" alt=\"\" class=\"wp-image-276\" srcset=\"https:\/\/massacarrara-live.it\/wp-content\/uploads\/2019\/11\/orto-botanico-delle-alpi.jpg 550w, https:\/\/massacarrara-live.it\/wp-content\/uploads\/2019\/11\/orto-botanico-delle-alpi-300x225.jpg 300w, https:\/\/massacarrara-live.it\/wp-content\/uploads\/2019\/11\/orto-botanico-delle-alpi-400x300.jpg 400w\" sizes=\"(max-width: 550px) 100vw, 550px\" \/><\/a><\/figure>\n\n\n\n<figure class=\"wp-block-image size-large\"><a href=\"https:\/\/massacarrara-live.it\/wp-content\/uploads\/2019\/11\/ortoBot.jpg\"><img loading=\"lazy\" decoding=\"async\" width=\"550\" height=\"413\" data-id=\"275\" src=\"http:\/\/massacarrara-live.it\/wp-content\/uploads\/2019\/11\/ortoBot.jpg\" alt=\"\" class=\"wp-image-275\" srcset=\"https:\/\/massacarrara-live.it\/wp-content\/uploads\/2019\/11\/ortoBot.jpg 550w, https:\/\/massacarrara-live.it\/wp-content\/uploads\/2019\/11\/ortoBot-300x225.jpg 300w, https:\/\/massacarrara-live.it\/wp-content\/uploads\/2019\/11\/ortoBot-400x300.jpg 400w\" sizes=\"(max-width: 550px) 100vw, 550px\" \/><\/a><\/figure>\n\n\n\n<figure class=\"wp-block-image size-large\"><a href=\"https:\/\/massacarrara-live.it\/wp-content\/uploads\/2019\/11\/orto-botanico-p-pellegrini-7_main.jpg\"><img loading=\"lazy\" decoding=\"async\" width=\"720\" height=\"367\" data-id=\"277\" src=\"http:\/\/massacarrara-live.it\/wp-content\/uploads\/2019\/11\/orto-botanico-p-pellegrini-7_main.jpg\" alt=\"\" class=\"wp-image-277\" srcset=\"https:\/\/massacarrara-live.it\/wp-content\/uploads\/2019\/11\/orto-botanico-p-pellegrini-7_main.jpg 720w, https:\/\/massacarrara-live.it\/wp-content\/uploads\/2019\/11\/orto-botanico-p-pellegrini-7_main-600x306.jpg 600w, https:\/\/massacarrara-live.it\/wp-content\/uploads\/2019\/11\/orto-botanico-p-pellegrini-7_main-300x153.jpg 300w, https:\/\/massacarrara-live.it\/wp-content\/uploads\/2019\/11\/orto-botanico-p-pellegrini-7_main-421x215.jpg 421w\" sizes=\"(max-width: 720px) 100vw, 720px\" \/><\/a><\/figure>\n\n\n\n<figure class=\"wp-block-image size-large\"><a href=\"https:\/\/massacarrara-live.it\/wp-content\/uploads\/2022\/02\/IMG_20220227_122257-scaled.jpg\"><img loading=\"lazy\" decoding=\"async\" width=\"1024\" height=\"768\" data-id=\"2716\" src=\"https:\/\/massacarrara-live.it\/wp-content\/uploads\/2022\/02\/IMG_20220227_122257-1024x768.jpg\" alt=\"\" class=\"wp-image-2716\" srcset=\"https:\/\/massacarrara-live.it\/wp-content\/uploads\/2022\/02\/IMG_20220227_122257-1024x768.jpg 1024w, https:\/\/massacarrara-live.it\/wp-content\/uploads\/2022\/02\/IMG_20220227_122257-300x225.jpg 300w, https:\/\/massacarrara-live.it\/wp-content\/uploads\/2022\/02\/IMG_20220227_122257-768x576.jpg 768w, https:\/\/massacarrara-live.it\/wp-content\/uploads\/2022\/02\/IMG_20220227_122257-1536x1152.jpg 1536w, https:\/\/massacarrara-live.it\/wp-content\/uploads\/2022\/02\/IMG_20220227_122257-2048x1536.jpg 2048w, https:\/\/massacarrara-live.it\/wp-content\/uploads\/2022\/02\/IMG_20220227_122257-400x300.jpg 400w, https:\/\/massacarrara-live.it\/wp-content\/uploads\/2022\/02\/IMG_20220227_122257-80x60.jpg 80w, https:\/\/massacarrara-live.it\/wp-content\/uploads\/2022\/02\/IMG_20220227_122257-120x90.jpg 120w, https:\/\/massacarrara-live.it\/wp-content\/uploads\/2022\/02\/IMG_20220227_122257-600x450.jpg 600w, https:\/\/massacarrara-live.it\/wp-content\/uploads\/2022\/02\/IMG_20220227_122257-scaled.jpg 1900w\" sizes=\"(max-width: 1024px) 100vw, 1024px\" \/><\/a><\/figure>\n<figcaption class=\"blocks-gallery-caption\"><strong>ORTO BOTANICO<\/strong><\/figcaption><\/figure>\n\n\n\n<p> <strong><em>ORTO BOTANICO<\/em><\/strong> <strong>MASSA<\/strong><br>La strada che conduce a quota 1000 non \u00e8 molto agevole, ma i tanti rimaneggiamenti di questi ultimi anni \u00e8 accessibile come accessibile pu\u00f2 essere una qualsiasi strada di montagna.<br>Ma chi ha la forza e la volont\u00e0 di mettersi in auto e di percorrere questi 20 chilometri potr\u00e0 essere ripagato in inverno trovandovi molto probabilmente la neve, in estate godendo il fresco verde del Pian della Fioba.<br> Ma sopratutto pu\u00f2 godere del panorama delle Apuane.<br>Per chi non avesse in simpatia queste salite in quota su quattro ruote, e che fosse comunque munito di buon fiato e di buone gambe, resta la possibilit\u00e0 di salire al Pian della Fioba attraverso uno dei tanti itinerari che in questi ultimi anni, grazie all&#8217;intervento di vari enti, sono stati recuperati al godimento della gente.<br>Lungo questi vecchi itinerari non sar\u00e0 difficile, fra l&#8217;altro, incontrare pregevoli opere dell&#8217;uomo, come le &#8220;maest\u00e0&#8221; semplici edicole votive con l&#8217;immagine della madonna, in bassorilievi di marmo.<br>Qualunque via seguiate a quota 900 vi troverete alla Tecchia, una zona in cui il verde intenso \u00e8 di casa.<br>Un ultimo sforzo ed eccovi a Pian della Fioba, al rifugio Cai e all&#8217;orto botanico, meta della nostra escursione.<br>E&#8217; proprio di quest&#8217;ultimo, infatti che vogliamo parlare.<br>Questo piccolo lembo di terra che ha preso il nome di un botanico massese Pietro Pellegrini, autore fra l&#8217;altro di alcuni pregevoli studi sulla flora delle Apuane, permette di ammirare piante caratteristiche delle nostre montagne e non solo, tutte raccolte in un&#8217;unica area.<br>E&#8217; stato creato nel 1956 da alcuni appasionati delle Alpi Apuane che hanno immediatamente iniziato a raccogliervi la flora Apuana, arrichendola anno dopo anno di altra provieniente da altre zone, ma sempre di montagna e classificandole come si conviene al un orto botanico che meriti questo nome.<br>Se siete interessati alla visita ricordatevi l&#8217;orario di apertura e di chiusura <\/p>\n\n\n\n<div class=\"wp-block-image\"><figure class=\"aligncenter size-large\"><img loading=\"lazy\" decoding=\"async\" width=\"210\" height=\"285\" src=\"http:\/\/massacarrara-live.it\/wp-content\/uploads\/2019\/11\/viavandelli.jpg\" alt=\"\" class=\"wp-image-279\"\/><figcaption>Via Vandelli<\/figcaption><\/figure><\/div>\n\n\n\n<p> <strong><em>LA VIA VANDELLI<\/em> &#8211; MASSA<\/strong> <br>Il matrimonio di Maria Teresa, figlia di Alderano Cybo ed erede del Principato di Massa e Carrara, con il principe ereditario estense Ercole Rinaldo, aggiunse Massa e Carrara ai domini di Francesco III di Modena. Il Duca vedeva per\u00f2 i suoi possedimenti emiliani separati da quelli della costa dalla doppia barrie<br>dell&#8217;Appennino Tosco-Emiliano e delle Alpi Apuane, e il desiderio di creare una via diretta di comunicazione lo spinse a ideare una delle pi\u00f9 audaci realizzazioni <br> tecniche del suo tempo: la costruzione di una strada che superasse l&#8217;Appennino a San Pellegrino in Alpe e le Apuane al Passo della Tambura ( 1670 m ). Il<br> progetto fu affidato all&#8217;abate Domenico Vandelli, celebre matematico e ingegnere, che avvi\u00f2 i lavori nel 1738. Per la difficolt\u00e0 dell&#8217;impresa e per gli eventi bellici <br> della guerra di successione austriaca, la strada pot\u00e8 essere compiuta solo nel 1751.<br> Essa non riusc\u00ec tale quale l&#8217;avrebbero voluta i suoi ideatori: l&#8217;asprezza del terreno nella parte apuana era tale che, nonostante l&#8217;impiego di una grande quantit\u00e0 di manodopera ( in parte fatta arrivare dalla Savoia ) e di tutti i mezzi tecnici allora disponibili, non fu possibile far transitare veicoli a ruote per le eccessive pendenze<br> e per la presenza di molti bruschi tornanti; per di pi\u00f9 il consistente innevamento rendeva la strada inservibile per molti mesi all&#8217;anno.<br> La Via Vandelli non divenne mai l&#8217;arteria vitale che i governanti modenesi avevano vagheggiato, e gi\u00e0 verso la met\u00e0 dell&#8217;Ottocento era caduta in semiabbandono;<br> inoltre la zona fu presto infestata da briganti che, approfittando della solitudine dei luoghi, rapinavano e uccidevano i viandanti.<br> Tuttavia essa fu ugualmente un punto di riferimento imprescindibile per le zone che attraversava, e favor\u00ec il sorgere di alcuni nuclei urbani prima pressoch\u00e9 inesistenti,<br> come Resceto. Tutto il percorso della Via, soprattutto nelle parti pi\u00f9 inospitali, era provvisto di osterie e punti di ristoro, detti casoni ( ad es. il Casone dei Campaniletti sul versante massese e il Casone del Ferro sul versante di Vagli, di cui non resta praticamente nulla; i Casoni di Arnetola, Caprareccia, Ripanaia e<br> Formign\u00e0cola, ancora visibili nella valle di Arnetola anche se in stato di abbandono ).<br> Nella parte apuana la Vandelli \u00e8 stata ampiamente distrutta sul versante garfagnino; alla testata della valle si ritrova per\u00f2 l&#8217;antica massicciata che sale dolcemente e lungamente tra i faggi verso il verde ripiano degli Acqui Freddi, dove si incontra, proprio sotto il Passo della Tambura, una piacevolissima fonte.<br> Raggiunto il Passo a 1670 m, inciso dal Taglio Randelli, sulla cresta tra il M. Focoletta e il M. Tambura, la Via si affaccia sul vertiginoso pendio che porta a Resceto: ben 1100 metri di dislivello in appena 6 km e 700 m di zigzag incredibili sui nudi pendii calcarei, che costituiscono la parte pi\u00f9 spettacolare e meglio <br> conservata del percorso. I muri a secco che sostengono la massicciata in questo tratto, franati in numerosi punti, sono stati gi\u00e0 in buona parte recuperati grazie ad un intelligente intervento di restauro, che mira a riportare questo prezioso documento del passato al suo antico splendore.<br> Negli ultimi tornanti prima di Resceto e nel tratto che confluisce nel Canal Pianone, si possono osservare anche i caratteristici fori da piro che testimoniano come la Via Vandelli sia stata utilizzata, verso la met\u00e0 del secolo scorso, anche come via di lizza.<br> Da Resceto a Massa, invece sopravvive soltanto qualche piccolo tratto dell&#8217;antica massicciata, ricoperta in massima parte dal successivo tracciato della strada asfaltata. <\/p>\n\n\n\n<figure class=\"wp-block-table is-style-stripes\"><table><tbody><tr><td> <strong><em>Carrara-Colonnata-Vergheto<\/em><\/strong><br>Raggiunto Colonnata in auto , per una tortuosa via di circa 8,5 Km, raggiunta la piccola piazza, attraverso sentieri nei boschi e bacini marmiferi si arriva al Vergheto, abitato una volta dai cavatori adesso abbandonato.<br>Da qui si pu\u00f2 godere un suggestivo panorama dei monti circostanti e dei bacini marmiferi dei monti sopra Massa. Dal Vergheto si pu\u00f2 raggiungere anche il rifugio Pisa (m.1000). <\/td><\/tr><tr><td> <strong><em>Carrara-Piastra-Campocecina<\/em><\/strong><br>Da Carrara in auto direzione Torano verso Ravaccione si raggiunge una localit\u00e0 chiamata &#8220;La Piastra&#8221; da qui attraverso un sentiero si arriva a Campocecina ( m. 1320), il tragitto richiede una buona resistenza alla salita.(il percorso richiede circa due ore di cammino). <\/td><\/tr><tr><td> <strong><em>Carrara-Campocecina-Foce di Giovo<\/em><\/strong><br>Arrivati a Campocecina percorrendo una via di montagna che passa attraverso paesini come Gragnana e Castelpoggio, si raggiunge il rifugio CAI, da qui si diramano vari sentieri diretti alle cave del Sagro <br>(m. 1743), alla foce di Vinca (m.1333) e al Rifugio Garnerone sempre del CAI, alla Foce di Giovo\u2026.ecc. <\/td><\/tr><tr><td> <strong><em>Carrara-Vinca- Equi Terme<\/em><\/strong><br>Percorrendo la stessa via per andare a Campocecina, si arriva al bivio della Maest\u00e0, dove prendendo la via Spolverina si raggiunge Vinca (m.808).<br>Da Monzone paese di Vinca, rinnomato per i suoi forni ed il suo pane, partono numerosi sentieri;<br>per la Foce di Giovo e in Val Serenaia, attraverso il Pizzo d&#8217;Uccello a nord e il Grondilice a sud\u2026<br>Da Vinca tornando in auto verso Monzone e poi seguendo una diramazione a destra, si raggiunge Equi Terme. <\/td><\/tr><\/tbody><\/table><\/figure>\n","protected":false},"excerpt":{"rendered":"<p>ORTO BOTANICO MASSALa strada che conduce a quota 1000 non \u00e8 molto agevole, ma i tanti rimaneggiamenti di questi ultimi anni \u00e8 accessibile come accessibile pu\u00f2 essere una qualsiasi strada di montagna.Ma chi ha la forza e la volont\u00e0 di mettersi in auto e di percorrere questi 20 chilometri potr\u00e0 &hellip;<\/p>\n","protected":false},"author":1,"featured_media":520,"parent":172,"menu_order":0,"comment_status":"closed","ping_status":"closed","template":"","meta":{"footnotes":""},"class_list":["post-518","page","type-page","status-publish","has-post-thumbnail","hentry"],"yoast_head":"<!-- This site is optimized with the Yoast SEO plugin v27.4 - https:\/\/yoast.com\/product\/yoast-seo-wordpress\/ -->\n<title>Sui nostri monti delle Alpi Apuane - Massa Carrara Live<\/title>\n<meta name=\"description\" content=\"Sui nostri monti delle Alpi Apuane. Molti itinerari e location da visitare nella natura e con splendidi panorami\" \/>\n<meta name=\"robots\" content=\"index, follow, max-snippet:-1, max-image-preview:large, max-video-preview:-1\" \/>\n<link rel=\"canonical\" href=\"https:\/\/massacarrara-live.it\/index.php\/itinerari-turistici\/sui-nostri-monti\/\" \/>\n<meta property=\"og:locale\" content=\"it_IT\" \/>\n<meta property=\"og:type\" content=\"article\" \/>\n<meta property=\"og:title\" content=\"Sui nostri monti delle Alpi Apuane - Massa Carrara Live\" \/>\n<meta property=\"og:description\" content=\"Sui nostri monti delle Alpi Apuane. Molti itinerari e location da visitare nella natura e con splendidi panorami\" \/>\n<meta property=\"og:url\" content=\"https:\/\/massacarrara-live.it\/index.php\/itinerari-turistici\/sui-nostri-monti\/\" \/>\n<meta property=\"og:site_name\" content=\"Massa Carrara Live\" \/>\n<meta property=\"article:modified_time\" content=\"2022-02-27T12:55:14+00:00\" \/>\n<meta property=\"og:image\" content=\"https:\/\/massacarrara-live.it\/wp-content\/uploads\/2019\/12\/daCampocecina.jpg\" \/>\n\t<meta property=\"og:image:width\" content=\"1400\" \/>\n\t<meta property=\"og:image:height\" content=\"741\" \/>\n\t<meta property=\"og:image:type\" content=\"image\/jpeg\" \/>\n<meta name=\"twitter:card\" content=\"summary_large_image\" \/>\n<meta name=\"twitter:label1\" content=\"Tempo di lettura stimato\" \/>\n\t<meta name=\"twitter:data1\" content=\"8 minuti\" \/>\n<script type=\"application\/ld+json\" class=\"yoast-schema-graph\">{\"@context\":\"https:\\\/\\\/schema.org\",\"@graph\":[{\"@type\":\"WebPage\",\"@id\":\"https:\\\/\\\/massacarrara-live.it\\\/index.php\\\/itinerari-turistici\\\/sui-nostri-monti\\\/\",\"url\":\"https:\\\/\\\/massacarrara-live.it\\\/index.php\\\/itinerari-turistici\\\/sui-nostri-monti\\\/\",\"name\":\"Sui nostri monti delle Alpi Apuane - Massa Carrara Live\",\"isPartOf\":{\"@id\":\"https:\\\/\\\/massacarrara-live.it\\\/#website\"},\"primaryImageOfPage\":{\"@id\":\"https:\\\/\\\/massacarrara-live.it\\\/index.php\\\/itinerari-turistici\\\/sui-nostri-monti\\\/#primaryimage\"},\"image\":{\"@id\":\"https:\\\/\\\/massacarrara-live.it\\\/index.php\\\/itinerari-turistici\\\/sui-nostri-monti\\\/#primaryimage\"},\"thumbnailUrl\":\"https:\\\/\\\/massacarrara-live.it\\\/wp-content\\\/uploads\\\/2019\\\/12\\\/daCampocecina.jpg\",\"datePublished\":\"2019-12-01T09:16:35+00:00\",\"dateModified\":\"2022-02-27T12:55:14+00:00\",\"description\":\"Sui nostri monti delle Alpi Apuane. Molti itinerari e location da visitare nella natura e con splendidi panorami\",\"breadcrumb\":{\"@id\":\"https:\\\/\\\/massacarrara-live.it\\\/index.php\\\/itinerari-turistici\\\/sui-nostri-monti\\\/#breadcrumb\"},\"inLanguage\":\"it-IT\",\"potentialAction\":[{\"@type\":\"ReadAction\",\"target\":[\"https:\\\/\\\/massacarrara-live.it\\\/index.php\\\/itinerari-turistici\\\/sui-nostri-monti\\\/\"]}]},{\"@type\":\"ImageObject\",\"inLanguage\":\"it-IT\",\"@id\":\"https:\\\/\\\/massacarrara-live.it\\\/index.php\\\/itinerari-turistici\\\/sui-nostri-monti\\\/#primaryimage\",\"url\":\"https:\\\/\\\/massacarrara-live.it\\\/wp-content\\\/uploads\\\/2019\\\/12\\\/daCampocecina.jpg\",\"contentUrl\":\"https:\\\/\\\/massacarrara-live.it\\\/wp-content\\\/uploads\\\/2019\\\/12\\\/daCampocecina.jpg\",\"width\":1400,\"height\":741},{\"@type\":\"BreadcrumbList\",\"@id\":\"https:\\\/\\\/massacarrara-live.it\\\/index.php\\\/itinerari-turistici\\\/sui-nostri-monti\\\/#breadcrumb\",\"itemListElement\":[{\"@type\":\"ListItem\",\"position\":1,\"name\":\"Home\",\"item\":\"https:\\\/\\\/massacarrara-live.it\\\/\"},{\"@type\":\"ListItem\",\"position\":2,\"name\":\"Itinerari Turistici\",\"item\":\"https:\\\/\\\/massacarrara-live.it\\\/index.php\\\/itinerari-turistici\\\/\"},{\"@type\":\"ListItem\",\"position\":3,\"name\":\"Sui nostri monti delle Alpi Apuane\"}]},{\"@type\":\"WebSite\",\"@id\":\"https:\\\/\\\/massacarrara-live.it\\\/#website\",\"url\":\"https:\\\/\\\/massacarrara-live.it\\\/\",\"name\":\"Massa Carrara Live\",\"description\":\"Informazioni provincia di Massa Carrara\",\"publisher\":{\"@id\":\"https:\\\/\\\/massacarrara-live.it\\\/#organization\"},\"potentialAction\":[{\"@type\":\"SearchAction\",\"target\":{\"@type\":\"EntryPoint\",\"urlTemplate\":\"https:\\\/\\\/massacarrara-live.it\\\/?s={search_term_string}\"},\"query-input\":{\"@type\":\"PropertyValueSpecification\",\"valueRequired\":true,\"valueName\":\"search_term_string\"}}],\"inLanguage\":\"it-IT\"},{\"@type\":\"Organization\",\"@id\":\"https:\\\/\\\/massacarrara-live.it\\\/#organization\",\"name\":\"Global Art Srls\",\"url\":\"https:\\\/\\\/massacarrara-live.it\\\/\",\"logo\":{\"@type\":\"ImageObject\",\"inLanguage\":\"it-IT\",\"@id\":\"https:\\\/\\\/massacarrara-live.it\\\/#\\\/schema\\\/logo\\\/image\\\/\",\"url\":\"https:\\\/\\\/massacarrara-live.it\\\/wp-content\\\/uploads\\\/2020\\\/02\\\/logoNewPic-copia.jpg\",\"contentUrl\":\"https:\\\/\\\/massacarrara-live.it\\\/wp-content\\\/uploads\\\/2020\\\/02\\\/logoNewPic-copia.jpg\",\"width\":1194,\"height\":881,\"caption\":\"Global Art Srls\"},\"image\":{\"@id\":\"https:\\\/\\\/massacarrara-live.it\\\/#\\\/schema\\\/logo\\\/image\\\/\"}}]}<\/script>\n<!-- \/ Yoast SEO plugin. -->","yoast_head_json":{"title":"Sui nostri monti delle Alpi Apuane - Massa Carrara Live","description":"Sui nostri monti delle Alpi Apuane. Molti itinerari e location da visitare nella natura e con splendidi panorami","robots":{"index":"index","follow":"follow","max-snippet":"max-snippet:-1","max-image-preview":"max-image-preview:large","max-video-preview":"max-video-preview:-1"},"canonical":"https:\/\/massacarrara-live.it\/index.php\/itinerari-turistici\/sui-nostri-monti\/","og_locale":"it_IT","og_type":"article","og_title":"Sui nostri monti delle Alpi Apuane - Massa Carrara Live","og_description":"Sui nostri monti delle Alpi Apuane. Molti itinerari e location da visitare nella natura e con splendidi panorami","og_url":"https:\/\/massacarrara-live.it\/index.php\/itinerari-turistici\/sui-nostri-monti\/","og_site_name":"Massa Carrara Live","article_modified_time":"2022-02-27T12:55:14+00:00","og_image":[{"width":1400,"height":741,"url":"https:\/\/massacarrara-live.it\/wp-content\/uploads\/2019\/12\/daCampocecina.jpg","type":"image\/jpeg"}],"twitter_card":"summary_large_image","twitter_misc":{"Tempo di lettura stimato":"8 minuti"},"schema":{"@context":"https:\/\/schema.org","@graph":[{"@type":"WebPage","@id":"https:\/\/massacarrara-live.it\/index.php\/itinerari-turistici\/sui-nostri-monti\/","url":"https:\/\/massacarrara-live.it\/index.php\/itinerari-turistici\/sui-nostri-monti\/","name":"Sui nostri monti delle Alpi Apuane - Massa Carrara Live","isPartOf":{"@id":"https:\/\/massacarrara-live.it\/#website"},"primaryImageOfPage":{"@id":"https:\/\/massacarrara-live.it\/index.php\/itinerari-turistici\/sui-nostri-monti\/#primaryimage"},"image":{"@id":"https:\/\/massacarrara-live.it\/index.php\/itinerari-turistici\/sui-nostri-monti\/#primaryimage"},"thumbnailUrl":"https:\/\/massacarrara-live.it\/wp-content\/uploads\/2019\/12\/daCampocecina.jpg","datePublished":"2019-12-01T09:16:35+00:00","dateModified":"2022-02-27T12:55:14+00:00","description":"Sui nostri monti delle Alpi Apuane. Molti itinerari e location da visitare nella natura e con splendidi panorami","breadcrumb":{"@id":"https:\/\/massacarrara-live.it\/index.php\/itinerari-turistici\/sui-nostri-monti\/#breadcrumb"},"inLanguage":"it-IT","potentialAction":[{"@type":"ReadAction","target":["https:\/\/massacarrara-live.it\/index.php\/itinerari-turistici\/sui-nostri-monti\/"]}]},{"@type":"ImageObject","inLanguage":"it-IT","@id":"https:\/\/massacarrara-live.it\/index.php\/itinerari-turistici\/sui-nostri-monti\/#primaryimage","url":"https:\/\/massacarrara-live.it\/wp-content\/uploads\/2019\/12\/daCampocecina.jpg","contentUrl":"https:\/\/massacarrara-live.it\/wp-content\/uploads\/2019\/12\/daCampocecina.jpg","width":1400,"height":741},{"@type":"BreadcrumbList","@id":"https:\/\/massacarrara-live.it\/index.php\/itinerari-turistici\/sui-nostri-monti\/#breadcrumb","itemListElement":[{"@type":"ListItem","position":1,"name":"Home","item":"https:\/\/massacarrara-live.it\/"},{"@type":"ListItem","position":2,"name":"Itinerari Turistici","item":"https:\/\/massacarrara-live.it\/index.php\/itinerari-turistici\/"},{"@type":"ListItem","position":3,"name":"Sui nostri monti delle Alpi Apuane"}]},{"@type":"WebSite","@id":"https:\/\/massacarrara-live.it\/#website","url":"https:\/\/massacarrara-live.it\/","name":"Massa Carrara Live","description":"Informazioni provincia di Massa Carrara","publisher":{"@id":"https:\/\/massacarrara-live.it\/#organization"},"potentialAction":[{"@type":"SearchAction","target":{"@type":"EntryPoint","urlTemplate":"https:\/\/massacarrara-live.it\/?s={search_term_string}"},"query-input":{"@type":"PropertyValueSpecification","valueRequired":true,"valueName":"search_term_string"}}],"inLanguage":"it-IT"},{"@type":"Organization","@id":"https:\/\/massacarrara-live.it\/#organization","name":"Global Art Srls","url":"https:\/\/massacarrara-live.it\/","logo":{"@type":"ImageObject","inLanguage":"it-IT","@id":"https:\/\/massacarrara-live.it\/#\/schema\/logo\/image\/","url":"https:\/\/massacarrara-live.it\/wp-content\/uploads\/2020\/02\/logoNewPic-copia.jpg","contentUrl":"https:\/\/massacarrara-live.it\/wp-content\/uploads\/2020\/02\/logoNewPic-copia.jpg","width":1194,"height":881,"caption":"Global Art Srls"},"image":{"@id":"https:\/\/massacarrara-live.it\/#\/schema\/logo\/image\/"}}]}},"_links":{"self":[{"href":"https:\/\/massacarrara-live.it\/index.php\/wp-json\/wp\/v2\/pages\/518","targetHints":{"allow":["GET"]}}],"collection":[{"href":"https:\/\/massacarrara-live.it\/index.php\/wp-json\/wp\/v2\/pages"}],"about":[{"href":"https:\/\/massacarrara-live.it\/index.php\/wp-json\/wp\/v2\/types\/page"}],"author":[{"embeddable":true,"href":"https:\/\/massacarrara-live.it\/index.php\/wp-json\/wp\/v2\/users\/1"}],"replies":[{"embeddable":true,"href":"https:\/\/massacarrara-live.it\/index.php\/wp-json\/wp\/v2\/comments?post=518"}],"version-history":[{"count":4,"href":"https:\/\/massacarrara-live.it\/index.php\/wp-json\/wp\/v2\/pages\/518\/revisions"}],"predecessor-version":[{"id":3772,"href":"https:\/\/massacarrara-live.it\/index.php\/wp-json\/wp\/v2\/pages\/518\/revisions\/3772"}],"up":[{"embeddable":true,"href":"https:\/\/massacarrara-live.it\/index.php\/wp-json\/wp\/v2\/pages\/172"}],"wp:featuredmedia":[{"embeddable":true,"href":"https:\/\/massacarrara-live.it\/index.php\/wp-json\/wp\/v2\/media\/520"}],"wp:attachment":[{"href":"https:\/\/massacarrara-live.it\/index.php\/wp-json\/wp\/v2\/media?parent=518"}],"curies":[{"name":"wp","href":"https:\/\/api.w.org\/{rel}","templated":true}]}}