{"id":472,"date":"2019-11-29T14:09:23","date_gmt":"2019-11-29T14:09:23","guid":{"rendered":"http:\/\/massacarrara-live.it\/?page_id=472"},"modified":"2019-11-29T14:12:50","modified_gmt":"2019-11-29T14:12:50","slug":"teatro-verdi-marconi","status":"publish","type":"page","link":"https:\/\/massacarrara-live.it\/index.php\/edifici-e-location\/edifici-e-location-carrara\/teatro-verdi-marconi\/","title":{"rendered":"Teatro Verdi (Marconi)"},"content":{"rendered":"\n<figure class=\"wp-block-image size-large\"><img fetchpriority=\"high\" decoding=\"async\" width=\"1024\" height=\"768\" src=\"http:\/\/massacarrara-live.it\/wp-content\/uploads\/2019\/11\/TeatroPoliteamaMarconi-1024x768.png\" alt=\"\" class=\"wp-image-482\" srcset=\"https:\/\/massacarrara-live.it\/wp-content\/uploads\/2019\/11\/TeatroPoliteamaMarconi-1024x768.png 1024w, https:\/\/massacarrara-live.it\/wp-content\/uploads\/2019\/11\/TeatroPoliteamaMarconi-600x450.png 600w, https:\/\/massacarrara-live.it\/wp-content\/uploads\/2019\/11\/TeatroPoliteamaMarconi-300x225.png 300w, https:\/\/massacarrara-live.it\/wp-content\/uploads\/2019\/11\/TeatroPoliteamaMarconi-768x576.png 768w, https:\/\/massacarrara-live.it\/wp-content\/uploads\/2019\/11\/TeatroPoliteamaMarconi-400x300.png 400w, https:\/\/massacarrara-live.it\/wp-content\/uploads\/2019\/11\/TeatroPoliteamaMarconi.png 1261w\" sizes=\"(max-width: 1024px) 100vw, 1024px\" \/><figcaption><strong>Teatro Verdi<\/strong><\/figcaption><\/figure>\n\n\n\n<p>E&#8217;situato in Piazza Farini, oggi Matteotti, realizzato su progettazione dell&#8217;ing. Caselli che lo rese all&#8217;avanguardia sotto il profilo acustico, \u00e8 stato inaugurato nel 1892 e pu\u00f2 contenere un migliaio di posti. Per le sue qualit\u00e0 acustiche e per la competenza del suo pubblico, nel passato il teatro veniva scelto per le prime delle opere e tra tutte ricordiamo sicuramente la Tosca del 1901 diretta dal maestro Puccini, che rimarr\u00e0 per sempre impressa nella storia del teatro.<br>Oggi \u00e8 chiuso e in fase di ristrutturazione per gravi problemi di stabilit\u00e0<\/p>\n","protected":false},"excerpt":{"rendered":"<p>E&#8217;situato in Piazza Farini, oggi Matteotti, realizzato su progettazione dell&#8217;ing. Caselli che lo rese all&#8217;avanguardia sotto il profilo acustico, \u00e8 stato inaugurato nel 1892 e pu\u00f2 contenere un migliaio di posti. Per le sue qualit\u00e0 acustiche e per la competenza del suo pubblico, nel passato il teatro veniva scelto per &hellip;<\/p>\n","protected":false},"author":1,"featured_media":0,"parent":155,"menu_order":0,"comment_status":"closed","ping_status":"closed","template":"","meta":{"footnotes":""},"class_list":["post-472","page","type-page","status-publish","hentry"],"yoast_head":"<!-- This site is optimized with the Yoast SEO plugin v27.4 - https:\/\/yoast.com\/product\/yoast-seo-wordpress\/ -->\n<title>Teatro Verdi (Marconi) - Massa Carrara Live<\/title>\n<meta name=\"robots\" content=\"index, follow, max-snippet:-1, max-image-preview:large, max-video-preview:-1\" \/>\n<link rel=\"canonical\" href=\"https:\/\/massacarrara-live.it\/index.php\/edifici-e-location\/edifici-e-location-carrara\/teatro-verdi-marconi\/\" \/>\n<meta property=\"og:locale\" content=\"it_IT\" \/>\n<meta property=\"og:type\" content=\"article\" \/>\n<meta property=\"og:title\" content=\"Teatro Verdi (Marconi) - Massa Carrara Live\" \/>\n<meta property=\"og:description\" content=\"E&#8217;situato in Piazza Farini, oggi Matteotti, realizzato su progettazione dell&#8217;ing. Caselli che lo rese all&#8217;avanguardia sotto il profilo acustico, \u00e8 stato inaugurato nel 1892 e pu\u00f2 contenere un migliaio di posti. Per le sue qualit\u00e0 acustiche e per la competenza del suo pubblico, nel passato il teatro veniva scelto per &hellip;\" \/>\n<meta property=\"og:url\" content=\"https:\/\/massacarrara-live.it\/index.php\/edifici-e-location\/edifici-e-location-carrara\/teatro-verdi-marconi\/\" \/>\n<meta property=\"og:site_name\" content=\"Massa Carrara Live\" \/>\n<meta property=\"article:modified_time\" content=\"2019-11-29T14:12:50+00:00\" \/>\n<meta property=\"og:image\" content=\"http:\/\/massacarrara-live.it\/wp-content\/uploads\/2019\/11\/TeatroPoliteamaMarconi-1024x768.png\" \/>\n<meta name=\"twitter:card\" content=\"summary_large_image\" \/>\n<script type=\"application\/ld+json\" class=\"yoast-schema-graph\">{\"@context\":\"https:\\\/\\\/schema.org\",\"@graph\":[{\"@type\":\"WebPage\",\"@id\":\"https:\\\/\\\/massacarrara-live.it\\\/index.php\\\/edifici-e-location\\\/edifici-e-location-carrara\\\/teatro-verdi-marconi\\\/\",\"url\":\"https:\\\/\\\/massacarrara-live.it\\\/index.php\\\/edifici-e-location\\\/edifici-e-location-carrara\\\/teatro-verdi-marconi\\\/\",\"name\":\"Teatro Verdi (Marconi) - Massa Carrara Live\",\"isPartOf\":{\"@id\":\"https:\\\/\\\/massacarrara-live.it\\\/#website\"},\"primaryImageOfPage\":{\"@id\":\"https:\\\/\\\/massacarrara-live.it\\\/index.php\\\/edifici-e-location\\\/edifici-e-location-carrara\\\/teatro-verdi-marconi\\\/#primaryimage\"},\"image\":{\"@id\":\"https:\\\/\\\/massacarrara-live.it\\\/index.php\\\/edifici-e-location\\\/edifici-e-location-carrara\\\/teatro-verdi-marconi\\\/#primaryimage\"},\"thumbnailUrl\":\"http:\\\/\\\/massacarrara-live.it\\\/wp-content\\\/uploads\\\/2019\\\/11\\\/TeatroPoliteamaMarconi-1024x768.png\",\"datePublished\":\"2019-11-29T14:09:23+00:00\",\"dateModified\":\"2019-11-29T14:12:50+00:00\",\"breadcrumb\":{\"@id\":\"https:\\\/\\\/massacarrara-live.it\\\/index.php\\\/edifici-e-location\\\/edifici-e-location-carrara\\\/teatro-verdi-marconi\\\/#breadcrumb\"},\"inLanguage\":\"it-IT\",\"potentialAction\":[{\"@type\":\"ReadAction\",\"target\":[\"https:\\\/\\\/massacarrara-live.it\\\/index.php\\\/edifici-e-location\\\/edifici-e-location-carrara\\\/teatro-verdi-marconi\\\/\"]}]},{\"@type\":\"ImageObject\",\"inLanguage\":\"it-IT\",\"@id\":\"https:\\\/\\\/massacarrara-live.it\\\/index.php\\\/edifici-e-location\\\/edifici-e-location-carrara\\\/teatro-verdi-marconi\\\/#primaryimage\",\"url\":\"http:\\\/\\\/massacarrara-live.it\\\/wp-content\\\/uploads\\\/2019\\\/11\\\/TeatroPoliteamaMarconi-1024x768.png\",\"contentUrl\":\"http:\\\/\\\/massacarrara-live.it\\\/wp-content\\\/uploads\\\/2019\\\/11\\\/TeatroPoliteamaMarconi-1024x768.png\"},{\"@type\":\"BreadcrumbList\",\"@id\":\"https:\\\/\\\/massacarrara-live.it\\\/index.php\\\/edifici-e-location\\\/edifici-e-location-carrara\\\/teatro-verdi-marconi\\\/#breadcrumb\",\"itemListElement\":[{\"@type\":\"ListItem\",\"position\":1,\"name\":\"Home\",\"item\":\"https:\\\/\\\/massacarrara-live.it\\\/\"},{\"@type\":\"ListItem\",\"position\":2,\"name\":\"Edifici e location\",\"item\":\"https:\\\/\\\/massacarrara-live.it\\\/index.php\\\/edifici-e-location\\\/\"},{\"@type\":\"ListItem\",\"position\":3,\"name\":\"Edifici e location Carrara\",\"item\":\"https:\\\/\\\/massacarrara-live.it\\\/index.php\\\/edifici-e-location\\\/edifici-e-location-carrara\\\/\"},{\"@type\":\"ListItem\",\"position\":4,\"name\":\"Teatro Verdi (Marconi)\"}]},{\"@type\":\"WebSite\",\"@id\":\"https:\\\/\\\/massacarrara-live.it\\\/#website\",\"url\":\"https:\\\/\\\/massacarrara-live.it\\\/\",\"name\":\"Massa Carrara Live\",\"description\":\"Informazioni provincia di Massa Carrara\",\"publisher\":{\"@id\":\"https:\\\/\\\/massacarrara-live.it\\\/#organization\"},\"potentialAction\":[{\"@type\":\"SearchAction\",\"target\":{\"@type\":\"EntryPoint\",\"urlTemplate\":\"https:\\\/\\\/massacarrara-live.it\\\/?s={search_term_string}\"},\"query-input\":{\"@type\":\"PropertyValueSpecification\",\"valueRequired\":true,\"valueName\":\"search_term_string\"}}],\"inLanguage\":\"it-IT\"},{\"@type\":\"Organization\",\"@id\":\"https:\\\/\\\/massacarrara-live.it\\\/#organization\",\"name\":\"Global Art Srls\",\"url\":\"https:\\\/\\\/massacarrara-live.it\\\/\",\"logo\":{\"@type\":\"ImageObject\",\"inLanguage\":\"it-IT\",\"@id\":\"https:\\\/\\\/massacarrara-live.it\\\/#\\\/schema\\\/logo\\\/image\\\/\",\"url\":\"https:\\\/\\\/massacarrara-live.it\\\/wp-content\\\/uploads\\\/2020\\\/02\\\/logoNewPic-copia.jpg\",\"contentUrl\":\"https:\\\/\\\/massacarrara-live.it\\\/wp-content\\\/uploads\\\/2020\\\/02\\\/logoNewPic-copia.jpg\",\"width\":1194,\"height\":881,\"caption\":\"Global Art Srls\"},\"image\":{\"@id\":\"https:\\\/\\\/massacarrara-live.it\\\/#\\\/schema\\\/logo\\\/image\\\/\"}}]}<\/script>\n<!-- \/ Yoast SEO plugin. -->","yoast_head_json":{"title":"Teatro Verdi (Marconi) - Massa Carrara Live","robots":{"index":"index","follow":"follow","max-snippet":"max-snippet:-1","max-image-preview":"max-image-preview:large","max-video-preview":"max-video-preview:-1"},"canonical":"https:\/\/massacarrara-live.it\/index.php\/edifici-e-location\/edifici-e-location-carrara\/teatro-verdi-marconi\/","og_locale":"it_IT","og_type":"article","og_title":"Teatro Verdi (Marconi) - Massa Carrara Live","og_description":"E&#8217;situato in Piazza Farini, oggi Matteotti, realizzato su progettazione dell&#8217;ing. Caselli che lo rese all&#8217;avanguardia sotto il profilo acustico, \u00e8 stato inaugurato nel 1892 e pu\u00f2 contenere un migliaio di posti. Per le sue qualit\u00e0 acustiche e per la competenza del suo pubblico, nel passato il teatro veniva scelto per &hellip;","og_url":"https:\/\/massacarrara-live.it\/index.php\/edifici-e-location\/edifici-e-location-carrara\/teatro-verdi-marconi\/","og_site_name":"Massa Carrara Live","article_modified_time":"2019-11-29T14:12:50+00:00","og_image":[{"url":"http:\/\/massacarrara-live.it\/wp-content\/uploads\/2019\/11\/TeatroPoliteamaMarconi-1024x768.png","type":"","width":"","height":""}],"twitter_card":"summary_large_image","schema":{"@context":"https:\/\/schema.org","@graph":[{"@type":"WebPage","@id":"https:\/\/massacarrara-live.it\/index.php\/edifici-e-location\/edifici-e-location-carrara\/teatro-verdi-marconi\/","url":"https:\/\/massacarrara-live.it\/index.php\/edifici-e-location\/edifici-e-location-carrara\/teatro-verdi-marconi\/","name":"Teatro Verdi (Marconi) - Massa Carrara Live","isPartOf":{"@id":"https:\/\/massacarrara-live.it\/#website"},"primaryImageOfPage":{"@id":"https:\/\/massacarrara-live.it\/index.php\/edifici-e-location\/edifici-e-location-carrara\/teatro-verdi-marconi\/#primaryimage"},"image":{"@id":"https:\/\/massacarrara-live.it\/index.php\/edifici-e-location\/edifici-e-location-carrara\/teatro-verdi-marconi\/#primaryimage"},"thumbnailUrl":"http:\/\/massacarrara-live.it\/wp-content\/uploads\/2019\/11\/TeatroPoliteamaMarconi-1024x768.png","datePublished":"2019-11-29T14:09:23+00:00","dateModified":"2019-11-29T14:12:50+00:00","breadcrumb":{"@id":"https:\/\/massacarrara-live.it\/index.php\/edifici-e-location\/edifici-e-location-carrara\/teatro-verdi-marconi\/#breadcrumb"},"inLanguage":"it-IT","potentialAction":[{"@type":"ReadAction","target":["https:\/\/massacarrara-live.it\/index.php\/edifici-e-location\/edifici-e-location-carrara\/teatro-verdi-marconi\/"]}]},{"@type":"ImageObject","inLanguage":"it-IT","@id":"https:\/\/massacarrara-live.it\/index.php\/edifici-e-location\/edifici-e-location-carrara\/teatro-verdi-marconi\/#primaryimage","url":"http:\/\/massacarrara-live.it\/wp-content\/uploads\/2019\/11\/TeatroPoliteamaMarconi-1024x768.png","contentUrl":"http:\/\/massacarrara-live.it\/wp-content\/uploads\/2019\/11\/TeatroPoliteamaMarconi-1024x768.png"},{"@type":"BreadcrumbList","@id":"https:\/\/massacarrara-live.it\/index.php\/edifici-e-location\/edifici-e-location-carrara\/teatro-verdi-marconi\/#breadcrumb","itemListElement":[{"@type":"ListItem","position":1,"name":"Home","item":"https:\/\/massacarrara-live.it\/"},{"@type":"ListItem","position":2,"name":"Edifici e location","item":"https:\/\/massacarrara-live.it\/index.php\/edifici-e-location\/"},{"@type":"ListItem","position":3,"name":"Edifici e location Carrara","item":"https:\/\/massacarrara-live.it\/index.php\/edifici-e-location\/edifici-e-location-carrara\/"},{"@type":"ListItem","position":4,"name":"Teatro Verdi (Marconi)"}]},{"@type":"WebSite","@id":"https:\/\/massacarrara-live.it\/#website","url":"https:\/\/massacarrara-live.it\/","name":"Massa Carrara Live","description":"Informazioni provincia di Massa Carrara","publisher":{"@id":"https:\/\/massacarrara-live.it\/#organization"},"potentialAction":[{"@type":"SearchAction","target":{"@type":"EntryPoint","urlTemplate":"https:\/\/massacarrara-live.it\/?s={search_term_string}"},"query-input":{"@type":"PropertyValueSpecification","valueRequired":true,"valueName":"search_term_string"}}],"inLanguage":"it-IT"},{"@type":"Organization","@id":"https:\/\/massacarrara-live.it\/#organization","name":"Global Art Srls","url":"https:\/\/massacarrara-live.it\/","logo":{"@type":"ImageObject","inLanguage":"it-IT","@id":"https:\/\/massacarrara-live.it\/#\/schema\/logo\/image\/","url":"https:\/\/massacarrara-live.it\/wp-content\/uploads\/2020\/02\/logoNewPic-copia.jpg","contentUrl":"https:\/\/massacarrara-live.it\/wp-content\/uploads\/2020\/02\/logoNewPic-copia.jpg","width":1194,"height":881,"caption":"Global Art Srls"},"image":{"@id":"https:\/\/massacarrara-live.it\/#\/schema\/logo\/image\/"}}]}},"_links":{"self":[{"href":"https:\/\/massacarrara-live.it\/index.php\/wp-json\/wp\/v2\/pages\/472","targetHints":{"allow":["GET"]}}],"collection":[{"href":"https:\/\/massacarrara-live.it\/index.php\/wp-json\/wp\/v2\/pages"}],"about":[{"href":"https:\/\/massacarrara-live.it\/index.php\/wp-json\/wp\/v2\/types\/page"}],"author":[{"embeddable":true,"href":"https:\/\/massacarrara-live.it\/index.php\/wp-json\/wp\/v2\/users\/1"}],"replies":[{"embeddable":true,"href":"https:\/\/massacarrara-live.it\/index.php\/wp-json\/wp\/v2\/comments?post=472"}],"version-history":[{"count":1,"href":"https:\/\/massacarrara-live.it\/index.php\/wp-json\/wp\/v2\/pages\/472\/revisions"}],"predecessor-version":[{"id":483,"href":"https:\/\/massacarrara-live.it\/index.php\/wp-json\/wp\/v2\/pages\/472\/revisions\/483"}],"up":[{"embeddable":true,"href":"https:\/\/massacarrara-live.it\/index.php\/wp-json\/wp\/v2\/pages\/155"}],"wp:attachment":[{"href":"https:\/\/massacarrara-live.it\/index.php\/wp-json\/wp\/v2\/media?parent=472"}],"curies":[{"name":"wp","href":"https:\/\/api.w.org\/{rel}","templated":true}]}}