{"id":453,"date":"2019-11-29T14:00:08","date_gmt":"2019-11-29T14:00:08","guid":{"rendered":"http:\/\/massacarrara-live.it\/?page_id=453"},"modified":"2019-12-12T14:15:34","modified_gmt":"2019-12-12T14:15:34","slug":"piazza-della-conca","status":"publish","type":"page","link":"https:\/\/massacarrara-live.it\/index.php\/edifici-e-location\/edifici-di-interesse-a-massa\/piazza-della-conca\/","title":{"rendered":"Piazza della Conca"},"content":{"rendered":"\n<figure class=\"wp-block-gallery columns-2 is-cropped wp-block-gallery-1 is-layout-flex wp-block-gallery-is-layout-flex\"><ul class=\"blocks-gallery-grid\"><li class=\"blocks-gallery-item\"><figure><a href=\"http:\/\/massacarrara-live.it\/wp-content\/uploads\/2019\/11\/PiazzaConca-1024x768.jpg\"><img fetchpriority=\"high\" decoding=\"async\" width=\"1024\" height=\"768\" src=\"http:\/\/massacarrara-live.it\/wp-content\/uploads\/2019\/11\/PiazzaConca-1024x768.jpg\" alt=\"\" data-id=\"478\" class=\"wp-image-478\" srcset=\"https:\/\/massacarrara-live.it\/wp-content\/uploads\/2019\/11\/PiazzaConca-1024x768.jpg 1024w, https:\/\/massacarrara-live.it\/wp-content\/uploads\/2019\/11\/PiazzaConca-600x450.jpg 600w, https:\/\/massacarrara-live.it\/wp-content\/uploads\/2019\/11\/PiazzaConca-300x225.jpg 300w, https:\/\/massacarrara-live.it\/wp-content\/uploads\/2019\/11\/PiazzaConca-768x576.jpg 768w, https:\/\/massacarrara-live.it\/wp-content\/uploads\/2019\/11\/PiazzaConca-400x300.jpg 400w, https:\/\/massacarrara-live.it\/wp-content\/uploads\/2019\/11\/PiazzaConca.jpg 1059w\" sizes=\"(max-width: 1024px) 100vw, 1024px\" \/><\/a><\/figure><\/li><li class=\"blocks-gallery-item\"><figure><a href=\"http:\/\/massacarrara-live.it\/wp-content\/uploads\/2019\/12\/PConcaNat19.jpg\"><img decoding=\"async\" width=\"1024\" height=\"768\" src=\"http:\/\/massacarrara-live.it\/wp-content\/uploads\/2019\/12\/PConcaNat19-1024x768.jpg\" alt=\"\" data-id=\"843\" data-full-url=\"http:\/\/massacarrara-live.it\/wp-content\/uploads\/2019\/12\/PConcaNat19.jpg\" data-link=\"http:\/\/massacarrara-live.it\/index.php\/edifici-e-location\/edifici-di-interesse-a-massa\/piazza-della-conca\/pconcanat19\/\" class=\"wp-image-843\" srcset=\"https:\/\/massacarrara-live.it\/wp-content\/uploads\/2019\/12\/PConcaNat19-1024x768.jpg 1024w, https:\/\/massacarrara-live.it\/wp-content\/uploads\/2019\/12\/PConcaNat19-300x225.jpg 300w, https:\/\/massacarrara-live.it\/wp-content\/uploads\/2019\/12\/PConcaNat19-768x576.jpg 768w, https:\/\/massacarrara-live.it\/wp-content\/uploads\/2019\/12\/PConcaNat19-400x300.jpg 400w, https:\/\/massacarrara-live.it\/wp-content\/uploads\/2019\/12\/PConcaNat19-600x450.jpg 600w, https:\/\/massacarrara-live.it\/wp-content\/uploads\/2019\/12\/PConcaNat19.jpg 1200w\" sizes=\"(max-width: 1024px) 100vw, 1024px\" \/><\/a><\/figure><\/li><\/ul><\/figure>\n\n\n\n<p>Situata dietro piazza Aranci, \u00e8 una graziosa \u00e8 piazzetta antica dove \u00e8 situata la dimora che diede i natali al famoso Pietro Alessandro Guglielmi musicista (1728-1804) considerato un grande compositore dell&#8217;opera buffa napoletana, scrisse anche drammi sacri e altre composizioni nelle citt\u00e0 di Napoli e Roma<\/p>\n","protected":false},"excerpt":{"rendered":"<p>Situata dietro piazza Aranci, \u00e8 una graziosa \u00e8 piazzetta antica dove \u00e8 situata la dimora che diede i natali al famoso Pietro Alessandro Guglielmi musicista (1728-1804) considerato un grande compositore dell&#8217;opera buffa napoletana, scrisse anche drammi sacri e altre composizioni nelle citt\u00e0 di Napoli e Roma<\/p>\n","protected":false},"author":1,"featured_media":0,"parent":149,"menu_order":0,"comment_status":"closed","ping_status":"closed","template":"","meta":{"footnotes":""},"class_list":["post-453","page","type-page","status-publish","hentry"],"yoast_head":"<!-- This site is optimized with the Yoast SEO plugin v27.4 - https:\/\/yoast.com\/product\/yoast-seo-wordpress\/ -->\n<title>Piazza della Conca - Massa Carrara Live<\/title>\n<meta name=\"robots\" content=\"index, follow, max-snippet:-1, max-image-preview:large, max-video-preview:-1\" \/>\n<link rel=\"canonical\" href=\"https:\/\/massacarrara-live.it\/index.php\/edifici-e-location\/edifici-di-interesse-a-massa\/piazza-della-conca\/\" \/>\n<meta property=\"og:locale\" content=\"it_IT\" \/>\n<meta property=\"og:type\" content=\"article\" \/>\n<meta property=\"og:title\" content=\"Piazza della Conca - Massa Carrara Live\" \/>\n<meta property=\"og:description\" content=\"Situata dietro piazza Aranci, \u00e8 una graziosa \u00e8 piazzetta antica dove \u00e8 situata la dimora che diede i natali al famoso Pietro Alessandro Guglielmi musicista (1728-1804) considerato un grande compositore dell&#8217;opera buffa napoletana, scrisse anche drammi sacri e altre composizioni nelle citt\u00e0 di Napoli e Roma\" \/>\n<meta property=\"og:url\" content=\"https:\/\/massacarrara-live.it\/index.php\/edifici-e-location\/edifici-di-interesse-a-massa\/piazza-della-conca\/\" \/>\n<meta property=\"og:site_name\" content=\"Massa Carrara Live\" \/>\n<meta property=\"article:modified_time\" content=\"2019-12-12T14:15:34+00:00\" \/>\n<meta property=\"og:image\" content=\"http:\/\/massacarrara-live.it\/wp-content\/uploads\/2019\/11\/PiazzaConca-1024x768.jpg\" \/>\n<meta name=\"twitter:card\" content=\"summary_large_image\" \/>\n<script type=\"application\/ld+json\" class=\"yoast-schema-graph\">{\"@context\":\"https:\\\/\\\/schema.org\",\"@graph\":[{\"@type\":\"WebPage\",\"@id\":\"https:\\\/\\\/massacarrara-live.it\\\/index.php\\\/edifici-e-location\\\/edifici-di-interesse-a-massa\\\/piazza-della-conca\\\/\",\"url\":\"https:\\\/\\\/massacarrara-live.it\\\/index.php\\\/edifici-e-location\\\/edifici-di-interesse-a-massa\\\/piazza-della-conca\\\/\",\"name\":\"Piazza della Conca - Massa Carrara Live\",\"isPartOf\":{\"@id\":\"https:\\\/\\\/massacarrara-live.it\\\/#website\"},\"primaryImageOfPage\":{\"@id\":\"https:\\\/\\\/massacarrara-live.it\\\/index.php\\\/edifici-e-location\\\/edifici-di-interesse-a-massa\\\/piazza-della-conca\\\/#primaryimage\"},\"image\":{\"@id\":\"https:\\\/\\\/massacarrara-live.it\\\/index.php\\\/edifici-e-location\\\/edifici-di-interesse-a-massa\\\/piazza-della-conca\\\/#primaryimage\"},\"thumbnailUrl\":\"http:\\\/\\\/massacarrara-live.it\\\/wp-content\\\/uploads\\\/2019\\\/11\\\/PiazzaConca-1024x768.jpg\",\"datePublished\":\"2019-11-29T14:00:08+00:00\",\"dateModified\":\"2019-12-12T14:15:34+00:00\",\"breadcrumb\":{\"@id\":\"https:\\\/\\\/massacarrara-live.it\\\/index.php\\\/edifici-e-location\\\/edifici-di-interesse-a-massa\\\/piazza-della-conca\\\/#breadcrumb\"},\"inLanguage\":\"it-IT\",\"potentialAction\":[{\"@type\":\"ReadAction\",\"target\":[\"https:\\\/\\\/massacarrara-live.it\\\/index.php\\\/edifici-e-location\\\/edifici-di-interesse-a-massa\\\/piazza-della-conca\\\/\"]}]},{\"@type\":\"ImageObject\",\"inLanguage\":\"it-IT\",\"@id\":\"https:\\\/\\\/massacarrara-live.it\\\/index.php\\\/edifici-e-location\\\/edifici-di-interesse-a-massa\\\/piazza-della-conca\\\/#primaryimage\",\"url\":\"http:\\\/\\\/massacarrara-live.it\\\/wp-content\\\/uploads\\\/2019\\\/11\\\/PiazzaConca-1024x768.jpg\",\"contentUrl\":\"http:\\\/\\\/massacarrara-live.it\\\/wp-content\\\/uploads\\\/2019\\\/11\\\/PiazzaConca-1024x768.jpg\"},{\"@type\":\"BreadcrumbList\",\"@id\":\"https:\\\/\\\/massacarrara-live.it\\\/index.php\\\/edifici-e-location\\\/edifici-di-interesse-a-massa\\\/piazza-della-conca\\\/#breadcrumb\",\"itemListElement\":[{\"@type\":\"ListItem\",\"position\":1,\"name\":\"Home\",\"item\":\"https:\\\/\\\/massacarrara-live.it\\\/\"},{\"@type\":\"ListItem\",\"position\":2,\"name\":\"Edifici e location\",\"item\":\"https:\\\/\\\/massacarrara-live.it\\\/index.php\\\/edifici-e-location\\\/\"},{\"@type\":\"ListItem\",\"position\":3,\"name\":\"Edifici di interesse a Massa\",\"item\":\"https:\\\/\\\/massacarrara-live.it\\\/index.php\\\/edifici-e-location\\\/edifici-di-interesse-a-massa\\\/\"},{\"@type\":\"ListItem\",\"position\":4,\"name\":\"Piazza della Conca\"}]},{\"@type\":\"WebSite\",\"@id\":\"https:\\\/\\\/massacarrara-live.it\\\/#website\",\"url\":\"https:\\\/\\\/massacarrara-live.it\\\/\",\"name\":\"Massa Carrara Live\",\"description\":\"Informazioni provincia di Massa Carrara\",\"publisher\":{\"@id\":\"https:\\\/\\\/massacarrara-live.it\\\/#organization\"},\"potentialAction\":[{\"@type\":\"SearchAction\",\"target\":{\"@type\":\"EntryPoint\",\"urlTemplate\":\"https:\\\/\\\/massacarrara-live.it\\\/?s={search_term_string}\"},\"query-input\":{\"@type\":\"PropertyValueSpecification\",\"valueRequired\":true,\"valueName\":\"search_term_string\"}}],\"inLanguage\":\"it-IT\"},{\"@type\":\"Organization\",\"@id\":\"https:\\\/\\\/massacarrara-live.it\\\/#organization\",\"name\":\"Global Art Srls\",\"url\":\"https:\\\/\\\/massacarrara-live.it\\\/\",\"logo\":{\"@type\":\"ImageObject\",\"inLanguage\":\"it-IT\",\"@id\":\"https:\\\/\\\/massacarrara-live.it\\\/#\\\/schema\\\/logo\\\/image\\\/\",\"url\":\"https:\\\/\\\/massacarrara-live.it\\\/wp-content\\\/uploads\\\/2020\\\/02\\\/logoNewPic-copia.jpg\",\"contentUrl\":\"https:\\\/\\\/massacarrara-live.it\\\/wp-content\\\/uploads\\\/2020\\\/02\\\/logoNewPic-copia.jpg\",\"width\":1194,\"height\":881,\"caption\":\"Global Art Srls\"},\"image\":{\"@id\":\"https:\\\/\\\/massacarrara-live.it\\\/#\\\/schema\\\/logo\\\/image\\\/\"}}]}<\/script>\n<!-- \/ Yoast SEO plugin. -->","yoast_head_json":{"title":"Piazza della Conca - Massa Carrara Live","robots":{"index":"index","follow":"follow","max-snippet":"max-snippet:-1","max-image-preview":"max-image-preview:large","max-video-preview":"max-video-preview:-1"},"canonical":"https:\/\/massacarrara-live.it\/index.php\/edifici-e-location\/edifici-di-interesse-a-massa\/piazza-della-conca\/","og_locale":"it_IT","og_type":"article","og_title":"Piazza della Conca - Massa Carrara Live","og_description":"Situata dietro piazza Aranci, \u00e8 una graziosa \u00e8 piazzetta antica dove \u00e8 situata la dimora che diede i natali al famoso Pietro Alessandro Guglielmi musicista (1728-1804) considerato un grande compositore dell&#8217;opera buffa napoletana, scrisse anche drammi sacri e altre composizioni nelle citt\u00e0 di Napoli e Roma","og_url":"https:\/\/massacarrara-live.it\/index.php\/edifici-e-location\/edifici-di-interesse-a-massa\/piazza-della-conca\/","og_site_name":"Massa Carrara Live","article_modified_time":"2019-12-12T14:15:34+00:00","og_image":[{"url":"http:\/\/massacarrara-live.it\/wp-content\/uploads\/2019\/11\/PiazzaConca-1024x768.jpg","type":"","width":"","height":""}],"twitter_card":"summary_large_image","schema":{"@context":"https:\/\/schema.org","@graph":[{"@type":"WebPage","@id":"https:\/\/massacarrara-live.it\/index.php\/edifici-e-location\/edifici-di-interesse-a-massa\/piazza-della-conca\/","url":"https:\/\/massacarrara-live.it\/index.php\/edifici-e-location\/edifici-di-interesse-a-massa\/piazza-della-conca\/","name":"Piazza della Conca - Massa Carrara Live","isPartOf":{"@id":"https:\/\/massacarrara-live.it\/#website"},"primaryImageOfPage":{"@id":"https:\/\/massacarrara-live.it\/index.php\/edifici-e-location\/edifici-di-interesse-a-massa\/piazza-della-conca\/#primaryimage"},"image":{"@id":"https:\/\/massacarrara-live.it\/index.php\/edifici-e-location\/edifici-di-interesse-a-massa\/piazza-della-conca\/#primaryimage"},"thumbnailUrl":"http:\/\/massacarrara-live.it\/wp-content\/uploads\/2019\/11\/PiazzaConca-1024x768.jpg","datePublished":"2019-11-29T14:00:08+00:00","dateModified":"2019-12-12T14:15:34+00:00","breadcrumb":{"@id":"https:\/\/massacarrara-live.it\/index.php\/edifici-e-location\/edifici-di-interesse-a-massa\/piazza-della-conca\/#breadcrumb"},"inLanguage":"it-IT","potentialAction":[{"@type":"ReadAction","target":["https:\/\/massacarrara-live.it\/index.php\/edifici-e-location\/edifici-di-interesse-a-massa\/piazza-della-conca\/"]}]},{"@type":"ImageObject","inLanguage":"it-IT","@id":"https:\/\/massacarrara-live.it\/index.php\/edifici-e-location\/edifici-di-interesse-a-massa\/piazza-della-conca\/#primaryimage","url":"http:\/\/massacarrara-live.it\/wp-content\/uploads\/2019\/11\/PiazzaConca-1024x768.jpg","contentUrl":"http:\/\/massacarrara-live.it\/wp-content\/uploads\/2019\/11\/PiazzaConca-1024x768.jpg"},{"@type":"BreadcrumbList","@id":"https:\/\/massacarrara-live.it\/index.php\/edifici-e-location\/edifici-di-interesse-a-massa\/piazza-della-conca\/#breadcrumb","itemListElement":[{"@type":"ListItem","position":1,"name":"Home","item":"https:\/\/massacarrara-live.it\/"},{"@type":"ListItem","position":2,"name":"Edifici e location","item":"https:\/\/massacarrara-live.it\/index.php\/edifici-e-location\/"},{"@type":"ListItem","position":3,"name":"Edifici di interesse a Massa","item":"https:\/\/massacarrara-live.it\/index.php\/edifici-e-location\/edifici-di-interesse-a-massa\/"},{"@type":"ListItem","position":4,"name":"Piazza della Conca"}]},{"@type":"WebSite","@id":"https:\/\/massacarrara-live.it\/#website","url":"https:\/\/massacarrara-live.it\/","name":"Massa Carrara Live","description":"Informazioni provincia di Massa Carrara","publisher":{"@id":"https:\/\/massacarrara-live.it\/#organization"},"potentialAction":[{"@type":"SearchAction","target":{"@type":"EntryPoint","urlTemplate":"https:\/\/massacarrara-live.it\/?s={search_term_string}"},"query-input":{"@type":"PropertyValueSpecification","valueRequired":true,"valueName":"search_term_string"}}],"inLanguage":"it-IT"},{"@type":"Organization","@id":"https:\/\/massacarrara-live.it\/#organization","name":"Global Art Srls","url":"https:\/\/massacarrara-live.it\/","logo":{"@type":"ImageObject","inLanguage":"it-IT","@id":"https:\/\/massacarrara-live.it\/#\/schema\/logo\/image\/","url":"https:\/\/massacarrara-live.it\/wp-content\/uploads\/2020\/02\/logoNewPic-copia.jpg","contentUrl":"https:\/\/massacarrara-live.it\/wp-content\/uploads\/2020\/02\/logoNewPic-copia.jpg","width":1194,"height":881,"caption":"Global Art Srls"},"image":{"@id":"https:\/\/massacarrara-live.it\/#\/schema\/logo\/image\/"}}]}},"_links":{"self":[{"href":"https:\/\/massacarrara-live.it\/index.php\/wp-json\/wp\/v2\/pages\/453","targetHints":{"allow":["GET"]}}],"collection":[{"href":"https:\/\/massacarrara-live.it\/index.php\/wp-json\/wp\/v2\/pages"}],"about":[{"href":"https:\/\/massacarrara-live.it\/index.php\/wp-json\/wp\/v2\/types\/page"}],"author":[{"embeddable":true,"href":"https:\/\/massacarrara-live.it\/index.php\/wp-json\/wp\/v2\/users\/1"}],"replies":[{"embeddable":true,"href":"https:\/\/massacarrara-live.it\/index.php\/wp-json\/wp\/v2\/comments?post=453"}],"version-history":[{"count":2,"href":"https:\/\/massacarrara-live.it\/index.php\/wp-json\/wp\/v2\/pages\/453\/revisions"}],"predecessor-version":[{"id":844,"href":"https:\/\/massacarrara-live.it\/index.php\/wp-json\/wp\/v2\/pages\/453\/revisions\/844"}],"up":[{"embeddable":true,"href":"https:\/\/massacarrara-live.it\/index.php\/wp-json\/wp\/v2\/pages\/149"}],"wp:attachment":[{"href":"https:\/\/massacarrara-live.it\/index.php\/wp-json\/wp\/v2\/media?parent=453"}],"curies":[{"name":"wp","href":"https:\/\/api.w.org\/{rel}","templated":true}]}}