{"id":382,"date":"2019-11-24T08:22:48","date_gmt":"2019-11-24T08:22:48","guid":{"rendered":"http:\/\/massacarrara-live.it\/?page_id=382"},"modified":"2020-11-17T14:54:50","modified_gmt":"2020-11-17T14:54:50","slug":"villa-massoni","status":"publish","type":"page","link":"https:\/\/massacarrara-live.it\/index.php\/edifici-e-location\/edifici-di-interesse-a-massa\/villa-massoni\/","title":{"rendered":"Villa Massoni"},"content":{"rendered":"\n<div class=\"wp-block-image\"><figure class=\"aligncenter size-large\"><img fetchpriority=\"high\" decoding=\"async\" width=\"680\" height=\"380\" src=\"http:\/\/massacarrara-live.it\/wp-content\/uploads\/2019\/11\/Villa-Massoni3.jpg\" alt=\"\" class=\"wp-image-383\" srcset=\"https:\/\/massacarrara-live.it\/wp-content\/uploads\/2019\/11\/Villa-Massoni3.jpg 680w, https:\/\/massacarrara-live.it\/wp-content\/uploads\/2019\/11\/Villa-Massoni3-600x335.jpg 600w, https:\/\/massacarrara-live.it\/wp-content\/uploads\/2019\/11\/Villa-Massoni3-300x168.jpg 300w, https:\/\/massacarrara-live.it\/wp-content\/uploads\/2019\/11\/Villa-Massoni3-421x235.jpg 421w\" sizes=\"(max-width: 680px) 100vw, 680px\" \/><figcaption><strong>Villa Massoni<\/strong><\/figcaption><\/figure><\/div>\n\n\n\n<p>La&nbsp;<strong>Villa di Volpigliano<\/strong>, o&nbsp;<strong>Villa della Rocca<\/strong>, poi conosciuta come&nbsp;<strong>Villa Massoni<\/strong>, \u00e8 situata in via Rocca a&nbsp;Massa, appena fuori le&nbsp;mura albericiane. Il nucleo originale, molto pi\u00f9 piccolo dell&#8217;attuale, venne edificato nella seconda met\u00e0 del XVI secolo e poi comprato dai Duchi della citt\u00e0 e adibito a compiti di rappresentanza, feste e cerimonie. I cardinali della casa ducale vi risiedevano durante i soggiorni a Massa. <br>Il suo nome deriva dal suo ultimo proprietario e la sua ubicazione si trova nei pressi della Rocca, poco prima della salita che conduce al Castello Malaspina.<\/p>\n\n\n\n<p>Tra la fine del XVI e gli inizi del XVII secolo il nobile genovese Giulio Pacero costru\u00ec, alle pendici del colle di Volpigliano, un edificio come vertice di un ideale triangolo, che unisce il castello ed il palazzo ducale. Si trattava di una struttura che, nell&#8217;impianto, ricordava i palazzi signorili medievali. Costruita su un podio rialzato, la Villa si ergeva per tre piani ed aveva una torretta al lato settentrionale e un piccolo chiostro interno.<br> Nel 1637 la villa \u00e8 stata comprata da Carlo I Cybo-Malaspina che l&#8217;ha acquistata da un nobile genovese, Giulio Pacero. La sua struttura originale, cos\u00ec come \u00e8 possibile vedere da disegni di Massa del 1600, comprendeva una piccola villa con torretta. Fu il duca Carlo II Cybo, verso la fine del secolo XVII, ad ampliarla, rivolgendosi, per i lavori, a Alessandro Bergamini, un architetto di Carrara.<br> Le modifiche che apport\u00f2 furono verso ovest, dove si aggiunsero loggiati, terrazze e scale che seguono il pendio del colle. All&#8217;interno la orn\u00f2 con statue, busti, vasi in marmo alcuni di provenienza locale ed altri dono del Cardinale Alderano Cybo che li port\u00f2 da Ostia. <br> Alderano II, figlio di Carlo, fu costretto, per debiti a vendere i pezzi pi\u00f9 belli al fratello cardinale Camillo e allo Zar Pietro I di Russia.<br> Nel 1771 la villa fu affittata da Antonio Willard, comandante delle truppe modenesi stanziate a Massa il quale ottenne la locazione vitalizia e fece rialzare la facciata dell&#8217;edificio aggiustando anche il tetto.<br> 22 anni dopo, nel 1793, Carlo Giosu\u00e9 Marchelli, un architetto ducale, la prese e vi fece delle nuove migliorie. Verso la fine del secolo la villa fu acquistata dal conte Adolfo Federico Munck, che ne risistem\u00f2 sia la struttura sia l&#8217;esterno facendo anche costruire rimesse per cavalli. <br> Nel 1818 il conte chiese a Maria Beatrice di poter vendere la villa per pagare i suoi debiti e cos\u00ec fu messa all&#8217;asta e venduta 11 anni dopo a Pantalone Del Nero di Carrara che la vendette a Carmelitana Tori.<br><br>Oggi la villa \u00e8 da anni in uno stato di grave abbandono e incuria. \u00c8 stato ipotizzato un acquisto da parte del comune in ordine alla sua rivalorizzazione&nbsp;ma al 2016 la situazione rimane invariata.<\/p>\n\n\n\n<p>Diverse iniziative sono state promosse da associazioni locali, come una raccolta di firme per farla diventare&nbsp;<em>Luogo del cuore<\/em>&nbsp;tramite il sondaggio del&nbsp;FAI. Molto contesa ed al centro di rivalit\u00e0 fra i due eredi, Marco e Piero Casonato, il 1 Novembre 2017 la villa \u00e8 stata posta sotto sequestro dai Carabinieri a seguito dell&#8217;omicidio perpetrato immediatamente fuori dalla cancellata da parte del fratello maggiore Marco Casonato<\/p>\n\n\n\n<p><iframe src=\"https:\/\/www.google.com\/maps\/embed?pb=!1m18!1m12!1m3!1d2868.296327233516!2d10.144826614895063!3d44.03593383561607!2m3!1f0!2f0!3f0!3m2!1i1024!2i768!4f13.1!3m3!1m2!1s0x12d50ec7abb0f2af%3A0x130299bd0c82d156!2sVilla%20Massoni!5e0!3m2!1sit!2sit!4v1605624845256!5m2!1sit!2sit\" width=\"600\" height=\"450\" frameborder=\"0\" style=\"border:0;\" allowfullscreen=\"\" aria-hidden=\"false\" tabindex=\"0\"><\/iframe><\/p>\n","protected":false},"excerpt":{"rendered":"<p>La&nbsp;Villa di Volpigliano, o&nbsp;Villa della Rocca, poi conosciuta come&nbsp;Villa Massoni, \u00e8 situata in via Rocca a&nbsp;Massa, appena fuori le&nbsp;mura albericiane. Il nucleo originale, molto pi\u00f9 piccolo dell&#8217;attuale, venne edificato nella seconda met\u00e0 del XVI secolo e poi comprato dai Duchi della citt\u00e0 e adibito a compiti di rappresentanza, feste e &hellip;<\/p>\n","protected":false},"author":1,"featured_media":385,"parent":149,"menu_order":0,"comment_status":"closed","ping_status":"closed","template":"","meta":{"footnotes":""},"class_list":["post-382","page","type-page","status-publish","has-post-thumbnail","hentry"],"yoast_head":"<!-- This site is optimized with the Yoast SEO plugin v27.4 - https:\/\/yoast.com\/product\/yoast-seo-wordpress\/ -->\n<title>Villa Massoni - Massa Carrara Live<\/title>\n<meta name=\"robots\" content=\"index, follow, max-snippet:-1, max-image-preview:large, max-video-preview:-1\" \/>\n<link rel=\"canonical\" href=\"https:\/\/massacarrara-live.it\/index.php\/edifici-e-location\/edifici-di-interesse-a-massa\/villa-massoni\/\" \/>\n<meta property=\"og:locale\" content=\"it_IT\" \/>\n<meta property=\"og:type\" content=\"article\" \/>\n<meta property=\"og:title\" content=\"Villa Massoni - Massa Carrara Live\" \/>\n<meta property=\"og:description\" content=\"La&nbsp;Villa di Volpigliano, o&nbsp;Villa della Rocca, poi conosciuta come&nbsp;Villa Massoni, \u00e8 situata in via Rocca a&nbsp;Massa, appena fuori le&nbsp;mura albericiane. Il nucleo originale, molto pi\u00f9 piccolo dell&#8217;attuale, venne edificato nella seconda met\u00e0 del XVI secolo e poi comprato dai Duchi della citt\u00e0 e adibito a compiti di rappresentanza, feste e &hellip;\" \/>\n<meta property=\"og:url\" content=\"https:\/\/massacarrara-live.it\/index.php\/edifici-e-location\/edifici-di-interesse-a-massa\/villa-massoni\/\" \/>\n<meta property=\"og:site_name\" content=\"Massa Carrara Live\" \/>\n<meta property=\"article:modified_time\" content=\"2020-11-17T14:54:50+00:00\" \/>\n<meta property=\"og:image\" content=\"https:\/\/massacarrara-live.it\/wp-content\/uploads\/2019\/11\/Villa-Massoni.jpg\" \/>\n\t<meta property=\"og:image:width\" content=\"1200\" \/>\n\t<meta property=\"og:image:height\" content=\"675\" \/>\n\t<meta property=\"og:image:type\" content=\"image\/jpeg\" \/>\n<meta name=\"twitter:card\" content=\"summary_large_image\" \/>\n<meta name=\"twitter:label1\" content=\"Tempo di lettura stimato\" \/>\n\t<meta name=\"twitter:data1\" content=\"3 minuti\" \/>\n<script type=\"application\/ld+json\" class=\"yoast-schema-graph\">{\"@context\":\"https:\\\/\\\/schema.org\",\"@graph\":[{\"@type\":\"WebPage\",\"@id\":\"https:\\\/\\\/massacarrara-live.it\\\/index.php\\\/edifici-e-location\\\/edifici-di-interesse-a-massa\\\/villa-massoni\\\/\",\"url\":\"https:\\\/\\\/massacarrara-live.it\\\/index.php\\\/edifici-e-location\\\/edifici-di-interesse-a-massa\\\/villa-massoni\\\/\",\"name\":\"Villa Massoni - Massa Carrara Live\",\"isPartOf\":{\"@id\":\"https:\\\/\\\/massacarrara-live.it\\\/#website\"},\"primaryImageOfPage\":{\"@id\":\"https:\\\/\\\/massacarrara-live.it\\\/index.php\\\/edifici-e-location\\\/edifici-di-interesse-a-massa\\\/villa-massoni\\\/#primaryimage\"},\"image\":{\"@id\":\"https:\\\/\\\/massacarrara-live.it\\\/index.php\\\/edifici-e-location\\\/edifici-di-interesse-a-massa\\\/villa-massoni\\\/#primaryimage\"},\"thumbnailUrl\":\"https:\\\/\\\/massacarrara-live.it\\\/wp-content\\\/uploads\\\/2019\\\/11\\\/Villa-Massoni.jpg\",\"datePublished\":\"2019-11-24T08:22:48+00:00\",\"dateModified\":\"2020-11-17T14:54:50+00:00\",\"breadcrumb\":{\"@id\":\"https:\\\/\\\/massacarrara-live.it\\\/index.php\\\/edifici-e-location\\\/edifici-di-interesse-a-massa\\\/villa-massoni\\\/#breadcrumb\"},\"inLanguage\":\"it-IT\",\"potentialAction\":[{\"@type\":\"ReadAction\",\"target\":[\"https:\\\/\\\/massacarrara-live.it\\\/index.php\\\/edifici-e-location\\\/edifici-di-interesse-a-massa\\\/villa-massoni\\\/\"]}]},{\"@type\":\"ImageObject\",\"inLanguage\":\"it-IT\",\"@id\":\"https:\\\/\\\/massacarrara-live.it\\\/index.php\\\/edifici-e-location\\\/edifici-di-interesse-a-massa\\\/villa-massoni\\\/#primaryimage\",\"url\":\"https:\\\/\\\/massacarrara-live.it\\\/wp-content\\\/uploads\\\/2019\\\/11\\\/Villa-Massoni.jpg\",\"contentUrl\":\"https:\\\/\\\/massacarrara-live.it\\\/wp-content\\\/uploads\\\/2019\\\/11\\\/Villa-Massoni.jpg\",\"width\":1200,\"height\":675},{\"@type\":\"BreadcrumbList\",\"@id\":\"https:\\\/\\\/massacarrara-live.it\\\/index.php\\\/edifici-e-location\\\/edifici-di-interesse-a-massa\\\/villa-massoni\\\/#breadcrumb\",\"itemListElement\":[{\"@type\":\"ListItem\",\"position\":1,\"name\":\"Home\",\"item\":\"https:\\\/\\\/massacarrara-live.it\\\/\"},{\"@type\":\"ListItem\",\"position\":2,\"name\":\"Edifici e location\",\"item\":\"https:\\\/\\\/massacarrara-live.it\\\/index.php\\\/edifici-e-location\\\/\"},{\"@type\":\"ListItem\",\"position\":3,\"name\":\"Edifici di interesse a Massa\",\"item\":\"https:\\\/\\\/massacarrara-live.it\\\/index.php\\\/edifici-e-location\\\/edifici-di-interesse-a-massa\\\/\"},{\"@type\":\"ListItem\",\"position\":4,\"name\":\"Villa Massoni\"}]},{\"@type\":\"WebSite\",\"@id\":\"https:\\\/\\\/massacarrara-live.it\\\/#website\",\"url\":\"https:\\\/\\\/massacarrara-live.it\\\/\",\"name\":\"Massa Carrara Live\",\"description\":\"Informazioni provincia di Massa Carrara\",\"publisher\":{\"@id\":\"https:\\\/\\\/massacarrara-live.it\\\/#organization\"},\"potentialAction\":[{\"@type\":\"SearchAction\",\"target\":{\"@type\":\"EntryPoint\",\"urlTemplate\":\"https:\\\/\\\/massacarrara-live.it\\\/?s={search_term_string}\"},\"query-input\":{\"@type\":\"PropertyValueSpecification\",\"valueRequired\":true,\"valueName\":\"search_term_string\"}}],\"inLanguage\":\"it-IT\"},{\"@type\":\"Organization\",\"@id\":\"https:\\\/\\\/massacarrara-live.it\\\/#organization\",\"name\":\"Global Art Srls\",\"url\":\"https:\\\/\\\/massacarrara-live.it\\\/\",\"logo\":{\"@type\":\"ImageObject\",\"inLanguage\":\"it-IT\",\"@id\":\"https:\\\/\\\/massacarrara-live.it\\\/#\\\/schema\\\/logo\\\/image\\\/\",\"url\":\"https:\\\/\\\/massacarrara-live.it\\\/wp-content\\\/uploads\\\/2020\\\/02\\\/logoNewPic-copia.jpg\",\"contentUrl\":\"https:\\\/\\\/massacarrara-live.it\\\/wp-content\\\/uploads\\\/2020\\\/02\\\/logoNewPic-copia.jpg\",\"width\":1194,\"height\":881,\"caption\":\"Global Art Srls\"},\"image\":{\"@id\":\"https:\\\/\\\/massacarrara-live.it\\\/#\\\/schema\\\/logo\\\/image\\\/\"}}]}<\/script>\n<!-- \/ Yoast SEO plugin. -->","yoast_head_json":{"title":"Villa Massoni - Massa Carrara Live","robots":{"index":"index","follow":"follow","max-snippet":"max-snippet:-1","max-image-preview":"max-image-preview:large","max-video-preview":"max-video-preview:-1"},"canonical":"https:\/\/massacarrara-live.it\/index.php\/edifici-e-location\/edifici-di-interesse-a-massa\/villa-massoni\/","og_locale":"it_IT","og_type":"article","og_title":"Villa Massoni - Massa Carrara Live","og_description":"La&nbsp;Villa di Volpigliano, o&nbsp;Villa della Rocca, poi conosciuta come&nbsp;Villa Massoni, \u00e8 situata in via Rocca a&nbsp;Massa, appena fuori le&nbsp;mura albericiane. Il nucleo originale, molto pi\u00f9 piccolo dell&#8217;attuale, venne edificato nella seconda met\u00e0 del XVI secolo e poi comprato dai Duchi della citt\u00e0 e adibito a compiti di rappresentanza, feste e &hellip;","og_url":"https:\/\/massacarrara-live.it\/index.php\/edifici-e-location\/edifici-di-interesse-a-massa\/villa-massoni\/","og_site_name":"Massa Carrara Live","article_modified_time":"2020-11-17T14:54:50+00:00","og_image":[{"width":1200,"height":675,"url":"https:\/\/massacarrara-live.it\/wp-content\/uploads\/2019\/11\/Villa-Massoni.jpg","type":"image\/jpeg"}],"twitter_card":"summary_large_image","twitter_misc":{"Tempo di lettura stimato":"3 minuti"},"schema":{"@context":"https:\/\/schema.org","@graph":[{"@type":"WebPage","@id":"https:\/\/massacarrara-live.it\/index.php\/edifici-e-location\/edifici-di-interesse-a-massa\/villa-massoni\/","url":"https:\/\/massacarrara-live.it\/index.php\/edifici-e-location\/edifici-di-interesse-a-massa\/villa-massoni\/","name":"Villa Massoni - Massa Carrara Live","isPartOf":{"@id":"https:\/\/massacarrara-live.it\/#website"},"primaryImageOfPage":{"@id":"https:\/\/massacarrara-live.it\/index.php\/edifici-e-location\/edifici-di-interesse-a-massa\/villa-massoni\/#primaryimage"},"image":{"@id":"https:\/\/massacarrara-live.it\/index.php\/edifici-e-location\/edifici-di-interesse-a-massa\/villa-massoni\/#primaryimage"},"thumbnailUrl":"https:\/\/massacarrara-live.it\/wp-content\/uploads\/2019\/11\/Villa-Massoni.jpg","datePublished":"2019-11-24T08:22:48+00:00","dateModified":"2020-11-17T14:54:50+00:00","breadcrumb":{"@id":"https:\/\/massacarrara-live.it\/index.php\/edifici-e-location\/edifici-di-interesse-a-massa\/villa-massoni\/#breadcrumb"},"inLanguage":"it-IT","potentialAction":[{"@type":"ReadAction","target":["https:\/\/massacarrara-live.it\/index.php\/edifici-e-location\/edifici-di-interesse-a-massa\/villa-massoni\/"]}]},{"@type":"ImageObject","inLanguage":"it-IT","@id":"https:\/\/massacarrara-live.it\/index.php\/edifici-e-location\/edifici-di-interesse-a-massa\/villa-massoni\/#primaryimage","url":"https:\/\/massacarrara-live.it\/wp-content\/uploads\/2019\/11\/Villa-Massoni.jpg","contentUrl":"https:\/\/massacarrara-live.it\/wp-content\/uploads\/2019\/11\/Villa-Massoni.jpg","width":1200,"height":675},{"@type":"BreadcrumbList","@id":"https:\/\/massacarrara-live.it\/index.php\/edifici-e-location\/edifici-di-interesse-a-massa\/villa-massoni\/#breadcrumb","itemListElement":[{"@type":"ListItem","position":1,"name":"Home","item":"https:\/\/massacarrara-live.it\/"},{"@type":"ListItem","position":2,"name":"Edifici e location","item":"https:\/\/massacarrara-live.it\/index.php\/edifici-e-location\/"},{"@type":"ListItem","position":3,"name":"Edifici di interesse a Massa","item":"https:\/\/massacarrara-live.it\/index.php\/edifici-e-location\/edifici-di-interesse-a-massa\/"},{"@type":"ListItem","position":4,"name":"Villa Massoni"}]},{"@type":"WebSite","@id":"https:\/\/massacarrara-live.it\/#website","url":"https:\/\/massacarrara-live.it\/","name":"Massa Carrara Live","description":"Informazioni provincia di Massa Carrara","publisher":{"@id":"https:\/\/massacarrara-live.it\/#organization"},"potentialAction":[{"@type":"SearchAction","target":{"@type":"EntryPoint","urlTemplate":"https:\/\/massacarrara-live.it\/?s={search_term_string}"},"query-input":{"@type":"PropertyValueSpecification","valueRequired":true,"valueName":"search_term_string"}}],"inLanguage":"it-IT"},{"@type":"Organization","@id":"https:\/\/massacarrara-live.it\/#organization","name":"Global Art Srls","url":"https:\/\/massacarrara-live.it\/","logo":{"@type":"ImageObject","inLanguage":"it-IT","@id":"https:\/\/massacarrara-live.it\/#\/schema\/logo\/image\/","url":"https:\/\/massacarrara-live.it\/wp-content\/uploads\/2020\/02\/logoNewPic-copia.jpg","contentUrl":"https:\/\/massacarrara-live.it\/wp-content\/uploads\/2020\/02\/logoNewPic-copia.jpg","width":1194,"height":881,"caption":"Global Art Srls"},"image":{"@id":"https:\/\/massacarrara-live.it\/#\/schema\/logo\/image\/"}}]}},"_links":{"self":[{"href":"https:\/\/massacarrara-live.it\/index.php\/wp-json\/wp\/v2\/pages\/382","targetHints":{"allow":["GET"]}}],"collection":[{"href":"https:\/\/massacarrara-live.it\/index.php\/wp-json\/wp\/v2\/pages"}],"about":[{"href":"https:\/\/massacarrara-live.it\/index.php\/wp-json\/wp\/v2\/types\/page"}],"author":[{"embeddable":true,"href":"https:\/\/massacarrara-live.it\/index.php\/wp-json\/wp\/v2\/users\/1"}],"replies":[{"embeddable":true,"href":"https:\/\/massacarrara-live.it\/index.php\/wp-json\/wp\/v2\/comments?post=382"}],"version-history":[{"count":3,"href":"https:\/\/massacarrara-live.it\/index.php\/wp-json\/wp\/v2\/pages\/382\/revisions"}],"predecessor-version":[{"id":2493,"href":"https:\/\/massacarrara-live.it\/index.php\/wp-json\/wp\/v2\/pages\/382\/revisions\/2493"}],"up":[{"embeddable":true,"href":"https:\/\/massacarrara-live.it\/index.php\/wp-json\/wp\/v2\/pages\/149"}],"wp:featuredmedia":[{"embeddable":true,"href":"https:\/\/massacarrara-live.it\/index.php\/wp-json\/wp\/v2\/media\/385"}],"wp:attachment":[{"href":"https:\/\/massacarrara-live.it\/index.php\/wp-json\/wp\/v2\/media?parent=382"}],"curies":[{"name":"wp","href":"https:\/\/api.w.org\/{rel}","templated":true}]}}