{"id":376,"date":"2019-11-24T08:04:33","date_gmt":"2019-11-24T08:04:33","guid":{"rendered":"http:\/\/massacarrara-live.it\/?page_id=376"},"modified":"2020-11-17T14:56:21","modified_gmt":"2020-11-17T14:56:21","slug":"villa-della-rinchiostra","status":"publish","type":"page","link":"https:\/\/massacarrara-live.it\/index.php\/edifici-e-location\/edifici-di-interesse-a-massa\/villa-della-rinchiostra\/","title":{"rendered":"Villa della Rinchiostra"},"content":{"rendered":"\n<figure class=\"wp-block-image size-large\"><img fetchpriority=\"high\" decoding=\"async\" width=\"917\" height=\"482\" src=\"http:\/\/massacarrara-live.it\/wp-content\/uploads\/2019\/11\/Massa_Villa-La-Rinchiostra-917x482.jpg\" alt=\"\" class=\"wp-image-378\" srcset=\"https:\/\/massacarrara-live.it\/wp-content\/uploads\/2019\/11\/Massa_Villa-La-Rinchiostra-917x482.jpg 917w, https:\/\/massacarrara-live.it\/wp-content\/uploads\/2019\/11\/Massa_Villa-La-Rinchiostra-917x482-600x315.jpg 600w, https:\/\/massacarrara-live.it\/wp-content\/uploads\/2019\/11\/Massa_Villa-La-Rinchiostra-917x482-300x158.jpg 300w, https:\/\/massacarrara-live.it\/wp-content\/uploads\/2019\/11\/Massa_Villa-La-Rinchiostra-917x482-768x404.jpg 768w, https:\/\/massacarrara-live.it\/wp-content\/uploads\/2019\/11\/Massa_Villa-La-Rinchiostra-917x482-421x221.jpg 421w\" sizes=\"(max-width: 917px) 100vw, 917px\" \/><figcaption><strong>Villa della Rinchiostra<\/strong><\/figcaption><\/figure>\n\n\n\n<p>L&#8217;edificio, nato come casino di caccia, venne trasformato in villa per volere di Teresa&nbsp;Pamphili, moglie di&nbsp;Carlo II Cybo-Malaspina, la quale affid\u00f2, nel&nbsp;1675, l&#8217;incarico della realizzazione all&#8217;architetto carrarese&nbsp;Alessandro Bergamini. La villa fu circondata da un ampio giardino, suddiviso in aiuole di&nbsp;bosso, e ornato di fiori, essenze arboree e da un agrumeto composto di&nbsp;limoni,&nbsp;aranci amari, e&nbsp;cedrini.<\/p>\n\n\n\n<p>Alderano I, figlio di Teresa Pamphili, trasform\u00f2 la villa in una sontuosa dimora e imprezios\u00ec il giardino ornandolo con vialetti geometrici, vasi, statue e busti marmorei. La prima mappa catastale del&nbsp;1826&nbsp;mostra il giardino strutturato in quattro aiuole incrociate da viali ortogonali, in cui al centro si colloca una grande vasca. Dal parterre semicircolare antistante la villa, si dipartono lateralmente due percorsi che portano rispettivamente alle scuderie ed all&#8217;ingresso della tenuta. Si presuppone che questo schema coincidesse con quello voluto da Alderano I. Intorno alla met\u00e0 del XVIII secolo inizi\u00f2 il periodo d&#8217;abbandono della villa. Dopo una serie di passaggi di propriet\u00e0, il possedimento fu ceduto, nel&nbsp;1857, a&nbsp;Carlo Lodovico di Borbone, il quale rese splendore alla Rinchiostra ripristinando la villa e facendo risorgere il parco con interventi ispirati al giardino romantico ottocentesco.<\/p>\n\n\n\n<p>Nel&nbsp;1885&nbsp;la villa fu venduta all&#8217;inglese Alfred Lambert, il quale introdusse ulteriori componenti del giardino romantico ottocentesco. Nel&nbsp;1903&nbsp;la Rinchiostra pervenne alla famiglia Robson, la quale si occup\u00f2 pi\u00f9 del parco che della villa, impiantando agrumi a spalliera, camelie, e rose bianche. La grande vasca centrale venne sostituita da quattro vasche pi\u00f9 piccole poste al centro delle aiuole suddivise in triangoli. Dopo i Robson nessun&#8217;altra famiglia ha abitato la villa dei Cybo. Per alcuni anni, fino al 2004, la villa, che dal 1997 appartiene al Comune di Massa, \u00e8 stata sede della biblioteca comunale. Il parco ha perso buona parte del disegno della struttura originaria, solo due delle quattro vasche, disegnate nella mappa dell&#8217;archivio privato dei Robson, sono oggi visibili e solo una delle due met\u00e0 simmetriche dell&#8217;antico disegno \u00e8 giunta ai nostri giorni. Imponenti alberi caratterizzano questo parco: i maestosi&nbsp;lecci&nbsp;del viale centrale, gli spettacolari&nbsp;cedri del Libano, le gigantesche&nbsp;magnolie, gli esotici&nbsp;alberi della canfora, gli&nbsp;eucalipti&nbsp;e le&nbsp;palme. Da segnalare anche i numerosi esemplari, lungo il muro di cinta, di aranci amari, piante che da secoli caratterizzano la citt\u00e0 di Massa.<\/p>\n\n\n\n<p><iframe src=\"https:\/\/www.google.com\/maps\/embed?pb=!1m18!1m12!1m3!1d2869.0399749367025!2d10.12422921489444!3d44.020568436616365!2m3!1f0!2f0!3f0!3m2!1i1024!2i768!4f13.1!3m3!1m2!1s0x12d50ec3f93aadd9%3A0x505b7a6beea75311!2sVilla%20della%20Rinchiostra!5e0!3m2!1sit!2sit!4v1605624965669!5m2!1sit!2sit\" width=\"600\" height=\"450\" frameborder=\"0\" style=\"border:0;\" allowfullscreen=\"\" aria-hidden=\"false\" tabindex=\"0\"><\/iframe><\/p>\n","protected":false},"excerpt":{"rendered":"<p>L&#8217;edificio, nato come casino di caccia, venne trasformato in villa per volere di Teresa&nbsp;Pamphili, moglie di&nbsp;Carlo II Cybo-Malaspina, la quale affid\u00f2, nel&nbsp;1675, l&#8217;incarico della realizzazione all&#8217;architetto carrarese&nbsp;Alessandro Bergamini. La villa fu circondata da un ampio giardino, suddiviso in aiuole di&nbsp;bosso, e ornato di fiori, essenze arboree e da un agrumeto &hellip;<\/p>\n","protected":false},"author":1,"featured_media":379,"parent":149,"menu_order":0,"comment_status":"closed","ping_status":"closed","template":"","meta":{"footnotes":""},"class_list":["post-376","page","type-page","status-publish","has-post-thumbnail","hentry"],"yoast_head":"<!-- This site is optimized with the Yoast SEO plugin v27.4 - https:\/\/yoast.com\/product\/yoast-seo-wordpress\/ -->\n<title>Villa della Rinchiostra - Massa Carrara Live<\/title>\n<meta name=\"robots\" content=\"index, follow, max-snippet:-1, max-image-preview:large, max-video-preview:-1\" \/>\n<link rel=\"canonical\" href=\"https:\/\/massacarrara-live.it\/index.php\/edifici-e-location\/edifici-di-interesse-a-massa\/villa-della-rinchiostra\/\" \/>\n<meta property=\"og:locale\" content=\"it_IT\" \/>\n<meta property=\"og:type\" content=\"article\" \/>\n<meta property=\"og:title\" content=\"Villa della Rinchiostra - Massa Carrara Live\" \/>\n<meta property=\"og:description\" content=\"L&#8217;edificio, nato come casino di caccia, venne trasformato in villa per volere di Teresa&nbsp;Pamphili, moglie di&nbsp;Carlo II Cybo-Malaspina, la quale affid\u00f2, nel&nbsp;1675, l&#8217;incarico della realizzazione all&#8217;architetto carrarese&nbsp;Alessandro Bergamini. La villa fu circondata da un ampio giardino, suddiviso in aiuole di&nbsp;bosso, e ornato di fiori, essenze arboree e da un agrumeto &hellip;\" \/>\n<meta property=\"og:url\" content=\"https:\/\/massacarrara-live.it\/index.php\/edifici-e-location\/edifici-di-interesse-a-massa\/villa-della-rinchiostra\/\" \/>\n<meta property=\"og:site_name\" content=\"Massa Carrara Live\" \/>\n<meta property=\"article:modified_time\" content=\"2020-11-17T14:56:21+00:00\" \/>\n<meta property=\"og:image\" content=\"https:\/\/massacarrara-live.it\/wp-content\/uploads\/2019\/11\/VillaRinchiostra2.jpg\" \/>\n\t<meta property=\"og:image:width\" content=\"1900\" \/>\n\t<meta property=\"og:image:height\" content=\"1139\" \/>\n\t<meta property=\"og:image:type\" content=\"image\/jpeg\" \/>\n<meta name=\"twitter:card\" content=\"summary_large_image\" \/>\n<meta name=\"twitter:label1\" content=\"Tempo di lettura stimato\" \/>\n\t<meta name=\"twitter:data1\" content=\"2 minuti\" \/>\n<script type=\"application\/ld+json\" class=\"yoast-schema-graph\">{\"@context\":\"https:\\\/\\\/schema.org\",\"@graph\":[{\"@type\":\"WebPage\",\"@id\":\"https:\\\/\\\/massacarrara-live.it\\\/index.php\\\/edifici-e-location\\\/edifici-di-interesse-a-massa\\\/villa-della-rinchiostra\\\/\",\"url\":\"https:\\\/\\\/massacarrara-live.it\\\/index.php\\\/edifici-e-location\\\/edifici-di-interesse-a-massa\\\/villa-della-rinchiostra\\\/\",\"name\":\"Villa della Rinchiostra - Massa Carrara Live\",\"isPartOf\":{\"@id\":\"https:\\\/\\\/massacarrara-live.it\\\/#website\"},\"primaryImageOfPage\":{\"@id\":\"https:\\\/\\\/massacarrara-live.it\\\/index.php\\\/edifici-e-location\\\/edifici-di-interesse-a-massa\\\/villa-della-rinchiostra\\\/#primaryimage\"},\"image\":{\"@id\":\"https:\\\/\\\/massacarrara-live.it\\\/index.php\\\/edifici-e-location\\\/edifici-di-interesse-a-massa\\\/villa-della-rinchiostra\\\/#primaryimage\"},\"thumbnailUrl\":\"https:\\\/\\\/massacarrara-live.it\\\/wp-content\\\/uploads\\\/2019\\\/11\\\/VillaRinchiostra2.jpg\",\"datePublished\":\"2019-11-24T08:04:33+00:00\",\"dateModified\":\"2020-11-17T14:56:21+00:00\",\"breadcrumb\":{\"@id\":\"https:\\\/\\\/massacarrara-live.it\\\/index.php\\\/edifici-e-location\\\/edifici-di-interesse-a-massa\\\/villa-della-rinchiostra\\\/#breadcrumb\"},\"inLanguage\":\"it-IT\",\"potentialAction\":[{\"@type\":\"ReadAction\",\"target\":[\"https:\\\/\\\/massacarrara-live.it\\\/index.php\\\/edifici-e-location\\\/edifici-di-interesse-a-massa\\\/villa-della-rinchiostra\\\/\"]}]},{\"@type\":\"ImageObject\",\"inLanguage\":\"it-IT\",\"@id\":\"https:\\\/\\\/massacarrara-live.it\\\/index.php\\\/edifici-e-location\\\/edifici-di-interesse-a-massa\\\/villa-della-rinchiostra\\\/#primaryimage\",\"url\":\"https:\\\/\\\/massacarrara-live.it\\\/wp-content\\\/uploads\\\/2019\\\/11\\\/VillaRinchiostra2.jpg\",\"contentUrl\":\"https:\\\/\\\/massacarrara-live.it\\\/wp-content\\\/uploads\\\/2019\\\/11\\\/VillaRinchiostra2.jpg\",\"width\":1900,\"height\":1139},{\"@type\":\"BreadcrumbList\",\"@id\":\"https:\\\/\\\/massacarrara-live.it\\\/index.php\\\/edifici-e-location\\\/edifici-di-interesse-a-massa\\\/villa-della-rinchiostra\\\/#breadcrumb\",\"itemListElement\":[{\"@type\":\"ListItem\",\"position\":1,\"name\":\"Home\",\"item\":\"https:\\\/\\\/massacarrara-live.it\\\/\"},{\"@type\":\"ListItem\",\"position\":2,\"name\":\"Edifici e location\",\"item\":\"https:\\\/\\\/massacarrara-live.it\\\/index.php\\\/edifici-e-location\\\/\"},{\"@type\":\"ListItem\",\"position\":3,\"name\":\"Edifici di interesse a Massa\",\"item\":\"https:\\\/\\\/massacarrara-live.it\\\/index.php\\\/edifici-e-location\\\/edifici-di-interesse-a-massa\\\/\"},{\"@type\":\"ListItem\",\"position\":4,\"name\":\"Villa della Rinchiostra\"}]},{\"@type\":\"WebSite\",\"@id\":\"https:\\\/\\\/massacarrara-live.it\\\/#website\",\"url\":\"https:\\\/\\\/massacarrara-live.it\\\/\",\"name\":\"Massa Carrara Live\",\"description\":\"Informazioni provincia di Massa Carrara\",\"publisher\":{\"@id\":\"https:\\\/\\\/massacarrara-live.it\\\/#organization\"},\"potentialAction\":[{\"@type\":\"SearchAction\",\"target\":{\"@type\":\"EntryPoint\",\"urlTemplate\":\"https:\\\/\\\/massacarrara-live.it\\\/?s={search_term_string}\"},\"query-input\":{\"@type\":\"PropertyValueSpecification\",\"valueRequired\":true,\"valueName\":\"search_term_string\"}}],\"inLanguage\":\"it-IT\"},{\"@type\":\"Organization\",\"@id\":\"https:\\\/\\\/massacarrara-live.it\\\/#organization\",\"name\":\"Global Art Srls\",\"url\":\"https:\\\/\\\/massacarrara-live.it\\\/\",\"logo\":{\"@type\":\"ImageObject\",\"inLanguage\":\"it-IT\",\"@id\":\"https:\\\/\\\/massacarrara-live.it\\\/#\\\/schema\\\/logo\\\/image\\\/\",\"url\":\"https:\\\/\\\/massacarrara-live.it\\\/wp-content\\\/uploads\\\/2020\\\/02\\\/logoNewPic-copia.jpg\",\"contentUrl\":\"https:\\\/\\\/massacarrara-live.it\\\/wp-content\\\/uploads\\\/2020\\\/02\\\/logoNewPic-copia.jpg\",\"width\":1194,\"height\":881,\"caption\":\"Global Art Srls\"},\"image\":{\"@id\":\"https:\\\/\\\/massacarrara-live.it\\\/#\\\/schema\\\/logo\\\/image\\\/\"}}]}<\/script>\n<!-- \/ Yoast SEO plugin. -->","yoast_head_json":{"title":"Villa della Rinchiostra - Massa Carrara Live","robots":{"index":"index","follow":"follow","max-snippet":"max-snippet:-1","max-image-preview":"max-image-preview:large","max-video-preview":"max-video-preview:-1"},"canonical":"https:\/\/massacarrara-live.it\/index.php\/edifici-e-location\/edifici-di-interesse-a-massa\/villa-della-rinchiostra\/","og_locale":"it_IT","og_type":"article","og_title":"Villa della Rinchiostra - Massa Carrara Live","og_description":"L&#8217;edificio, nato come casino di caccia, venne trasformato in villa per volere di Teresa&nbsp;Pamphili, moglie di&nbsp;Carlo II Cybo-Malaspina, la quale affid\u00f2, nel&nbsp;1675, l&#8217;incarico della realizzazione all&#8217;architetto carrarese&nbsp;Alessandro Bergamini. La villa fu circondata da un ampio giardino, suddiviso in aiuole di&nbsp;bosso, e ornato di fiori, essenze arboree e da un agrumeto &hellip;","og_url":"https:\/\/massacarrara-live.it\/index.php\/edifici-e-location\/edifici-di-interesse-a-massa\/villa-della-rinchiostra\/","og_site_name":"Massa Carrara Live","article_modified_time":"2020-11-17T14:56:21+00:00","og_image":[{"width":1900,"height":1139,"url":"https:\/\/massacarrara-live.it\/wp-content\/uploads\/2019\/11\/VillaRinchiostra2.jpg","type":"image\/jpeg"}],"twitter_card":"summary_large_image","twitter_misc":{"Tempo di lettura stimato":"2 minuti"},"schema":{"@context":"https:\/\/schema.org","@graph":[{"@type":"WebPage","@id":"https:\/\/massacarrara-live.it\/index.php\/edifici-e-location\/edifici-di-interesse-a-massa\/villa-della-rinchiostra\/","url":"https:\/\/massacarrara-live.it\/index.php\/edifici-e-location\/edifici-di-interesse-a-massa\/villa-della-rinchiostra\/","name":"Villa della Rinchiostra - Massa Carrara Live","isPartOf":{"@id":"https:\/\/massacarrara-live.it\/#website"},"primaryImageOfPage":{"@id":"https:\/\/massacarrara-live.it\/index.php\/edifici-e-location\/edifici-di-interesse-a-massa\/villa-della-rinchiostra\/#primaryimage"},"image":{"@id":"https:\/\/massacarrara-live.it\/index.php\/edifici-e-location\/edifici-di-interesse-a-massa\/villa-della-rinchiostra\/#primaryimage"},"thumbnailUrl":"https:\/\/massacarrara-live.it\/wp-content\/uploads\/2019\/11\/VillaRinchiostra2.jpg","datePublished":"2019-11-24T08:04:33+00:00","dateModified":"2020-11-17T14:56:21+00:00","breadcrumb":{"@id":"https:\/\/massacarrara-live.it\/index.php\/edifici-e-location\/edifici-di-interesse-a-massa\/villa-della-rinchiostra\/#breadcrumb"},"inLanguage":"it-IT","potentialAction":[{"@type":"ReadAction","target":["https:\/\/massacarrara-live.it\/index.php\/edifici-e-location\/edifici-di-interesse-a-massa\/villa-della-rinchiostra\/"]}]},{"@type":"ImageObject","inLanguage":"it-IT","@id":"https:\/\/massacarrara-live.it\/index.php\/edifici-e-location\/edifici-di-interesse-a-massa\/villa-della-rinchiostra\/#primaryimage","url":"https:\/\/massacarrara-live.it\/wp-content\/uploads\/2019\/11\/VillaRinchiostra2.jpg","contentUrl":"https:\/\/massacarrara-live.it\/wp-content\/uploads\/2019\/11\/VillaRinchiostra2.jpg","width":1900,"height":1139},{"@type":"BreadcrumbList","@id":"https:\/\/massacarrara-live.it\/index.php\/edifici-e-location\/edifici-di-interesse-a-massa\/villa-della-rinchiostra\/#breadcrumb","itemListElement":[{"@type":"ListItem","position":1,"name":"Home","item":"https:\/\/massacarrara-live.it\/"},{"@type":"ListItem","position":2,"name":"Edifici e location","item":"https:\/\/massacarrara-live.it\/index.php\/edifici-e-location\/"},{"@type":"ListItem","position":3,"name":"Edifici di interesse a Massa","item":"https:\/\/massacarrara-live.it\/index.php\/edifici-e-location\/edifici-di-interesse-a-massa\/"},{"@type":"ListItem","position":4,"name":"Villa della Rinchiostra"}]},{"@type":"WebSite","@id":"https:\/\/massacarrara-live.it\/#website","url":"https:\/\/massacarrara-live.it\/","name":"Massa Carrara Live","description":"Informazioni provincia di Massa Carrara","publisher":{"@id":"https:\/\/massacarrara-live.it\/#organization"},"potentialAction":[{"@type":"SearchAction","target":{"@type":"EntryPoint","urlTemplate":"https:\/\/massacarrara-live.it\/?s={search_term_string}"},"query-input":{"@type":"PropertyValueSpecification","valueRequired":true,"valueName":"search_term_string"}}],"inLanguage":"it-IT"},{"@type":"Organization","@id":"https:\/\/massacarrara-live.it\/#organization","name":"Global Art Srls","url":"https:\/\/massacarrara-live.it\/","logo":{"@type":"ImageObject","inLanguage":"it-IT","@id":"https:\/\/massacarrara-live.it\/#\/schema\/logo\/image\/","url":"https:\/\/massacarrara-live.it\/wp-content\/uploads\/2020\/02\/logoNewPic-copia.jpg","contentUrl":"https:\/\/massacarrara-live.it\/wp-content\/uploads\/2020\/02\/logoNewPic-copia.jpg","width":1194,"height":881,"caption":"Global Art Srls"},"image":{"@id":"https:\/\/massacarrara-live.it\/#\/schema\/logo\/image\/"}}]}},"_links":{"self":[{"href":"https:\/\/massacarrara-live.it\/index.php\/wp-json\/wp\/v2\/pages\/376","targetHints":{"allow":["GET"]}}],"collection":[{"href":"https:\/\/massacarrara-live.it\/index.php\/wp-json\/wp\/v2\/pages"}],"about":[{"href":"https:\/\/massacarrara-live.it\/index.php\/wp-json\/wp\/v2\/types\/page"}],"author":[{"embeddable":true,"href":"https:\/\/massacarrara-live.it\/index.php\/wp-json\/wp\/v2\/users\/1"}],"replies":[{"embeddable":true,"href":"https:\/\/massacarrara-live.it\/index.php\/wp-json\/wp\/v2\/comments?post=376"}],"version-history":[{"count":3,"href":"https:\/\/massacarrara-live.it\/index.php\/wp-json\/wp\/v2\/pages\/376\/revisions"}],"predecessor-version":[{"id":2494,"href":"https:\/\/massacarrara-live.it\/index.php\/wp-json\/wp\/v2\/pages\/376\/revisions\/2494"}],"up":[{"embeddable":true,"href":"https:\/\/massacarrara-live.it\/index.php\/wp-json\/wp\/v2\/pages\/149"}],"wp:featuredmedia":[{"embeddable":true,"href":"https:\/\/massacarrara-live.it\/index.php\/wp-json\/wp\/v2\/media\/379"}],"wp:attachment":[{"href":"https:\/\/massacarrara-live.it\/index.php\/wp-json\/wp\/v2\/media?parent=376"}],"curies":[{"name":"wp","href":"https:\/\/api.w.org\/{rel}","templated":true}]}}