{"id":312,"date":"2019-11-23T08:02:11","date_gmt":"2019-11-23T08:02:11","guid":{"rendered":"http:\/\/massacarrara-live.it\/?page_id=312"},"modified":"2019-11-24T13:28:28","modified_gmt":"2019-11-24T13:28:28","slug":"piazza-darmi","status":"publish","type":"page","link":"https:\/\/massacarrara-live.it\/index.php\/edifici-e-location\/edifici-e-location-carrara\/piazza-darmi\/","title":{"rendered":"Piazza d&#8217;Armi"},"content":{"rendered":"\n<figure class=\"wp-block-gallery columns-2 is-cropped wp-block-gallery-1 is-layout-flex wp-block-gallery-is-layout-flex\"><ul class=\"blocks-gallery-grid\"><li class=\"blocks-gallery-item\"><figure><a href=\"http:\/\/massacarrara-live.it\/wp-content\/uploads\/2019\/11\/Piazza-Darmi.jpg\"><img fetchpriority=\"high\" decoding=\"async\" width=\"640\" height=\"480\" src=\"http:\/\/massacarrara-live.it\/wp-content\/uploads\/2019\/11\/Piazza-Darmi.jpg\" alt=\"\" data-id=\"408\" data-full-url=\"http:\/\/massacarrara-live.it\/wp-content\/uploads\/2019\/11\/Piazza-Darmi.jpg\" data-link=\"http:\/\/massacarrara-live.it\/index.php\/piazza-darmi\/piazza-darmi-2\/\" class=\"wp-image-408\" srcset=\"https:\/\/massacarrara-live.it\/wp-content\/uploads\/2019\/11\/Piazza-Darmi.jpg 640w, https:\/\/massacarrara-live.it\/wp-content\/uploads\/2019\/11\/Piazza-Darmi-600x450.jpg 600w, https:\/\/massacarrara-live.it\/wp-content\/uploads\/2019\/11\/Piazza-Darmi-300x225.jpg 300w, https:\/\/massacarrara-live.it\/wp-content\/uploads\/2019\/11\/Piazza-Darmi-400x300.jpg 400w\" sizes=\"(max-width: 640px) 100vw, 640px\" \/><\/a><\/figure><\/li><li class=\"blocks-gallery-item\"><figure><a href=\"http:\/\/massacarrara-live.it\/wp-content\/uploads\/2019\/11\/PiazzaArmi.jpg\"><img decoding=\"async\" width=\"1024\" height=\"576\" src=\"http:\/\/massacarrara-live.it\/wp-content\/uploads\/2019\/11\/PiazzaArmi-1024x576.jpg\" alt=\"\" data-id=\"409\" data-full-url=\"http:\/\/massacarrara-live.it\/wp-content\/uploads\/2019\/11\/PiazzaArmi.jpg\" data-link=\"http:\/\/massacarrara-live.it\/index.php\/piazza-darmi\/piazzaarmi\/\" class=\"wp-image-409\" srcset=\"https:\/\/massacarrara-live.it\/wp-content\/uploads\/2019\/11\/PiazzaArmi-1024x576.jpg 1024w, https:\/\/massacarrara-live.it\/wp-content\/uploads\/2019\/11\/PiazzaArmi-600x338.jpg 600w, https:\/\/massacarrara-live.it\/wp-content\/uploads\/2019\/11\/PiazzaArmi-300x169.jpg 300w, https:\/\/massacarrara-live.it\/wp-content\/uploads\/2019\/11\/PiazzaArmi-768x432.jpg 768w, https:\/\/massacarrara-live.it\/wp-content\/uploads\/2019\/11\/PiazzaArmi-421x237.jpg 421w, https:\/\/massacarrara-live.it\/wp-content\/uploads\/2019\/11\/PiazzaArmi.jpg 1280w\" sizes=\"(max-width: 1024px) 100vw, 1024px\" \/><\/a><\/figure><\/li><\/ul><figcaption class=\"blocks-gallery-caption\"><strong>Piazza D&#8217;Armi<\/strong><\/figcaption><\/figure>\n\n\n\n<p>Era ed \u00e8 ancora il giardino di Carrara. Anticamente divideva la citt\u00e0 popolare da quella borghese. Al centro \u00e8 posta una vasca con sfera ruotante in marmo opera dello scultore Keneth-Davis e all&#8217;altra estremit\u00e0 del giardino vi \u00e8 collocato il monumento a Pellegrino Rossi opera di Pietro Tenerani nel 1876.<br>Poi come era nel passato \u00e8 stato ricostruito il palco della Musica.<\/p>\n","protected":false},"excerpt":{"rendered":"<p>Era ed \u00e8 ancora il giardino di Carrara. Anticamente divideva la citt\u00e0 popolare da quella borghese. Al centro \u00e8 posta una vasca con sfera ruotante in marmo opera dello scultore Keneth-Davis e all&#8217;altra estremit\u00e0 del giardino vi \u00e8 collocato il monumento a Pellegrino Rossi opera di Pietro Tenerani nel 1876.Poi &hellip;<\/p>\n","protected":false},"author":1,"featured_media":410,"parent":155,"menu_order":0,"comment_status":"closed","ping_status":"closed","template":"","meta":{"footnotes":""},"class_list":["post-312","page","type-page","status-publish","has-post-thumbnail","hentry"],"yoast_head":"<!-- This site is optimized with the Yoast SEO plugin v27.4 - https:\/\/yoast.com\/product\/yoast-seo-wordpress\/ -->\n<title>Piazza d&#039;Armi - Massa Carrara Live<\/title>\n<meta name=\"robots\" content=\"index, follow, max-snippet:-1, max-image-preview:large, max-video-preview:-1\" \/>\n<link rel=\"canonical\" href=\"https:\/\/massacarrara-live.it\/index.php\/edifici-e-location\/edifici-e-location-carrara\/piazza-darmi\/\" \/>\n<meta property=\"og:locale\" content=\"it_IT\" \/>\n<meta property=\"og:type\" content=\"article\" \/>\n<meta property=\"og:title\" content=\"Piazza d&#039;Armi - Massa Carrara Live\" \/>\n<meta property=\"og:description\" content=\"Era ed \u00e8 ancora il giardino di Carrara. Anticamente divideva la citt\u00e0 popolare da quella borghese. Al centro \u00e8 posta una vasca con sfera ruotante in marmo opera dello scultore Keneth-Davis e all&#8217;altra estremit\u00e0 del giardino vi \u00e8 collocato il monumento a Pellegrino Rossi opera di Pietro Tenerani nel 1876.Poi &hellip;\" \/>\n<meta property=\"og:url\" content=\"https:\/\/massacarrara-live.it\/index.php\/edifici-e-location\/edifici-e-location-carrara\/piazza-darmi\/\" \/>\n<meta property=\"og:site_name\" content=\"Massa Carrara Live\" \/>\n<meta property=\"article:modified_time\" content=\"2019-11-24T13:28:28+00:00\" \/>\n<meta property=\"og:image\" content=\"https:\/\/massacarrara-live.it\/wp-content\/uploads\/2019\/11\/piazzaArmi2-1.jpg\" \/>\n\t<meta property=\"og:image:width\" content=\"800\" \/>\n\t<meta property=\"og:image:height\" content=\"533\" \/>\n\t<meta property=\"og:image:type\" content=\"image\/jpeg\" \/>\n<meta name=\"twitter:card\" content=\"summary_large_image\" \/>\n<script type=\"application\/ld+json\" class=\"yoast-schema-graph\">{\"@context\":\"https:\\\/\\\/schema.org\",\"@graph\":[{\"@type\":\"WebPage\",\"@id\":\"https:\\\/\\\/massacarrara-live.it\\\/index.php\\\/edifici-e-location\\\/edifici-e-location-carrara\\\/piazza-darmi\\\/\",\"url\":\"https:\\\/\\\/massacarrara-live.it\\\/index.php\\\/edifici-e-location\\\/edifici-e-location-carrara\\\/piazza-darmi\\\/\",\"name\":\"Piazza d'Armi - Massa Carrara Live\",\"isPartOf\":{\"@id\":\"https:\\\/\\\/massacarrara-live.it\\\/#website\"},\"primaryImageOfPage\":{\"@id\":\"https:\\\/\\\/massacarrara-live.it\\\/index.php\\\/edifici-e-location\\\/edifici-e-location-carrara\\\/piazza-darmi\\\/#primaryimage\"},\"image\":{\"@id\":\"https:\\\/\\\/massacarrara-live.it\\\/index.php\\\/edifici-e-location\\\/edifici-e-location-carrara\\\/piazza-darmi\\\/#primaryimage\"},\"thumbnailUrl\":\"https:\\\/\\\/massacarrara-live.it\\\/wp-content\\\/uploads\\\/2019\\\/11\\\/piazzaArmi2-1.jpg\",\"datePublished\":\"2019-11-23T08:02:11+00:00\",\"dateModified\":\"2019-11-24T13:28:28+00:00\",\"breadcrumb\":{\"@id\":\"https:\\\/\\\/massacarrara-live.it\\\/index.php\\\/edifici-e-location\\\/edifici-e-location-carrara\\\/piazza-darmi\\\/#breadcrumb\"},\"inLanguage\":\"it-IT\",\"potentialAction\":[{\"@type\":\"ReadAction\",\"target\":[\"https:\\\/\\\/massacarrara-live.it\\\/index.php\\\/edifici-e-location\\\/edifici-e-location-carrara\\\/piazza-darmi\\\/\"]}]},{\"@type\":\"ImageObject\",\"inLanguage\":\"it-IT\",\"@id\":\"https:\\\/\\\/massacarrara-live.it\\\/index.php\\\/edifici-e-location\\\/edifici-e-location-carrara\\\/piazza-darmi\\\/#primaryimage\",\"url\":\"https:\\\/\\\/massacarrara-live.it\\\/wp-content\\\/uploads\\\/2019\\\/11\\\/piazzaArmi2-1.jpg\",\"contentUrl\":\"https:\\\/\\\/massacarrara-live.it\\\/wp-content\\\/uploads\\\/2019\\\/11\\\/piazzaArmi2-1.jpg\",\"width\":800,\"height\":533},{\"@type\":\"BreadcrumbList\",\"@id\":\"https:\\\/\\\/massacarrara-live.it\\\/index.php\\\/edifici-e-location\\\/edifici-e-location-carrara\\\/piazza-darmi\\\/#breadcrumb\",\"itemListElement\":[{\"@type\":\"ListItem\",\"position\":1,\"name\":\"Home\",\"item\":\"https:\\\/\\\/massacarrara-live.it\\\/\"},{\"@type\":\"ListItem\",\"position\":2,\"name\":\"Edifici e location\",\"item\":\"https:\\\/\\\/massacarrara-live.it\\\/index.php\\\/edifici-e-location\\\/\"},{\"@type\":\"ListItem\",\"position\":3,\"name\":\"Edifici e location Carrara\",\"item\":\"https:\\\/\\\/massacarrara-live.it\\\/index.php\\\/edifici-e-location\\\/edifici-e-location-carrara\\\/\"},{\"@type\":\"ListItem\",\"position\":4,\"name\":\"Piazza d&#8217;Armi\"}]},{\"@type\":\"WebSite\",\"@id\":\"https:\\\/\\\/massacarrara-live.it\\\/#website\",\"url\":\"https:\\\/\\\/massacarrara-live.it\\\/\",\"name\":\"Massa Carrara Live\",\"description\":\"Informazioni provincia di Massa Carrara\",\"publisher\":{\"@id\":\"https:\\\/\\\/massacarrara-live.it\\\/#organization\"},\"potentialAction\":[{\"@type\":\"SearchAction\",\"target\":{\"@type\":\"EntryPoint\",\"urlTemplate\":\"https:\\\/\\\/massacarrara-live.it\\\/?s={search_term_string}\"},\"query-input\":{\"@type\":\"PropertyValueSpecification\",\"valueRequired\":true,\"valueName\":\"search_term_string\"}}],\"inLanguage\":\"it-IT\"},{\"@type\":\"Organization\",\"@id\":\"https:\\\/\\\/massacarrara-live.it\\\/#organization\",\"name\":\"Global Art Srls\",\"url\":\"https:\\\/\\\/massacarrara-live.it\\\/\",\"logo\":{\"@type\":\"ImageObject\",\"inLanguage\":\"it-IT\",\"@id\":\"https:\\\/\\\/massacarrara-live.it\\\/#\\\/schema\\\/logo\\\/image\\\/\",\"url\":\"https:\\\/\\\/massacarrara-live.it\\\/wp-content\\\/uploads\\\/2020\\\/02\\\/logoNewPic-copia.jpg\",\"contentUrl\":\"https:\\\/\\\/massacarrara-live.it\\\/wp-content\\\/uploads\\\/2020\\\/02\\\/logoNewPic-copia.jpg\",\"width\":1194,\"height\":881,\"caption\":\"Global Art Srls\"},\"image\":{\"@id\":\"https:\\\/\\\/massacarrara-live.it\\\/#\\\/schema\\\/logo\\\/image\\\/\"}}]}<\/script>\n<!-- \/ Yoast SEO plugin. -->","yoast_head_json":{"title":"Piazza d'Armi - Massa Carrara Live","robots":{"index":"index","follow":"follow","max-snippet":"max-snippet:-1","max-image-preview":"max-image-preview:large","max-video-preview":"max-video-preview:-1"},"canonical":"https:\/\/massacarrara-live.it\/index.php\/edifici-e-location\/edifici-e-location-carrara\/piazza-darmi\/","og_locale":"it_IT","og_type":"article","og_title":"Piazza d'Armi - Massa Carrara Live","og_description":"Era ed \u00e8 ancora il giardino di Carrara. Anticamente divideva la citt\u00e0 popolare da quella borghese. Al centro \u00e8 posta una vasca con sfera ruotante in marmo opera dello scultore Keneth-Davis e all&#8217;altra estremit\u00e0 del giardino vi \u00e8 collocato il monumento a Pellegrino Rossi opera di Pietro Tenerani nel 1876.Poi &hellip;","og_url":"https:\/\/massacarrara-live.it\/index.php\/edifici-e-location\/edifici-e-location-carrara\/piazza-darmi\/","og_site_name":"Massa Carrara Live","article_modified_time":"2019-11-24T13:28:28+00:00","og_image":[{"width":800,"height":533,"url":"https:\/\/massacarrara-live.it\/wp-content\/uploads\/2019\/11\/piazzaArmi2-1.jpg","type":"image\/jpeg"}],"twitter_card":"summary_large_image","schema":{"@context":"https:\/\/schema.org","@graph":[{"@type":"WebPage","@id":"https:\/\/massacarrara-live.it\/index.php\/edifici-e-location\/edifici-e-location-carrara\/piazza-darmi\/","url":"https:\/\/massacarrara-live.it\/index.php\/edifici-e-location\/edifici-e-location-carrara\/piazza-darmi\/","name":"Piazza d'Armi - Massa Carrara Live","isPartOf":{"@id":"https:\/\/massacarrara-live.it\/#website"},"primaryImageOfPage":{"@id":"https:\/\/massacarrara-live.it\/index.php\/edifici-e-location\/edifici-e-location-carrara\/piazza-darmi\/#primaryimage"},"image":{"@id":"https:\/\/massacarrara-live.it\/index.php\/edifici-e-location\/edifici-e-location-carrara\/piazza-darmi\/#primaryimage"},"thumbnailUrl":"https:\/\/massacarrara-live.it\/wp-content\/uploads\/2019\/11\/piazzaArmi2-1.jpg","datePublished":"2019-11-23T08:02:11+00:00","dateModified":"2019-11-24T13:28:28+00:00","breadcrumb":{"@id":"https:\/\/massacarrara-live.it\/index.php\/edifici-e-location\/edifici-e-location-carrara\/piazza-darmi\/#breadcrumb"},"inLanguage":"it-IT","potentialAction":[{"@type":"ReadAction","target":["https:\/\/massacarrara-live.it\/index.php\/edifici-e-location\/edifici-e-location-carrara\/piazza-darmi\/"]}]},{"@type":"ImageObject","inLanguage":"it-IT","@id":"https:\/\/massacarrara-live.it\/index.php\/edifici-e-location\/edifici-e-location-carrara\/piazza-darmi\/#primaryimage","url":"https:\/\/massacarrara-live.it\/wp-content\/uploads\/2019\/11\/piazzaArmi2-1.jpg","contentUrl":"https:\/\/massacarrara-live.it\/wp-content\/uploads\/2019\/11\/piazzaArmi2-1.jpg","width":800,"height":533},{"@type":"BreadcrumbList","@id":"https:\/\/massacarrara-live.it\/index.php\/edifici-e-location\/edifici-e-location-carrara\/piazza-darmi\/#breadcrumb","itemListElement":[{"@type":"ListItem","position":1,"name":"Home","item":"https:\/\/massacarrara-live.it\/"},{"@type":"ListItem","position":2,"name":"Edifici e location","item":"https:\/\/massacarrara-live.it\/index.php\/edifici-e-location\/"},{"@type":"ListItem","position":3,"name":"Edifici e location Carrara","item":"https:\/\/massacarrara-live.it\/index.php\/edifici-e-location\/edifici-e-location-carrara\/"},{"@type":"ListItem","position":4,"name":"Piazza d&#8217;Armi"}]},{"@type":"WebSite","@id":"https:\/\/massacarrara-live.it\/#website","url":"https:\/\/massacarrara-live.it\/","name":"Massa Carrara Live","description":"Informazioni provincia di Massa Carrara","publisher":{"@id":"https:\/\/massacarrara-live.it\/#organization"},"potentialAction":[{"@type":"SearchAction","target":{"@type":"EntryPoint","urlTemplate":"https:\/\/massacarrara-live.it\/?s={search_term_string}"},"query-input":{"@type":"PropertyValueSpecification","valueRequired":true,"valueName":"search_term_string"}}],"inLanguage":"it-IT"},{"@type":"Organization","@id":"https:\/\/massacarrara-live.it\/#organization","name":"Global Art Srls","url":"https:\/\/massacarrara-live.it\/","logo":{"@type":"ImageObject","inLanguage":"it-IT","@id":"https:\/\/massacarrara-live.it\/#\/schema\/logo\/image\/","url":"https:\/\/massacarrara-live.it\/wp-content\/uploads\/2020\/02\/logoNewPic-copia.jpg","contentUrl":"https:\/\/massacarrara-live.it\/wp-content\/uploads\/2020\/02\/logoNewPic-copia.jpg","width":1194,"height":881,"caption":"Global Art Srls"},"image":{"@id":"https:\/\/massacarrara-live.it\/#\/schema\/logo\/image\/"}}]}},"_links":{"self":[{"href":"https:\/\/massacarrara-live.it\/index.php\/wp-json\/wp\/v2\/pages\/312","targetHints":{"allow":["GET"]}}],"collection":[{"href":"https:\/\/massacarrara-live.it\/index.php\/wp-json\/wp\/v2\/pages"}],"about":[{"href":"https:\/\/massacarrara-live.it\/index.php\/wp-json\/wp\/v2\/types\/page"}],"author":[{"embeddable":true,"href":"https:\/\/massacarrara-live.it\/index.php\/wp-json\/wp\/v2\/users\/1"}],"replies":[{"embeddable":true,"href":"https:\/\/massacarrara-live.it\/index.php\/wp-json\/wp\/v2\/comments?post=312"}],"version-history":[{"count":3,"href":"https:\/\/massacarrara-live.it\/index.php\/wp-json\/wp\/v2\/pages\/312\/revisions"}],"predecessor-version":[{"id":411,"href":"https:\/\/massacarrara-live.it\/index.php\/wp-json\/wp\/v2\/pages\/312\/revisions\/411"}],"up":[{"embeddable":true,"href":"https:\/\/massacarrara-live.it\/index.php\/wp-json\/wp\/v2\/pages\/155"}],"wp:featuredmedia":[{"embeddable":true,"href":"https:\/\/massacarrara-live.it\/index.php\/wp-json\/wp\/v2\/media\/410"}],"wp:attachment":[{"href":"https:\/\/massacarrara-live.it\/index.php\/wp-json\/wp\/v2\/media?parent=312"}],"curies":[{"name":"wp","href":"https:\/\/api.w.org\/{rel}","templated":true}]}}