{"id":309,"date":"2019-11-23T07:56:10","date_gmt":"2019-11-23T07:56:10","guid":{"rendered":"http:\/\/massacarrara-live.it\/?page_id=309"},"modified":"2020-11-23T17:30:47","modified_gmt":"2020-11-23T17:30:47","slug":"piazza-degli-aranci","status":"publish","type":"page","link":"https:\/\/massacarrara-live.it\/index.php\/edifici-e-location\/edifici-di-interesse-a-massa\/piazza-degli-aranci\/","title":{"rendered":"Piazza degli Aranci"},"content":{"rendered":"\n\n\n\n\n<p>Nei primi decenni del secolo scorso, dopo la demolizione della chiesa di San Pietro, vennero poste doppie file di aranci lungo tre lati della piazza, lasciando libero quello verso il palazzo. Anche il Carducci rimase affascinato da questa piazza, lo testimonia una lettera che scrisse all&#8217;amica Lidia durante il suo soggiorno a Massa nel 1877 :&#8221;Sai che ancora a Massa c&#8217;\u00e8 una piazza tutta circondata da doppi filari di aranci? Sai che questi filari li ha visti mia madre quando era giovine sposa, e che ora li guardo io dalla finestra dell&#8217;albergo? Li guardo: cio\u00e8 guardo i vecchi alberi verdi, ma gli aranci non ci sono ora. Ritorneranno. \u2026.&#8221; La madre del Carducci si spos\u00f2 nel 1834 e vide sicuramente la prima generazione delle piante che hanno ornato la piazza dal 1819. All&#8217;inizio gli aranci scelti erano dolci e vigevano leggi severe per evitare che turisti, passanti e ragazzi se ne appropriassero. Si usava anche raccogliere i frutti e distribuirli all&#8217;ospedale e agli istituti di beneficenza. Successivamente, a causa delle gelate, si preferirono gli aranci amari o &#8220;apputti&#8221;, pi\u00f9 resistenti agli improvvisi abbassamenti della temperatura. L&#8217;obelisco posto al centro della piazza con la fontana, risalgono al 1853. Solo nel 1870 per\u00f2 si abbell\u00ec dei quattro leoni in marmo che furono scolpiti da Giovanni Isola. La piazza ha la particolarit\u00e0 di essere stata usata al tempo della Grande Guerra, come rifugio antiaereo perch\u00e9 al di sotto fu scavata in prossimit\u00e0 dei quattro vertici. Durante l&#8217;opera di escavazione si sono ritrovati i ruderi della vecchia Pieve di San Pietro e del cimitero adiacente.<\/p>\n","protected":false},"excerpt":{"rendered":"<p>Nei primi decenni del secolo scorso, dopo la demolizione della chiesa di San Pietro, vennero poste doppie file di aranci lungo tre lati della piazza, lasciando libero quello verso il palazzo. Anche il Carducci rimase affascinato da questa piazza, lo testimonia una lettera che scrisse all&#8217;amica Lidia durante il suo &hellip;<\/p>\n","protected":false},"author":1,"featured_media":340,"parent":149,"menu_order":0,"comment_status":"closed","ping_status":"closed","template":"","meta":{"footnotes":""},"class_list":["post-309","page","type-page","status-publish","has-post-thumbnail","hentry"],"yoast_head":"<!-- This site is optimized with the Yoast SEO plugin v27.4 - https:\/\/yoast.com\/product\/yoast-seo-wordpress\/ -->\n<title>Piazza degli Aranci - Massa Carrara Live<\/title>\n<meta name=\"robots\" content=\"index, follow, max-snippet:-1, max-image-preview:large, max-video-preview:-1\" \/>\n<link rel=\"canonical\" href=\"https:\/\/massacarrara-live.it\/index.php\/edifici-e-location\/edifici-di-interesse-a-massa\/piazza-degli-aranci\/\" \/>\n<meta property=\"og:locale\" content=\"it_IT\" \/>\n<meta property=\"og:type\" content=\"article\" \/>\n<meta property=\"og:title\" content=\"Piazza degli Aranci - Massa Carrara Live\" \/>\n<meta property=\"og:description\" content=\"Nei primi decenni del secolo scorso, dopo la demolizione della chiesa di San Pietro, vennero poste doppie file di aranci lungo tre lati della piazza, lasciando libero quello verso il palazzo. Anche il Carducci rimase affascinato da questa piazza, lo testimonia una lettera che scrisse all&#8217;amica Lidia durante il suo &hellip;\" \/>\n<meta property=\"og:url\" content=\"https:\/\/massacarrara-live.it\/index.php\/edifici-e-location\/edifici-di-interesse-a-massa\/piazza-degli-aranci\/\" \/>\n<meta property=\"og:site_name\" content=\"Massa Carrara Live\" \/>\n<meta property=\"article:modified_time\" content=\"2020-11-23T17:30:47+00:00\" \/>\n<meta property=\"og:image\" content=\"https:\/\/massacarrara-live.it\/wp-content\/uploads\/2019\/11\/piazzaAranci.jpg\" \/>\n\t<meta property=\"og:image:width\" content=\"1200\" \/>\n\t<meta property=\"og:image:height\" content=\"769\" \/>\n\t<meta property=\"og:image:type\" content=\"image\/jpeg\" \/>\n<meta name=\"twitter:card\" content=\"summary_large_image\" \/>\n<meta name=\"twitter:label1\" content=\"Tempo di lettura stimato\" \/>\n\t<meta name=\"twitter:data1\" content=\"1 minuto\" \/>\n<script type=\"application\/ld+json\" class=\"yoast-schema-graph\">{\"@context\":\"https:\\\/\\\/schema.org\",\"@graph\":[{\"@type\":\"WebPage\",\"@id\":\"https:\\\/\\\/massacarrara-live.it\\\/index.php\\\/edifici-e-location\\\/edifici-di-interesse-a-massa\\\/piazza-degli-aranci\\\/\",\"url\":\"https:\\\/\\\/massacarrara-live.it\\\/index.php\\\/edifici-e-location\\\/edifici-di-interesse-a-massa\\\/piazza-degli-aranci\\\/\",\"name\":\"Piazza degli Aranci - Massa Carrara Live\",\"isPartOf\":{\"@id\":\"https:\\\/\\\/massacarrara-live.it\\\/#website\"},\"primaryImageOfPage\":{\"@id\":\"https:\\\/\\\/massacarrara-live.it\\\/index.php\\\/edifici-e-location\\\/edifici-di-interesse-a-massa\\\/piazza-degli-aranci\\\/#primaryimage\"},\"image\":{\"@id\":\"https:\\\/\\\/massacarrara-live.it\\\/index.php\\\/edifici-e-location\\\/edifici-di-interesse-a-massa\\\/piazza-degli-aranci\\\/#primaryimage\"},\"thumbnailUrl\":\"https:\\\/\\\/massacarrara-live.it\\\/wp-content\\\/uploads\\\/2019\\\/11\\\/piazzaAranci.jpg\",\"datePublished\":\"2019-11-23T07:56:10+00:00\",\"dateModified\":\"2020-11-23T17:30:47+00:00\",\"breadcrumb\":{\"@id\":\"https:\\\/\\\/massacarrara-live.it\\\/index.php\\\/edifici-e-location\\\/edifici-di-interesse-a-massa\\\/piazza-degli-aranci\\\/#breadcrumb\"},\"inLanguage\":\"it-IT\",\"potentialAction\":[{\"@type\":\"ReadAction\",\"target\":[\"https:\\\/\\\/massacarrara-live.it\\\/index.php\\\/edifici-e-location\\\/edifici-di-interesse-a-massa\\\/piazza-degli-aranci\\\/\"]}]},{\"@type\":\"ImageObject\",\"inLanguage\":\"it-IT\",\"@id\":\"https:\\\/\\\/massacarrara-live.it\\\/index.php\\\/edifici-e-location\\\/edifici-di-interesse-a-massa\\\/piazza-degli-aranci\\\/#primaryimage\",\"url\":\"https:\\\/\\\/massacarrara-live.it\\\/wp-content\\\/uploads\\\/2019\\\/11\\\/piazzaAranci.jpg\",\"contentUrl\":\"https:\\\/\\\/massacarrara-live.it\\\/wp-content\\\/uploads\\\/2019\\\/11\\\/piazzaAranci.jpg\",\"width\":1200,\"height\":769},{\"@type\":\"BreadcrumbList\",\"@id\":\"https:\\\/\\\/massacarrara-live.it\\\/index.php\\\/edifici-e-location\\\/edifici-di-interesse-a-massa\\\/piazza-degli-aranci\\\/#breadcrumb\",\"itemListElement\":[{\"@type\":\"ListItem\",\"position\":1,\"name\":\"Home\",\"item\":\"https:\\\/\\\/massacarrara-live.it\\\/\"},{\"@type\":\"ListItem\",\"position\":2,\"name\":\"Edifici e location\",\"item\":\"https:\\\/\\\/massacarrara-live.it\\\/index.php\\\/edifici-e-location\\\/\"},{\"@type\":\"ListItem\",\"position\":3,\"name\":\"Edifici di interesse a Massa\",\"item\":\"https:\\\/\\\/massacarrara-live.it\\\/index.php\\\/edifici-e-location\\\/edifici-di-interesse-a-massa\\\/\"},{\"@type\":\"ListItem\",\"position\":4,\"name\":\"Piazza degli Aranci\"}]},{\"@type\":\"WebSite\",\"@id\":\"https:\\\/\\\/massacarrara-live.it\\\/#website\",\"url\":\"https:\\\/\\\/massacarrara-live.it\\\/\",\"name\":\"Massa Carrara Live\",\"description\":\"Informazioni provincia di Massa Carrara\",\"publisher\":{\"@id\":\"https:\\\/\\\/massacarrara-live.it\\\/#organization\"},\"potentialAction\":[{\"@type\":\"SearchAction\",\"target\":{\"@type\":\"EntryPoint\",\"urlTemplate\":\"https:\\\/\\\/massacarrara-live.it\\\/?s={search_term_string}\"},\"query-input\":{\"@type\":\"PropertyValueSpecification\",\"valueRequired\":true,\"valueName\":\"search_term_string\"}}],\"inLanguage\":\"it-IT\"},{\"@type\":\"Organization\",\"@id\":\"https:\\\/\\\/massacarrara-live.it\\\/#organization\",\"name\":\"Global Art Srls\",\"url\":\"https:\\\/\\\/massacarrara-live.it\\\/\",\"logo\":{\"@type\":\"ImageObject\",\"inLanguage\":\"it-IT\",\"@id\":\"https:\\\/\\\/massacarrara-live.it\\\/#\\\/schema\\\/logo\\\/image\\\/\",\"url\":\"https:\\\/\\\/massacarrara-live.it\\\/wp-content\\\/uploads\\\/2020\\\/02\\\/logoNewPic-copia.jpg\",\"contentUrl\":\"https:\\\/\\\/massacarrara-live.it\\\/wp-content\\\/uploads\\\/2020\\\/02\\\/logoNewPic-copia.jpg\",\"width\":1194,\"height\":881,\"caption\":\"Global Art Srls\"},\"image\":{\"@id\":\"https:\\\/\\\/massacarrara-live.it\\\/#\\\/schema\\\/logo\\\/image\\\/\"}}]}<\/script>\n<!-- \/ Yoast SEO plugin. -->","yoast_head_json":{"title":"Piazza degli Aranci - Massa Carrara Live","robots":{"index":"index","follow":"follow","max-snippet":"max-snippet:-1","max-image-preview":"max-image-preview:large","max-video-preview":"max-video-preview:-1"},"canonical":"https:\/\/massacarrara-live.it\/index.php\/edifici-e-location\/edifici-di-interesse-a-massa\/piazza-degli-aranci\/","og_locale":"it_IT","og_type":"article","og_title":"Piazza degli Aranci - Massa Carrara Live","og_description":"Nei primi decenni del secolo scorso, dopo la demolizione della chiesa di San Pietro, vennero poste doppie file di aranci lungo tre lati della piazza, lasciando libero quello verso il palazzo. Anche il Carducci rimase affascinato da questa piazza, lo testimonia una lettera che scrisse all&#8217;amica Lidia durante il suo &hellip;","og_url":"https:\/\/massacarrara-live.it\/index.php\/edifici-e-location\/edifici-di-interesse-a-massa\/piazza-degli-aranci\/","og_site_name":"Massa Carrara Live","article_modified_time":"2020-11-23T17:30:47+00:00","og_image":[{"width":1200,"height":769,"url":"https:\/\/massacarrara-live.it\/wp-content\/uploads\/2019\/11\/piazzaAranci.jpg","type":"image\/jpeg"}],"twitter_card":"summary_large_image","twitter_misc":{"Tempo di lettura stimato":"1 minuto"},"schema":{"@context":"https:\/\/schema.org","@graph":[{"@type":"WebPage","@id":"https:\/\/massacarrara-live.it\/index.php\/edifici-e-location\/edifici-di-interesse-a-massa\/piazza-degli-aranci\/","url":"https:\/\/massacarrara-live.it\/index.php\/edifici-e-location\/edifici-di-interesse-a-massa\/piazza-degli-aranci\/","name":"Piazza degli Aranci - Massa Carrara Live","isPartOf":{"@id":"https:\/\/massacarrara-live.it\/#website"},"primaryImageOfPage":{"@id":"https:\/\/massacarrara-live.it\/index.php\/edifici-e-location\/edifici-di-interesse-a-massa\/piazza-degli-aranci\/#primaryimage"},"image":{"@id":"https:\/\/massacarrara-live.it\/index.php\/edifici-e-location\/edifici-di-interesse-a-massa\/piazza-degli-aranci\/#primaryimage"},"thumbnailUrl":"https:\/\/massacarrara-live.it\/wp-content\/uploads\/2019\/11\/piazzaAranci.jpg","datePublished":"2019-11-23T07:56:10+00:00","dateModified":"2020-11-23T17:30:47+00:00","breadcrumb":{"@id":"https:\/\/massacarrara-live.it\/index.php\/edifici-e-location\/edifici-di-interesse-a-massa\/piazza-degli-aranci\/#breadcrumb"},"inLanguage":"it-IT","potentialAction":[{"@type":"ReadAction","target":["https:\/\/massacarrara-live.it\/index.php\/edifici-e-location\/edifici-di-interesse-a-massa\/piazza-degli-aranci\/"]}]},{"@type":"ImageObject","inLanguage":"it-IT","@id":"https:\/\/massacarrara-live.it\/index.php\/edifici-e-location\/edifici-di-interesse-a-massa\/piazza-degli-aranci\/#primaryimage","url":"https:\/\/massacarrara-live.it\/wp-content\/uploads\/2019\/11\/piazzaAranci.jpg","contentUrl":"https:\/\/massacarrara-live.it\/wp-content\/uploads\/2019\/11\/piazzaAranci.jpg","width":1200,"height":769},{"@type":"BreadcrumbList","@id":"https:\/\/massacarrara-live.it\/index.php\/edifici-e-location\/edifici-di-interesse-a-massa\/piazza-degli-aranci\/#breadcrumb","itemListElement":[{"@type":"ListItem","position":1,"name":"Home","item":"https:\/\/massacarrara-live.it\/"},{"@type":"ListItem","position":2,"name":"Edifici e location","item":"https:\/\/massacarrara-live.it\/index.php\/edifici-e-location\/"},{"@type":"ListItem","position":3,"name":"Edifici di interesse a Massa","item":"https:\/\/massacarrara-live.it\/index.php\/edifici-e-location\/edifici-di-interesse-a-massa\/"},{"@type":"ListItem","position":4,"name":"Piazza degli Aranci"}]},{"@type":"WebSite","@id":"https:\/\/massacarrara-live.it\/#website","url":"https:\/\/massacarrara-live.it\/","name":"Massa Carrara Live","description":"Informazioni provincia di Massa Carrara","publisher":{"@id":"https:\/\/massacarrara-live.it\/#organization"},"potentialAction":[{"@type":"SearchAction","target":{"@type":"EntryPoint","urlTemplate":"https:\/\/massacarrara-live.it\/?s={search_term_string}"},"query-input":{"@type":"PropertyValueSpecification","valueRequired":true,"valueName":"search_term_string"}}],"inLanguage":"it-IT"},{"@type":"Organization","@id":"https:\/\/massacarrara-live.it\/#organization","name":"Global Art Srls","url":"https:\/\/massacarrara-live.it\/","logo":{"@type":"ImageObject","inLanguage":"it-IT","@id":"https:\/\/massacarrara-live.it\/#\/schema\/logo\/image\/","url":"https:\/\/massacarrara-live.it\/wp-content\/uploads\/2020\/02\/logoNewPic-copia.jpg","contentUrl":"https:\/\/massacarrara-live.it\/wp-content\/uploads\/2020\/02\/logoNewPic-copia.jpg","width":1194,"height":881,"caption":"Global Art Srls"},"image":{"@id":"https:\/\/massacarrara-live.it\/#\/schema\/logo\/image\/"}}]}},"_links":{"self":[{"href":"https:\/\/massacarrara-live.it\/index.php\/wp-json\/wp\/v2\/pages\/309","targetHints":{"allow":["GET"]}}],"collection":[{"href":"https:\/\/massacarrara-live.it\/index.php\/wp-json\/wp\/v2\/pages"}],"about":[{"href":"https:\/\/massacarrara-live.it\/index.php\/wp-json\/wp\/v2\/types\/page"}],"author":[{"embeddable":true,"href":"https:\/\/massacarrara-live.it\/index.php\/wp-json\/wp\/v2\/users\/1"}],"replies":[{"embeddable":true,"href":"https:\/\/massacarrara-live.it\/index.php\/wp-json\/wp\/v2\/comments?post=309"}],"version-history":[{"count":5,"href":"https:\/\/massacarrara-live.it\/index.php\/wp-json\/wp\/v2\/pages\/309\/revisions"}],"predecessor-version":[{"id":2514,"href":"https:\/\/massacarrara-live.it\/index.php\/wp-json\/wp\/v2\/pages\/309\/revisions\/2514"}],"up":[{"embeddable":true,"href":"https:\/\/massacarrara-live.it\/index.php\/wp-json\/wp\/v2\/pages\/149"}],"wp:featuredmedia":[{"embeddable":true,"href":"https:\/\/massacarrara-live.it\/index.php\/wp-json\/wp\/v2\/media\/340"}],"wp:attachment":[{"href":"https:\/\/massacarrara-live.it\/index.php\/wp-json\/wp\/v2\/media?parent=309"}],"curies":[{"name":"wp","href":"https:\/\/api.w.org\/{rel}","templated":true}]}}