{"id":302,"date":"2019-11-23T07:47:21","date_gmt":"2019-11-23T07:47:21","guid":{"rendered":"http:\/\/massacarrara-live.it\/?page_id=302"},"modified":"2019-11-24T13:20:04","modified_gmt":"2019-11-24T13:20:04","slug":"piazza-del-duomo","status":"publish","type":"page","link":"https:\/\/massacarrara-live.it\/index.php\/edifici-e-location\/edifici-e-location-carrara\/piazza-del-duomo\/","title":{"rendered":"Piazza del Duomo"},"content":{"rendered":"\n<div class=\"wp-block-image\"><figure class=\"aligncenter size-large\"><img fetchpriority=\"high\" decoding=\"async\" width=\"640\" height=\"480\" src=\"http:\/\/massacarrara-live.it\/wp-content\/uploads\/2019\/11\/Piazza_Duomo_Carrara.jpg\" alt=\"\" class=\"wp-image-403\" srcset=\"https:\/\/massacarrara-live.it\/wp-content\/uploads\/2019\/11\/Piazza_Duomo_Carrara.jpg 640w, https:\/\/massacarrara-live.it\/wp-content\/uploads\/2019\/11\/Piazza_Duomo_Carrara-600x450.jpg 600w, https:\/\/massacarrara-live.it\/wp-content\/uploads\/2019\/11\/Piazza_Duomo_Carrara-300x225.jpg 300w, https:\/\/massacarrara-live.it\/wp-content\/uploads\/2019\/11\/Piazza_Duomo_Carrara-400x300.jpg 400w\" sizes=\"(max-width: 640px) 100vw, 640px\" \/><figcaption><strong>Piazza Duomo<\/strong><\/figcaption><\/figure><\/div>\n\n\n\n<p>Elemento caratteristico di piazza del Duomo \u00e8 la fontana del Gigante, cos\u00ec chiamata perch\u00e8 sormontata da una statua di Andrea Doria, ritratto nei panni di Nettuno.<\/p>\n\n\n\n<p>L&#8217; opera, commissionata dalla Repubblica di Genova allo scultore Baccio Bandinelli, avrebbe dovuto celebrare le qualit\u00e0 marinare del celebre condottiero genovese. Il Bandinelli si rec\u00f2 a Carrara e fece la scelta di raffigurare il Doria con le sembianze del dio pagano: la cosa per\u00f2 non piacque ai Genovesi, la statua non fu mai ritirata (anche se il Bandinelli riusc\u00ec comunque a farsi pagare) e la citt\u00e0 di Carrara decise di tenersela e di adoperarla per ornare una delle piazze cittadine.<\/p>\n","protected":false},"excerpt":{"rendered":"<p>Elemento caratteristico di piazza del Duomo \u00e8 la fontana del Gigante, cos\u00ec chiamata perch\u00e8 sormontata da una statua di Andrea Doria, ritratto nei panni di Nettuno. L&#8217; opera, commissionata dalla Repubblica di Genova allo scultore Baccio Bandinelli, avrebbe dovuto celebrare le qualit\u00e0 marinare del celebre condottiero genovese. Il Bandinelli si &hellip;<\/p>\n","protected":false},"author":1,"featured_media":404,"parent":155,"menu_order":0,"comment_status":"closed","ping_status":"closed","template":"","meta":{"footnotes":""},"class_list":["post-302","page","type-page","status-publish","has-post-thumbnail","hentry"],"yoast_head":"<!-- This site is optimized with the Yoast SEO plugin v27.4 - https:\/\/yoast.com\/product\/yoast-seo-wordpress\/ -->\n<title>Piazza del Duomo - Massa Carrara Live<\/title>\n<meta name=\"robots\" content=\"index, follow, max-snippet:-1, max-image-preview:large, max-video-preview:-1\" \/>\n<link rel=\"canonical\" href=\"https:\/\/massacarrara-live.it\/index.php\/edifici-e-location\/edifici-e-location-carrara\/piazza-del-duomo\/\" \/>\n<meta property=\"og:locale\" content=\"it_IT\" \/>\n<meta property=\"og:type\" content=\"article\" \/>\n<meta property=\"og:title\" content=\"Piazza del Duomo - Massa Carrara Live\" \/>\n<meta property=\"og:description\" content=\"Elemento caratteristico di piazza del Duomo \u00e8 la fontana del Gigante, cos\u00ec chiamata perch\u00e8 sormontata da una statua di Andrea Doria, ritratto nei panni di Nettuno. L&#8217; opera, commissionata dalla Repubblica di Genova allo scultore Baccio Bandinelli, avrebbe dovuto celebrare le qualit\u00e0 marinare del celebre condottiero genovese. Il Bandinelli si &hellip;\" \/>\n<meta property=\"og:url\" content=\"https:\/\/massacarrara-live.it\/index.php\/edifici-e-location\/edifici-e-location-carrara\/piazza-del-duomo\/\" \/>\n<meta property=\"og:site_name\" content=\"Massa Carrara Live\" \/>\n<meta property=\"article:modified_time\" content=\"2019-11-24T13:20:04+00:00\" \/>\n<meta property=\"og:image\" content=\"https:\/\/massacarrara-live.it\/wp-content\/uploads\/2019\/11\/Piazzaduomo.jpg\" \/>\n\t<meta property=\"og:image:width\" content=\"550\" \/>\n\t<meta property=\"og:image:height\" content=\"412\" \/>\n\t<meta property=\"og:image:type\" content=\"image\/jpeg\" \/>\n<meta name=\"twitter:card\" content=\"summary_large_image\" \/>\n<meta name=\"twitter:label1\" content=\"Tempo di lettura stimato\" \/>\n\t<meta name=\"twitter:data1\" content=\"1 minuto\" \/>\n<script type=\"application\/ld+json\" class=\"yoast-schema-graph\">{\"@context\":\"https:\\\/\\\/schema.org\",\"@graph\":[{\"@type\":\"WebPage\",\"@id\":\"https:\\\/\\\/massacarrara-live.it\\\/index.php\\\/edifici-e-location\\\/edifici-e-location-carrara\\\/piazza-del-duomo\\\/\",\"url\":\"https:\\\/\\\/massacarrara-live.it\\\/index.php\\\/edifici-e-location\\\/edifici-e-location-carrara\\\/piazza-del-duomo\\\/\",\"name\":\"Piazza del Duomo - Massa Carrara Live\",\"isPartOf\":{\"@id\":\"https:\\\/\\\/massacarrara-live.it\\\/#website\"},\"primaryImageOfPage\":{\"@id\":\"https:\\\/\\\/massacarrara-live.it\\\/index.php\\\/edifici-e-location\\\/edifici-e-location-carrara\\\/piazza-del-duomo\\\/#primaryimage\"},\"image\":{\"@id\":\"https:\\\/\\\/massacarrara-live.it\\\/index.php\\\/edifici-e-location\\\/edifici-e-location-carrara\\\/piazza-del-duomo\\\/#primaryimage\"},\"thumbnailUrl\":\"https:\\\/\\\/massacarrara-live.it\\\/wp-content\\\/uploads\\\/2019\\\/11\\\/Piazzaduomo.jpg\",\"datePublished\":\"2019-11-23T07:47:21+00:00\",\"dateModified\":\"2019-11-24T13:20:04+00:00\",\"breadcrumb\":{\"@id\":\"https:\\\/\\\/massacarrara-live.it\\\/index.php\\\/edifici-e-location\\\/edifici-e-location-carrara\\\/piazza-del-duomo\\\/#breadcrumb\"},\"inLanguage\":\"it-IT\",\"potentialAction\":[{\"@type\":\"ReadAction\",\"target\":[\"https:\\\/\\\/massacarrara-live.it\\\/index.php\\\/edifici-e-location\\\/edifici-e-location-carrara\\\/piazza-del-duomo\\\/\"]}]},{\"@type\":\"ImageObject\",\"inLanguage\":\"it-IT\",\"@id\":\"https:\\\/\\\/massacarrara-live.it\\\/index.php\\\/edifici-e-location\\\/edifici-e-location-carrara\\\/piazza-del-duomo\\\/#primaryimage\",\"url\":\"https:\\\/\\\/massacarrara-live.it\\\/wp-content\\\/uploads\\\/2019\\\/11\\\/Piazzaduomo.jpg\",\"contentUrl\":\"https:\\\/\\\/massacarrara-live.it\\\/wp-content\\\/uploads\\\/2019\\\/11\\\/Piazzaduomo.jpg\",\"width\":550,\"height\":412},{\"@type\":\"BreadcrumbList\",\"@id\":\"https:\\\/\\\/massacarrara-live.it\\\/index.php\\\/edifici-e-location\\\/edifici-e-location-carrara\\\/piazza-del-duomo\\\/#breadcrumb\",\"itemListElement\":[{\"@type\":\"ListItem\",\"position\":1,\"name\":\"Home\",\"item\":\"https:\\\/\\\/massacarrara-live.it\\\/\"},{\"@type\":\"ListItem\",\"position\":2,\"name\":\"Edifici e location\",\"item\":\"https:\\\/\\\/massacarrara-live.it\\\/index.php\\\/edifici-e-location\\\/\"},{\"@type\":\"ListItem\",\"position\":3,\"name\":\"Edifici e location Carrara\",\"item\":\"https:\\\/\\\/massacarrara-live.it\\\/index.php\\\/edifici-e-location\\\/edifici-e-location-carrara\\\/\"},{\"@type\":\"ListItem\",\"position\":4,\"name\":\"Piazza del Duomo\"}]},{\"@type\":\"WebSite\",\"@id\":\"https:\\\/\\\/massacarrara-live.it\\\/#website\",\"url\":\"https:\\\/\\\/massacarrara-live.it\\\/\",\"name\":\"Massa Carrara Live\",\"description\":\"Informazioni provincia di Massa Carrara\",\"publisher\":{\"@id\":\"https:\\\/\\\/massacarrara-live.it\\\/#organization\"},\"potentialAction\":[{\"@type\":\"SearchAction\",\"target\":{\"@type\":\"EntryPoint\",\"urlTemplate\":\"https:\\\/\\\/massacarrara-live.it\\\/?s={search_term_string}\"},\"query-input\":{\"@type\":\"PropertyValueSpecification\",\"valueRequired\":true,\"valueName\":\"search_term_string\"}}],\"inLanguage\":\"it-IT\"},{\"@type\":\"Organization\",\"@id\":\"https:\\\/\\\/massacarrara-live.it\\\/#organization\",\"name\":\"Global Art Srls\",\"url\":\"https:\\\/\\\/massacarrara-live.it\\\/\",\"logo\":{\"@type\":\"ImageObject\",\"inLanguage\":\"it-IT\",\"@id\":\"https:\\\/\\\/massacarrara-live.it\\\/#\\\/schema\\\/logo\\\/image\\\/\",\"url\":\"https:\\\/\\\/massacarrara-live.it\\\/wp-content\\\/uploads\\\/2020\\\/02\\\/logoNewPic-copia.jpg\",\"contentUrl\":\"https:\\\/\\\/massacarrara-live.it\\\/wp-content\\\/uploads\\\/2020\\\/02\\\/logoNewPic-copia.jpg\",\"width\":1194,\"height\":881,\"caption\":\"Global Art Srls\"},\"image\":{\"@id\":\"https:\\\/\\\/massacarrara-live.it\\\/#\\\/schema\\\/logo\\\/image\\\/\"}}]}<\/script>\n<!-- \/ Yoast SEO plugin. -->","yoast_head_json":{"title":"Piazza del Duomo - Massa Carrara Live","robots":{"index":"index","follow":"follow","max-snippet":"max-snippet:-1","max-image-preview":"max-image-preview:large","max-video-preview":"max-video-preview:-1"},"canonical":"https:\/\/massacarrara-live.it\/index.php\/edifici-e-location\/edifici-e-location-carrara\/piazza-del-duomo\/","og_locale":"it_IT","og_type":"article","og_title":"Piazza del Duomo - Massa Carrara Live","og_description":"Elemento caratteristico di piazza del Duomo \u00e8 la fontana del Gigante, cos\u00ec chiamata perch\u00e8 sormontata da una statua di Andrea Doria, ritratto nei panni di Nettuno. L&#8217; opera, commissionata dalla Repubblica di Genova allo scultore Baccio Bandinelli, avrebbe dovuto celebrare le qualit\u00e0 marinare del celebre condottiero genovese. Il Bandinelli si &hellip;","og_url":"https:\/\/massacarrara-live.it\/index.php\/edifici-e-location\/edifici-e-location-carrara\/piazza-del-duomo\/","og_site_name":"Massa Carrara Live","article_modified_time":"2019-11-24T13:20:04+00:00","og_image":[{"width":550,"height":412,"url":"https:\/\/massacarrara-live.it\/wp-content\/uploads\/2019\/11\/Piazzaduomo.jpg","type":"image\/jpeg"}],"twitter_card":"summary_large_image","twitter_misc":{"Tempo di lettura stimato":"1 minuto"},"schema":{"@context":"https:\/\/schema.org","@graph":[{"@type":"WebPage","@id":"https:\/\/massacarrara-live.it\/index.php\/edifici-e-location\/edifici-e-location-carrara\/piazza-del-duomo\/","url":"https:\/\/massacarrara-live.it\/index.php\/edifici-e-location\/edifici-e-location-carrara\/piazza-del-duomo\/","name":"Piazza del Duomo - Massa Carrara Live","isPartOf":{"@id":"https:\/\/massacarrara-live.it\/#website"},"primaryImageOfPage":{"@id":"https:\/\/massacarrara-live.it\/index.php\/edifici-e-location\/edifici-e-location-carrara\/piazza-del-duomo\/#primaryimage"},"image":{"@id":"https:\/\/massacarrara-live.it\/index.php\/edifici-e-location\/edifici-e-location-carrara\/piazza-del-duomo\/#primaryimage"},"thumbnailUrl":"https:\/\/massacarrara-live.it\/wp-content\/uploads\/2019\/11\/Piazzaduomo.jpg","datePublished":"2019-11-23T07:47:21+00:00","dateModified":"2019-11-24T13:20:04+00:00","breadcrumb":{"@id":"https:\/\/massacarrara-live.it\/index.php\/edifici-e-location\/edifici-e-location-carrara\/piazza-del-duomo\/#breadcrumb"},"inLanguage":"it-IT","potentialAction":[{"@type":"ReadAction","target":["https:\/\/massacarrara-live.it\/index.php\/edifici-e-location\/edifici-e-location-carrara\/piazza-del-duomo\/"]}]},{"@type":"ImageObject","inLanguage":"it-IT","@id":"https:\/\/massacarrara-live.it\/index.php\/edifici-e-location\/edifici-e-location-carrara\/piazza-del-duomo\/#primaryimage","url":"https:\/\/massacarrara-live.it\/wp-content\/uploads\/2019\/11\/Piazzaduomo.jpg","contentUrl":"https:\/\/massacarrara-live.it\/wp-content\/uploads\/2019\/11\/Piazzaduomo.jpg","width":550,"height":412},{"@type":"BreadcrumbList","@id":"https:\/\/massacarrara-live.it\/index.php\/edifici-e-location\/edifici-e-location-carrara\/piazza-del-duomo\/#breadcrumb","itemListElement":[{"@type":"ListItem","position":1,"name":"Home","item":"https:\/\/massacarrara-live.it\/"},{"@type":"ListItem","position":2,"name":"Edifici e location","item":"https:\/\/massacarrara-live.it\/index.php\/edifici-e-location\/"},{"@type":"ListItem","position":3,"name":"Edifici e location Carrara","item":"https:\/\/massacarrara-live.it\/index.php\/edifici-e-location\/edifici-e-location-carrara\/"},{"@type":"ListItem","position":4,"name":"Piazza del Duomo"}]},{"@type":"WebSite","@id":"https:\/\/massacarrara-live.it\/#website","url":"https:\/\/massacarrara-live.it\/","name":"Massa Carrara Live","description":"Informazioni provincia di Massa Carrara","publisher":{"@id":"https:\/\/massacarrara-live.it\/#organization"},"potentialAction":[{"@type":"SearchAction","target":{"@type":"EntryPoint","urlTemplate":"https:\/\/massacarrara-live.it\/?s={search_term_string}"},"query-input":{"@type":"PropertyValueSpecification","valueRequired":true,"valueName":"search_term_string"}}],"inLanguage":"it-IT"},{"@type":"Organization","@id":"https:\/\/massacarrara-live.it\/#organization","name":"Global Art Srls","url":"https:\/\/massacarrara-live.it\/","logo":{"@type":"ImageObject","inLanguage":"it-IT","@id":"https:\/\/massacarrara-live.it\/#\/schema\/logo\/image\/","url":"https:\/\/massacarrara-live.it\/wp-content\/uploads\/2020\/02\/logoNewPic-copia.jpg","contentUrl":"https:\/\/massacarrara-live.it\/wp-content\/uploads\/2020\/02\/logoNewPic-copia.jpg","width":1194,"height":881,"caption":"Global Art Srls"},"image":{"@id":"https:\/\/massacarrara-live.it\/#\/schema\/logo\/image\/"}}]}},"_links":{"self":[{"href":"https:\/\/massacarrara-live.it\/index.php\/wp-json\/wp\/v2\/pages\/302","targetHints":{"allow":["GET"]}}],"collection":[{"href":"https:\/\/massacarrara-live.it\/index.php\/wp-json\/wp\/v2\/pages"}],"about":[{"href":"https:\/\/massacarrara-live.it\/index.php\/wp-json\/wp\/v2\/types\/page"}],"author":[{"embeddable":true,"href":"https:\/\/massacarrara-live.it\/index.php\/wp-json\/wp\/v2\/users\/1"}],"replies":[{"embeddable":true,"href":"https:\/\/massacarrara-live.it\/index.php\/wp-json\/wp\/v2\/comments?post=302"}],"version-history":[{"count":2,"href":"https:\/\/massacarrara-live.it\/index.php\/wp-json\/wp\/v2\/pages\/302\/revisions"}],"predecessor-version":[{"id":405,"href":"https:\/\/massacarrara-live.it\/index.php\/wp-json\/wp\/v2\/pages\/302\/revisions\/405"}],"up":[{"embeddable":true,"href":"https:\/\/massacarrara-live.it\/index.php\/wp-json\/wp\/v2\/pages\/155"}],"wp:featuredmedia":[{"embeddable":true,"href":"https:\/\/massacarrara-live.it\/index.php\/wp-json\/wp\/v2\/media\/404"}],"wp:attachment":[{"href":"https:\/\/massacarrara-live.it\/index.php\/wp-json\/wp\/v2\/media?parent=302"}],"curies":[{"name":"wp","href":"https:\/\/api.w.org\/{rel}","templated":true}]}}