{"id":298,"date":"2019-11-23T07:38:10","date_gmt":"2019-11-23T07:38:10","guid":{"rendered":"http:\/\/massacarrara-live.it\/?page_id=298"},"modified":"2019-11-24T07:46:19","modified_gmt":"2019-11-24T07:46:19","slug":"santuario-della-misericordia","status":"publish","type":"page","link":"https:\/\/massacarrara-live.it\/index.php\/edifici-e-location\/edifici-di-interesse-a-massa\/santuario-della-misericordia\/","title":{"rendered":"Santuario della Misericordia"},"content":{"rendered":"\n<div class=\"wp-block-image\"><figure class=\"aligncenter size-large\"><img fetchpriority=\"high\" decoding=\"async\" width=\"606\" height=\"444\" src=\"http:\/\/massacarrara-live.it\/wp-content\/uploads\/2019\/11\/Chiesa-Misericordia-3.jpg\" alt=\"\" class=\"wp-image-370\" srcset=\"https:\/\/massacarrara-live.it\/wp-content\/uploads\/2019\/11\/Chiesa-Misericordia-3.jpg 606w, https:\/\/massacarrara-live.it\/wp-content\/uploads\/2019\/11\/Chiesa-Misericordia-3-600x440.jpg 600w, https:\/\/massacarrara-live.it\/wp-content\/uploads\/2019\/11\/Chiesa-Misericordia-3-300x220.jpg 300w, https:\/\/massacarrara-live.it\/wp-content\/uploads\/2019\/11\/Chiesa-Misericordia-3-409x300.jpg 409w\" sizes=\"(max-width: 606px) 100vw, 606px\" \/><figcaption><strong>Santuario della Misericordia<\/strong><\/figcaption><\/figure><\/div>\n\n\n\n<p>Nell&#8217;archivio della Curia Lunense vi \u00e8 una lettera datata 30 ottobre 1628 che fa intendere che questa chiesa all&#8217;inizio era semplicemente un oratorio costruito per la nuova immagine della Beatissima Vergine detta della Misericordia che fece la sua prima apparizione ad un pastore di Padova. La Chiesa sembra sia stata eretta per ringraziare la Vergine per la fine di una siccit\u00e0 durata parecchi mesi nel 1627.<br>\nI massesi, infatti, durante questo periodo fecero una processione che partendo dalla Chiesa abbaziale di Piazza Aranci and\u00f2 fino all&#8217;edicola della Madonna della Misericordia e giunti davanti alla venerata effigie iniziarono le loro litanie luterane. Subito dalle prime invocazioni si vide apparire sul cielo di bronzo una nuvoletta perpendicolare alla sacra edicola che allargandosi gradatamente, sul finire delle litanie, rovesci\u00f2 sulla zona un abbondante acquazzone per circa mezz&#8217;ora. Un altro miracolo che si attribuisce alla Madonna \u00e8 quello di aver salvato la popolazione dalla peste che colp\u00ec duramente alcune regioni italiane. Fu il Duca Carlo dei Cybo Malaspina a dare l&#8217;incarico all&#8217;Architetto Raffaello Locci, canonico della Collegiata di San Pietro, di preparare il disegno del nuovo tempio. La chiesa fu inziata alla fine del 1628 su un terreno &#8220;fuori le mura&#8221; che fu finito di pagare nel 1629. L&#8217;affresco della Madonna, risalente al 1627, fu ufficialmente trasferito nella chiesa il 14 marzo 1630. <br>\nVenne consacrata sei anni dopo il Cardinale Gian Domenico Spinola, Vescovo di Sarzana. Negli anni 40 del 1600 la chiesa sostenne molte spese per essere finita: si costru\u00ec il primo campanile, venne innalzata sulla lanterna la palla di rame con croce, si commission\u00f2 la tela di S. Giovanni Battista al pittore Mattelli.<br>\nLe reliquie dei santi che si trovano al suo interno, vi sono state collocate nel 1659.<br>\nL&#8217;ingresso alla Chiesa fu comunque possibile solo nel 1744 dopo la bonifica della zona antistante e possiamo dire che l&#8217;edificio acquist\u00f2 in questo periodo l&#8217;aspetto che ha ancora oggi. <\/p>\n\n\n\n<p>L&#8217;ultima opera fu l&#8217;organo collocato in Chiesa nel 1775. <br>\nAl suo interno vi sono notevoli opere in marmo come un lavandino di sagrestia opera del seicento o un&#8217;acquasantiera in marmo donata dalla citt\u00e0 di Carrara e dipinti di grandi pittori dell&#8217;epoca come:<\/p>\n\n\n\n<p>&#8220;La Nativit\u00e0&#8221; di Cardi Cigoli, <\/p>\n\n\n\n<p>&#8220;La Madonna della neve&#8221; di Francesco Fiasella detto il Sarzano.<\/p>\n","protected":false},"excerpt":{"rendered":"<p>Nell&#8217;archivio della Curia Lunense vi \u00e8 una lettera datata 30 ottobre 1628 che fa intendere che questa chiesa all&#8217;inizio era semplicemente un oratorio costruito per la nuova immagine della Beatissima Vergine detta della Misericordia che fece la sua prima apparizione ad un pastore di Padova. La Chiesa sembra sia stata &hellip;<\/p>\n","protected":false},"author":1,"featured_media":0,"parent":149,"menu_order":0,"comment_status":"closed","ping_status":"closed","template":"","meta":{"footnotes":""},"class_list":["post-298","page","type-page","status-publish","hentry"],"yoast_head":"<!-- This site is optimized with the Yoast SEO plugin v27.4 - https:\/\/yoast.com\/product\/yoast-seo-wordpress\/ -->\n<title>Santuario della Misericordia - Massa Carrara Live<\/title>\n<meta name=\"robots\" content=\"index, follow, max-snippet:-1, max-image-preview:large, max-video-preview:-1\" \/>\n<link rel=\"canonical\" href=\"https:\/\/massacarrara-live.it\/index.php\/edifici-e-location\/edifici-di-interesse-a-massa\/santuario-della-misericordia\/\" \/>\n<meta property=\"og:locale\" content=\"it_IT\" \/>\n<meta property=\"og:type\" content=\"article\" \/>\n<meta property=\"og:title\" content=\"Santuario della Misericordia - Massa Carrara Live\" \/>\n<meta property=\"og:description\" content=\"Nell&#8217;archivio della Curia Lunense vi \u00e8 una lettera datata 30 ottobre 1628 che fa intendere che questa chiesa all&#8217;inizio era semplicemente un oratorio costruito per la nuova immagine della Beatissima Vergine detta della Misericordia che fece la sua prima apparizione ad un pastore di Padova. La Chiesa sembra sia stata &hellip;\" \/>\n<meta property=\"og:url\" content=\"https:\/\/massacarrara-live.it\/index.php\/edifici-e-location\/edifici-di-interesse-a-massa\/santuario-della-misericordia\/\" \/>\n<meta property=\"og:site_name\" content=\"Massa Carrara Live\" \/>\n<meta property=\"article:modified_time\" content=\"2019-11-24T07:46:19+00:00\" \/>\n<meta property=\"og:image\" content=\"http:\/\/massacarrara-live.it\/wp-content\/uploads\/2019\/11\/Chiesa-Misericordia-3.jpg\" \/>\n<meta name=\"twitter:card\" content=\"summary_large_image\" \/>\n<meta name=\"twitter:label1\" content=\"Tempo di lettura stimato\" \/>\n\t<meta name=\"twitter:data1\" content=\"2 minuti\" \/>\n<script type=\"application\/ld+json\" class=\"yoast-schema-graph\">{\"@context\":\"https:\\\/\\\/schema.org\",\"@graph\":[{\"@type\":\"WebPage\",\"@id\":\"https:\\\/\\\/massacarrara-live.it\\\/index.php\\\/edifici-e-location\\\/edifici-di-interesse-a-massa\\\/santuario-della-misericordia\\\/\",\"url\":\"https:\\\/\\\/massacarrara-live.it\\\/index.php\\\/edifici-e-location\\\/edifici-di-interesse-a-massa\\\/santuario-della-misericordia\\\/\",\"name\":\"Santuario della Misericordia - Massa Carrara Live\",\"isPartOf\":{\"@id\":\"https:\\\/\\\/massacarrara-live.it\\\/#website\"},\"primaryImageOfPage\":{\"@id\":\"https:\\\/\\\/massacarrara-live.it\\\/index.php\\\/edifici-e-location\\\/edifici-di-interesse-a-massa\\\/santuario-della-misericordia\\\/#primaryimage\"},\"image\":{\"@id\":\"https:\\\/\\\/massacarrara-live.it\\\/index.php\\\/edifici-e-location\\\/edifici-di-interesse-a-massa\\\/santuario-della-misericordia\\\/#primaryimage\"},\"thumbnailUrl\":\"http:\\\/\\\/massacarrara-live.it\\\/wp-content\\\/uploads\\\/2019\\\/11\\\/Chiesa-Misericordia-3.jpg\",\"datePublished\":\"2019-11-23T07:38:10+00:00\",\"dateModified\":\"2019-11-24T07:46:19+00:00\",\"breadcrumb\":{\"@id\":\"https:\\\/\\\/massacarrara-live.it\\\/index.php\\\/edifici-e-location\\\/edifici-di-interesse-a-massa\\\/santuario-della-misericordia\\\/#breadcrumb\"},\"inLanguage\":\"it-IT\",\"potentialAction\":[{\"@type\":\"ReadAction\",\"target\":[\"https:\\\/\\\/massacarrara-live.it\\\/index.php\\\/edifici-e-location\\\/edifici-di-interesse-a-massa\\\/santuario-della-misericordia\\\/\"]}]},{\"@type\":\"ImageObject\",\"inLanguage\":\"it-IT\",\"@id\":\"https:\\\/\\\/massacarrara-live.it\\\/index.php\\\/edifici-e-location\\\/edifici-di-interesse-a-massa\\\/santuario-della-misericordia\\\/#primaryimage\",\"url\":\"http:\\\/\\\/massacarrara-live.it\\\/wp-content\\\/uploads\\\/2019\\\/11\\\/Chiesa-Misericordia-3.jpg\",\"contentUrl\":\"http:\\\/\\\/massacarrara-live.it\\\/wp-content\\\/uploads\\\/2019\\\/11\\\/Chiesa-Misericordia-3.jpg\"},{\"@type\":\"BreadcrumbList\",\"@id\":\"https:\\\/\\\/massacarrara-live.it\\\/index.php\\\/edifici-e-location\\\/edifici-di-interesse-a-massa\\\/santuario-della-misericordia\\\/#breadcrumb\",\"itemListElement\":[{\"@type\":\"ListItem\",\"position\":1,\"name\":\"Home\",\"item\":\"https:\\\/\\\/massacarrara-live.it\\\/\"},{\"@type\":\"ListItem\",\"position\":2,\"name\":\"Edifici e location\",\"item\":\"https:\\\/\\\/massacarrara-live.it\\\/index.php\\\/edifici-e-location\\\/\"},{\"@type\":\"ListItem\",\"position\":3,\"name\":\"Edifici di interesse a Massa\",\"item\":\"https:\\\/\\\/massacarrara-live.it\\\/index.php\\\/edifici-e-location\\\/edifici-di-interesse-a-massa\\\/\"},{\"@type\":\"ListItem\",\"position\":4,\"name\":\"Santuario della Misericordia\"}]},{\"@type\":\"WebSite\",\"@id\":\"https:\\\/\\\/massacarrara-live.it\\\/#website\",\"url\":\"https:\\\/\\\/massacarrara-live.it\\\/\",\"name\":\"Massa Carrara Live\",\"description\":\"Informazioni provincia di Massa Carrara\",\"publisher\":{\"@id\":\"https:\\\/\\\/massacarrara-live.it\\\/#organization\"},\"potentialAction\":[{\"@type\":\"SearchAction\",\"target\":{\"@type\":\"EntryPoint\",\"urlTemplate\":\"https:\\\/\\\/massacarrara-live.it\\\/?s={search_term_string}\"},\"query-input\":{\"@type\":\"PropertyValueSpecification\",\"valueRequired\":true,\"valueName\":\"search_term_string\"}}],\"inLanguage\":\"it-IT\"},{\"@type\":\"Organization\",\"@id\":\"https:\\\/\\\/massacarrara-live.it\\\/#organization\",\"name\":\"Global Art Srls\",\"url\":\"https:\\\/\\\/massacarrara-live.it\\\/\",\"logo\":{\"@type\":\"ImageObject\",\"inLanguage\":\"it-IT\",\"@id\":\"https:\\\/\\\/massacarrara-live.it\\\/#\\\/schema\\\/logo\\\/image\\\/\",\"url\":\"https:\\\/\\\/massacarrara-live.it\\\/wp-content\\\/uploads\\\/2020\\\/02\\\/logoNewPic-copia.jpg\",\"contentUrl\":\"https:\\\/\\\/massacarrara-live.it\\\/wp-content\\\/uploads\\\/2020\\\/02\\\/logoNewPic-copia.jpg\",\"width\":1194,\"height\":881,\"caption\":\"Global Art Srls\"},\"image\":{\"@id\":\"https:\\\/\\\/massacarrara-live.it\\\/#\\\/schema\\\/logo\\\/image\\\/\"}}]}<\/script>\n<!-- \/ Yoast SEO plugin. -->","yoast_head_json":{"title":"Santuario della Misericordia - Massa Carrara Live","robots":{"index":"index","follow":"follow","max-snippet":"max-snippet:-1","max-image-preview":"max-image-preview:large","max-video-preview":"max-video-preview:-1"},"canonical":"https:\/\/massacarrara-live.it\/index.php\/edifici-e-location\/edifici-di-interesse-a-massa\/santuario-della-misericordia\/","og_locale":"it_IT","og_type":"article","og_title":"Santuario della Misericordia - Massa Carrara Live","og_description":"Nell&#8217;archivio della Curia Lunense vi \u00e8 una lettera datata 30 ottobre 1628 che fa intendere che questa chiesa all&#8217;inizio era semplicemente un oratorio costruito per la nuova immagine della Beatissima Vergine detta della Misericordia che fece la sua prima apparizione ad un pastore di Padova. La Chiesa sembra sia stata &hellip;","og_url":"https:\/\/massacarrara-live.it\/index.php\/edifici-e-location\/edifici-di-interesse-a-massa\/santuario-della-misericordia\/","og_site_name":"Massa Carrara Live","article_modified_time":"2019-11-24T07:46:19+00:00","og_image":[{"url":"http:\/\/massacarrara-live.it\/wp-content\/uploads\/2019\/11\/Chiesa-Misericordia-3.jpg","type":"","width":"","height":""}],"twitter_card":"summary_large_image","twitter_misc":{"Tempo di lettura stimato":"2 minuti"},"schema":{"@context":"https:\/\/schema.org","@graph":[{"@type":"WebPage","@id":"https:\/\/massacarrara-live.it\/index.php\/edifici-e-location\/edifici-di-interesse-a-massa\/santuario-della-misericordia\/","url":"https:\/\/massacarrara-live.it\/index.php\/edifici-e-location\/edifici-di-interesse-a-massa\/santuario-della-misericordia\/","name":"Santuario della Misericordia - Massa Carrara Live","isPartOf":{"@id":"https:\/\/massacarrara-live.it\/#website"},"primaryImageOfPage":{"@id":"https:\/\/massacarrara-live.it\/index.php\/edifici-e-location\/edifici-di-interesse-a-massa\/santuario-della-misericordia\/#primaryimage"},"image":{"@id":"https:\/\/massacarrara-live.it\/index.php\/edifici-e-location\/edifici-di-interesse-a-massa\/santuario-della-misericordia\/#primaryimage"},"thumbnailUrl":"http:\/\/massacarrara-live.it\/wp-content\/uploads\/2019\/11\/Chiesa-Misericordia-3.jpg","datePublished":"2019-11-23T07:38:10+00:00","dateModified":"2019-11-24T07:46:19+00:00","breadcrumb":{"@id":"https:\/\/massacarrara-live.it\/index.php\/edifici-e-location\/edifici-di-interesse-a-massa\/santuario-della-misericordia\/#breadcrumb"},"inLanguage":"it-IT","potentialAction":[{"@type":"ReadAction","target":["https:\/\/massacarrara-live.it\/index.php\/edifici-e-location\/edifici-di-interesse-a-massa\/santuario-della-misericordia\/"]}]},{"@type":"ImageObject","inLanguage":"it-IT","@id":"https:\/\/massacarrara-live.it\/index.php\/edifici-e-location\/edifici-di-interesse-a-massa\/santuario-della-misericordia\/#primaryimage","url":"http:\/\/massacarrara-live.it\/wp-content\/uploads\/2019\/11\/Chiesa-Misericordia-3.jpg","contentUrl":"http:\/\/massacarrara-live.it\/wp-content\/uploads\/2019\/11\/Chiesa-Misericordia-3.jpg"},{"@type":"BreadcrumbList","@id":"https:\/\/massacarrara-live.it\/index.php\/edifici-e-location\/edifici-di-interesse-a-massa\/santuario-della-misericordia\/#breadcrumb","itemListElement":[{"@type":"ListItem","position":1,"name":"Home","item":"https:\/\/massacarrara-live.it\/"},{"@type":"ListItem","position":2,"name":"Edifici e location","item":"https:\/\/massacarrara-live.it\/index.php\/edifici-e-location\/"},{"@type":"ListItem","position":3,"name":"Edifici di interesse a Massa","item":"https:\/\/massacarrara-live.it\/index.php\/edifici-e-location\/edifici-di-interesse-a-massa\/"},{"@type":"ListItem","position":4,"name":"Santuario della Misericordia"}]},{"@type":"WebSite","@id":"https:\/\/massacarrara-live.it\/#website","url":"https:\/\/massacarrara-live.it\/","name":"Massa Carrara Live","description":"Informazioni provincia di Massa Carrara","publisher":{"@id":"https:\/\/massacarrara-live.it\/#organization"},"potentialAction":[{"@type":"SearchAction","target":{"@type":"EntryPoint","urlTemplate":"https:\/\/massacarrara-live.it\/?s={search_term_string}"},"query-input":{"@type":"PropertyValueSpecification","valueRequired":true,"valueName":"search_term_string"}}],"inLanguage":"it-IT"},{"@type":"Organization","@id":"https:\/\/massacarrara-live.it\/#organization","name":"Global Art Srls","url":"https:\/\/massacarrara-live.it\/","logo":{"@type":"ImageObject","inLanguage":"it-IT","@id":"https:\/\/massacarrara-live.it\/#\/schema\/logo\/image\/","url":"https:\/\/massacarrara-live.it\/wp-content\/uploads\/2020\/02\/logoNewPic-copia.jpg","contentUrl":"https:\/\/massacarrara-live.it\/wp-content\/uploads\/2020\/02\/logoNewPic-copia.jpg","width":1194,"height":881,"caption":"Global Art Srls"},"image":{"@id":"https:\/\/massacarrara-live.it\/#\/schema\/logo\/image\/"}}]}},"_links":{"self":[{"href":"https:\/\/massacarrara-live.it\/index.php\/wp-json\/wp\/v2\/pages\/298","targetHints":{"allow":["GET"]}}],"collection":[{"href":"https:\/\/massacarrara-live.it\/index.php\/wp-json\/wp\/v2\/pages"}],"about":[{"href":"https:\/\/massacarrara-live.it\/index.php\/wp-json\/wp\/v2\/types\/page"}],"author":[{"embeddable":true,"href":"https:\/\/massacarrara-live.it\/index.php\/wp-json\/wp\/v2\/users\/1"}],"replies":[{"embeddable":true,"href":"https:\/\/massacarrara-live.it\/index.php\/wp-json\/wp\/v2\/comments?post=298"}],"version-history":[{"count":2,"href":"https:\/\/massacarrara-live.it\/index.php\/wp-json\/wp\/v2\/pages\/298\/revisions"}],"predecessor-version":[{"id":371,"href":"https:\/\/massacarrara-live.it\/index.php\/wp-json\/wp\/v2\/pages\/298\/revisions\/371"}],"up":[{"embeddable":true,"href":"https:\/\/massacarrara-live.it\/index.php\/wp-json\/wp\/v2\/pages\/149"}],"wp:attachment":[{"href":"https:\/\/massacarrara-live.it\/index.php\/wp-json\/wp\/v2\/media?parent=298"}],"curies":[{"name":"wp","href":"https:\/\/api.w.org\/{rel}","templated":true}]}}