{"id":2644,"date":"2021-04-30T17:12:21","date_gmt":"2021-04-30T17:12:21","guid":{"rendered":"https:\/\/massacarrara-live.it\/?page_id=2644"},"modified":"2021-04-30T17:16:37","modified_gmt":"2021-04-30T17:16:37","slug":"castello-aghinolfi-montignoso-massacarraralive","status":"publish","type":"page","link":"https:\/\/massacarrara-live.it\/index.php\/edifici-e-location\/edifici-di-interesse-a-montignoso-massacarraralive\/castello-aghinolfi-montignoso-massacarraralive\/","title":{"rendered":"Castello Aghinolfi"},"content":{"rendered":"\n<p>Il&nbsp;Castello Aghinolfi, attualmente uno dei castelli pi\u00f9 antichi dell&#8217;Italia Centrale, la cui origine pu\u00f2 essere fatta risalire al 764 d.C. <br>La lunga storia della fortezza \u00e8 stata confermata, durante gli scavi che hanno portato al recupero dell&#8217;antico maniero, dal ritrovamento di pi\u00f9 strati, oggi ancora visibili grazie ad un grande pavimento in vetro che consente di documentare materialmente i dettagli delle varie fasi costruttive.<br>All&#8217;esterno del Castello, le mura oggi recuperate, alte circa 6 metri con una lunghezza di 450, che -nell&#8217;antichit\u00e0- davano all&#8217;insediamento il carattere e le dimensioni di una piccola citt\u00e0. Racchiudevano infatti al loro interno circa 140 case che andavano a costituire l&#8217;agglomerato abitativo a ridosso del Castello.<br>I lavori di restauro, completati nel 2008, hanno permesso anche la ricostruzione delle sette torri cilindriche che caratterizzavano il circuito murario, del bastione poligonale posto a guardia dell&#8217;ingresso e del baluardo rettangolare con camminamento pensile. In questo modo \u00e8 stato creato uno straordinario parco interno, dominato dalla macchia mediterranea e percorribile attraverso un articolato camminamento storico: il cammino di ronda, caratterizzato da una impareggiabile veduta panoramica.&nbsp;<\/p>\n","protected":false},"excerpt":{"rendered":"<p>Il&nbsp;Castello Aghinolfi, attualmente uno dei castelli pi\u00f9 antichi dell&#8217;Italia Centrale, la cui origine pu\u00f2 essere fatta risalire al 764 d.C. La lunga storia della fortezza \u00e8 stata confermata, durante gli scavi che hanno portato al recupero dell&#8217;antico maniero, dal ritrovamento di pi\u00f9 strati, oggi ancora visibili grazie ad un grande &hellip;<\/p>\n","protected":false},"author":1,"featured_media":2646,"parent":2641,"menu_order":0,"comment_status":"closed","ping_status":"closed","template":"","meta":{"footnotes":""},"class_list":["post-2644","page","type-page","status-publish","has-post-thumbnail","hentry"],"yoast_head":"<!-- This site is optimized with the Yoast SEO plugin v27.4 - https:\/\/yoast.com\/product\/yoast-seo-wordpress\/ -->\n<title>Castello Aghinolfi - Massa Carrara Live<\/title>\n<meta name=\"description\" content=\"Il Castello Aghinolfi, attualmente uno dei castelli pi\u00f9 antichi dell&#039;Italia Centrale, la cui origine pu\u00f2 essere fatta risalire al 764 d.C.\" \/>\n<meta name=\"robots\" content=\"index, follow, max-snippet:-1, max-image-preview:large, max-video-preview:-1\" \/>\n<link rel=\"canonical\" href=\"https:\/\/massacarrara-live.it\/index.php\/edifici-e-location\/edifici-di-interesse-a-montignoso-massacarraralive\/castello-aghinolfi-montignoso-massacarraralive\/\" \/>\n<meta property=\"og:locale\" content=\"it_IT\" \/>\n<meta property=\"og:type\" content=\"article\" \/>\n<meta property=\"og:title\" content=\"Castello Aghinolfi - Massa Carrara Live\" \/>\n<meta property=\"og:description\" content=\"Il Castello Aghinolfi, attualmente uno dei castelli pi\u00f9 antichi dell&#039;Italia Centrale, la cui origine pu\u00f2 essere fatta risalire al 764 d.C.\" \/>\n<meta property=\"og:url\" content=\"https:\/\/massacarrara-live.it\/index.php\/edifici-e-location\/edifici-di-interesse-a-montignoso-massacarraralive\/castello-aghinolfi-montignoso-massacarraralive\/\" \/>\n<meta property=\"og:site_name\" content=\"Massa Carrara Live\" \/>\n<meta property=\"article:modified_time\" content=\"2021-04-30T17:16:37+00:00\" \/>\n<meta property=\"og:image\" content=\"https:\/\/massacarrara-live.it\/wp-content\/uploads\/2021\/04\/CastelloAghinolfiWeb.jpg\" \/>\n\t<meta property=\"og:image:width\" content=\"1800\" \/>\n\t<meta property=\"og:image:height\" content=\"896\" \/>\n\t<meta property=\"og:image:type\" content=\"image\/jpeg\" \/>\n<meta name=\"twitter:card\" content=\"summary_large_image\" \/>\n<meta name=\"twitter:label1\" content=\"Tempo di lettura stimato\" \/>\n\t<meta name=\"twitter:data1\" content=\"1 minuto\" \/>\n<script type=\"application\/ld+json\" class=\"yoast-schema-graph\">{\"@context\":\"https:\\\/\\\/schema.org\",\"@graph\":[{\"@type\":\"WebPage\",\"@id\":\"https:\\\/\\\/massacarrara-live.it\\\/index.php\\\/edifici-e-location\\\/edifici-di-interesse-a-montignoso-massacarraralive\\\/castello-aghinolfi-montignoso-massacarraralive\\\/\",\"url\":\"https:\\\/\\\/massacarrara-live.it\\\/index.php\\\/edifici-e-location\\\/edifici-di-interesse-a-montignoso-massacarraralive\\\/castello-aghinolfi-montignoso-massacarraralive\\\/\",\"name\":\"Castello Aghinolfi - Massa Carrara Live\",\"isPartOf\":{\"@id\":\"https:\\\/\\\/massacarrara-live.it\\\/#website\"},\"primaryImageOfPage\":{\"@id\":\"https:\\\/\\\/massacarrara-live.it\\\/index.php\\\/edifici-e-location\\\/edifici-di-interesse-a-montignoso-massacarraralive\\\/castello-aghinolfi-montignoso-massacarraralive\\\/#primaryimage\"},\"image\":{\"@id\":\"https:\\\/\\\/massacarrara-live.it\\\/index.php\\\/edifici-e-location\\\/edifici-di-interesse-a-montignoso-massacarraralive\\\/castello-aghinolfi-montignoso-massacarraralive\\\/#primaryimage\"},\"thumbnailUrl\":\"https:\\\/\\\/massacarrara-live.it\\\/wp-content\\\/uploads\\\/2021\\\/04\\\/CastelloAghinolfiWeb.jpg\",\"datePublished\":\"2021-04-30T17:12:21+00:00\",\"dateModified\":\"2021-04-30T17:16:37+00:00\",\"description\":\"Il Castello Aghinolfi, attualmente uno dei castelli pi\u00f9 antichi dell'Italia Centrale, la cui origine pu\u00f2 essere fatta risalire al 764 d.C.\",\"breadcrumb\":{\"@id\":\"https:\\\/\\\/massacarrara-live.it\\\/index.php\\\/edifici-e-location\\\/edifici-di-interesse-a-montignoso-massacarraralive\\\/castello-aghinolfi-montignoso-massacarraralive\\\/#breadcrumb\"},\"inLanguage\":\"it-IT\",\"potentialAction\":[{\"@type\":\"ReadAction\",\"target\":[\"https:\\\/\\\/massacarrara-live.it\\\/index.php\\\/edifici-e-location\\\/edifici-di-interesse-a-montignoso-massacarraralive\\\/castello-aghinolfi-montignoso-massacarraralive\\\/\"]}]},{\"@type\":\"ImageObject\",\"inLanguage\":\"it-IT\",\"@id\":\"https:\\\/\\\/massacarrara-live.it\\\/index.php\\\/edifici-e-location\\\/edifici-di-interesse-a-montignoso-massacarraralive\\\/castello-aghinolfi-montignoso-massacarraralive\\\/#primaryimage\",\"url\":\"https:\\\/\\\/massacarrara-live.it\\\/wp-content\\\/uploads\\\/2021\\\/04\\\/CastelloAghinolfiWeb.jpg\",\"contentUrl\":\"https:\\\/\\\/massacarrara-live.it\\\/wp-content\\\/uploads\\\/2021\\\/04\\\/CastelloAghinolfiWeb.jpg\",\"width\":1800,\"height\":896},{\"@type\":\"BreadcrumbList\",\"@id\":\"https:\\\/\\\/massacarrara-live.it\\\/index.php\\\/edifici-e-location\\\/edifici-di-interesse-a-montignoso-massacarraralive\\\/castello-aghinolfi-montignoso-massacarraralive\\\/#breadcrumb\",\"itemListElement\":[{\"@type\":\"ListItem\",\"position\":1,\"name\":\"Home\",\"item\":\"https:\\\/\\\/massacarrara-live.it\\\/\"},{\"@type\":\"ListItem\",\"position\":2,\"name\":\"Edifici e location\",\"item\":\"https:\\\/\\\/massacarrara-live.it\\\/index.php\\\/edifici-e-location\\\/\"},{\"@type\":\"ListItem\",\"position\":3,\"name\":\"Edifici di interesse a Montignoso\",\"item\":\"https:\\\/\\\/massacarrara-live.it\\\/index.php\\\/edifici-e-location\\\/edifici-di-interesse-a-montignoso-massacarraralive\\\/\"},{\"@type\":\"ListItem\",\"position\":4,\"name\":\"Castello Aghinolfi\"}]},{\"@type\":\"WebSite\",\"@id\":\"https:\\\/\\\/massacarrara-live.it\\\/#website\",\"url\":\"https:\\\/\\\/massacarrara-live.it\\\/\",\"name\":\"Massa Carrara Live\",\"description\":\"Informazioni provincia di Massa Carrara\",\"publisher\":{\"@id\":\"https:\\\/\\\/massacarrara-live.it\\\/#organization\"},\"potentialAction\":[{\"@type\":\"SearchAction\",\"target\":{\"@type\":\"EntryPoint\",\"urlTemplate\":\"https:\\\/\\\/massacarrara-live.it\\\/?s={search_term_string}\"},\"query-input\":{\"@type\":\"PropertyValueSpecification\",\"valueRequired\":true,\"valueName\":\"search_term_string\"}}],\"inLanguage\":\"it-IT\"},{\"@type\":\"Organization\",\"@id\":\"https:\\\/\\\/massacarrara-live.it\\\/#organization\",\"name\":\"Global Art Srls\",\"url\":\"https:\\\/\\\/massacarrara-live.it\\\/\",\"logo\":{\"@type\":\"ImageObject\",\"inLanguage\":\"it-IT\",\"@id\":\"https:\\\/\\\/massacarrara-live.it\\\/#\\\/schema\\\/logo\\\/image\\\/\",\"url\":\"https:\\\/\\\/massacarrara-live.it\\\/wp-content\\\/uploads\\\/2020\\\/02\\\/logoNewPic-copia.jpg\",\"contentUrl\":\"https:\\\/\\\/massacarrara-live.it\\\/wp-content\\\/uploads\\\/2020\\\/02\\\/logoNewPic-copia.jpg\",\"width\":1194,\"height\":881,\"caption\":\"Global Art Srls\"},\"image\":{\"@id\":\"https:\\\/\\\/massacarrara-live.it\\\/#\\\/schema\\\/logo\\\/image\\\/\"}}]}<\/script>\n<!-- \/ Yoast SEO plugin. -->","yoast_head_json":{"title":"Castello Aghinolfi - Massa Carrara Live","description":"Il Castello Aghinolfi, attualmente uno dei castelli pi\u00f9 antichi dell'Italia Centrale, la cui origine pu\u00f2 essere fatta risalire al 764 d.C.","robots":{"index":"index","follow":"follow","max-snippet":"max-snippet:-1","max-image-preview":"max-image-preview:large","max-video-preview":"max-video-preview:-1"},"canonical":"https:\/\/massacarrara-live.it\/index.php\/edifici-e-location\/edifici-di-interesse-a-montignoso-massacarraralive\/castello-aghinolfi-montignoso-massacarraralive\/","og_locale":"it_IT","og_type":"article","og_title":"Castello Aghinolfi - Massa Carrara Live","og_description":"Il Castello Aghinolfi, attualmente uno dei castelli pi\u00f9 antichi dell'Italia Centrale, la cui origine pu\u00f2 essere fatta risalire al 764 d.C.","og_url":"https:\/\/massacarrara-live.it\/index.php\/edifici-e-location\/edifici-di-interesse-a-montignoso-massacarraralive\/castello-aghinolfi-montignoso-massacarraralive\/","og_site_name":"Massa Carrara Live","article_modified_time":"2021-04-30T17:16:37+00:00","og_image":[{"width":1800,"height":896,"url":"https:\/\/massacarrara-live.it\/wp-content\/uploads\/2021\/04\/CastelloAghinolfiWeb.jpg","type":"image\/jpeg"}],"twitter_card":"summary_large_image","twitter_misc":{"Tempo di lettura stimato":"1 minuto"},"schema":{"@context":"https:\/\/schema.org","@graph":[{"@type":"WebPage","@id":"https:\/\/massacarrara-live.it\/index.php\/edifici-e-location\/edifici-di-interesse-a-montignoso-massacarraralive\/castello-aghinolfi-montignoso-massacarraralive\/","url":"https:\/\/massacarrara-live.it\/index.php\/edifici-e-location\/edifici-di-interesse-a-montignoso-massacarraralive\/castello-aghinolfi-montignoso-massacarraralive\/","name":"Castello Aghinolfi - Massa Carrara Live","isPartOf":{"@id":"https:\/\/massacarrara-live.it\/#website"},"primaryImageOfPage":{"@id":"https:\/\/massacarrara-live.it\/index.php\/edifici-e-location\/edifici-di-interesse-a-montignoso-massacarraralive\/castello-aghinolfi-montignoso-massacarraralive\/#primaryimage"},"image":{"@id":"https:\/\/massacarrara-live.it\/index.php\/edifici-e-location\/edifici-di-interesse-a-montignoso-massacarraralive\/castello-aghinolfi-montignoso-massacarraralive\/#primaryimage"},"thumbnailUrl":"https:\/\/massacarrara-live.it\/wp-content\/uploads\/2021\/04\/CastelloAghinolfiWeb.jpg","datePublished":"2021-04-30T17:12:21+00:00","dateModified":"2021-04-30T17:16:37+00:00","description":"Il Castello Aghinolfi, attualmente uno dei castelli pi\u00f9 antichi dell'Italia Centrale, la cui origine pu\u00f2 essere fatta risalire al 764 d.C.","breadcrumb":{"@id":"https:\/\/massacarrara-live.it\/index.php\/edifici-e-location\/edifici-di-interesse-a-montignoso-massacarraralive\/castello-aghinolfi-montignoso-massacarraralive\/#breadcrumb"},"inLanguage":"it-IT","potentialAction":[{"@type":"ReadAction","target":["https:\/\/massacarrara-live.it\/index.php\/edifici-e-location\/edifici-di-interesse-a-montignoso-massacarraralive\/castello-aghinolfi-montignoso-massacarraralive\/"]}]},{"@type":"ImageObject","inLanguage":"it-IT","@id":"https:\/\/massacarrara-live.it\/index.php\/edifici-e-location\/edifici-di-interesse-a-montignoso-massacarraralive\/castello-aghinolfi-montignoso-massacarraralive\/#primaryimage","url":"https:\/\/massacarrara-live.it\/wp-content\/uploads\/2021\/04\/CastelloAghinolfiWeb.jpg","contentUrl":"https:\/\/massacarrara-live.it\/wp-content\/uploads\/2021\/04\/CastelloAghinolfiWeb.jpg","width":1800,"height":896},{"@type":"BreadcrumbList","@id":"https:\/\/massacarrara-live.it\/index.php\/edifici-e-location\/edifici-di-interesse-a-montignoso-massacarraralive\/castello-aghinolfi-montignoso-massacarraralive\/#breadcrumb","itemListElement":[{"@type":"ListItem","position":1,"name":"Home","item":"https:\/\/massacarrara-live.it\/"},{"@type":"ListItem","position":2,"name":"Edifici e location","item":"https:\/\/massacarrara-live.it\/index.php\/edifici-e-location\/"},{"@type":"ListItem","position":3,"name":"Edifici di interesse a Montignoso","item":"https:\/\/massacarrara-live.it\/index.php\/edifici-e-location\/edifici-di-interesse-a-montignoso-massacarraralive\/"},{"@type":"ListItem","position":4,"name":"Castello Aghinolfi"}]},{"@type":"WebSite","@id":"https:\/\/massacarrara-live.it\/#website","url":"https:\/\/massacarrara-live.it\/","name":"Massa Carrara Live","description":"Informazioni provincia di Massa Carrara","publisher":{"@id":"https:\/\/massacarrara-live.it\/#organization"},"potentialAction":[{"@type":"SearchAction","target":{"@type":"EntryPoint","urlTemplate":"https:\/\/massacarrara-live.it\/?s={search_term_string}"},"query-input":{"@type":"PropertyValueSpecification","valueRequired":true,"valueName":"search_term_string"}}],"inLanguage":"it-IT"},{"@type":"Organization","@id":"https:\/\/massacarrara-live.it\/#organization","name":"Global Art Srls","url":"https:\/\/massacarrara-live.it\/","logo":{"@type":"ImageObject","inLanguage":"it-IT","@id":"https:\/\/massacarrara-live.it\/#\/schema\/logo\/image\/","url":"https:\/\/massacarrara-live.it\/wp-content\/uploads\/2020\/02\/logoNewPic-copia.jpg","contentUrl":"https:\/\/massacarrara-live.it\/wp-content\/uploads\/2020\/02\/logoNewPic-copia.jpg","width":1194,"height":881,"caption":"Global Art Srls"},"image":{"@id":"https:\/\/massacarrara-live.it\/#\/schema\/logo\/image\/"}}]}},"_links":{"self":[{"href":"https:\/\/massacarrara-live.it\/index.php\/wp-json\/wp\/v2\/pages\/2644","targetHints":{"allow":["GET"]}}],"collection":[{"href":"https:\/\/massacarrara-live.it\/index.php\/wp-json\/wp\/v2\/pages"}],"about":[{"href":"https:\/\/massacarrara-live.it\/index.php\/wp-json\/wp\/v2\/types\/page"}],"author":[{"embeddable":true,"href":"https:\/\/massacarrara-live.it\/index.php\/wp-json\/wp\/v2\/users\/1"}],"replies":[{"embeddable":true,"href":"https:\/\/massacarrara-live.it\/index.php\/wp-json\/wp\/v2\/comments?post=2644"}],"version-history":[{"count":2,"href":"https:\/\/massacarrara-live.it\/index.php\/wp-json\/wp\/v2\/pages\/2644\/revisions"}],"predecessor-version":[{"id":2648,"href":"https:\/\/massacarrara-live.it\/index.php\/wp-json\/wp\/v2\/pages\/2644\/revisions\/2648"}],"up":[{"embeddable":true,"href":"https:\/\/massacarrara-live.it\/index.php\/wp-json\/wp\/v2\/pages\/2641"}],"wp:featuredmedia":[{"embeddable":true,"href":"https:\/\/massacarrara-live.it\/index.php\/wp-json\/wp\/v2\/media\/2646"}],"wp:attachment":[{"href":"https:\/\/massacarrara-live.it\/index.php\/wp-json\/wp\/v2\/media?parent=2644"}],"curies":[{"name":"wp","href":"https:\/\/api.w.org\/{rel}","templated":true}]}}