{"id":2633,"date":"2021-04-26T15:15:08","date_gmt":"2021-04-26T15:15:08","guid":{"rendered":"https:\/\/massacarrara-live.it\/?page_id=2633"},"modified":"2021-05-01T09:34:35","modified_gmt":"2021-05-01T09:34:35","slug":"montignoso-numeri-utili-stabilimenti-balneari-cinquale","status":"publish","type":"page","link":"https:\/\/massacarrara-live.it\/index.php\/indirizzi-e-numeri-utili\/montignoso-numeri-utili-stabilimenti-balneari-cinquale\/","title":{"rendered":"Montignoso &#8211; Numeri utili"},"content":{"rendered":"\n<p><strong>Comune di Montignoso<\/strong>&nbsp;&#8211; via Fondaccio 11 cap 54038<br>Centralino 0585 82711 &#8211; fax 0585 348197<br>E.mail:&nbsp;<a href=\"mailto:urp@comune.montignoso.ms.it?subject=(indicare%20argomento%20e%20l%27Area%20o%20l%27Ufficio%20a%20cui%20%C3%A8%20destinato%20il%20messaggio)\">urp@comune.montignoso.ms.it<\/a><br>P.E.C.:&nbsp;<em><a href=\"mailto:protocollo@pec.comune.montignoso.ms.it\">protocollo@pec.comune.montignoso.ms.it<\/a><\/em><\/p>\n\n\n\n<figure class=\"wp-block-table is-style-stripes\"><table><tbody><tr><td><strong>Comando di Polizia Municipale&nbsp;<\/strong><\/td><td><strong>Farmacie<\/strong><\/td><\/tr><tr><td>piazza Vittorio Veneto &#8211; 54038 Montignoso<br>0585 348462 &#8211; 0585 821197<br>E.mail: <a href=\"mailto:polizia.municipale@comune.montignoso.ms.it\">polizia.municipale@comune.montignoso.ms.it<\/a><br>Ufficio Contravvenzioni: <br>Marted\u00ec e Gioved\u00ec: 9.00-12.00  Mercoled\u00ec ore 15.00-19.00<br>Segreteria Comando dal Luned\u00ec al Venerd\u00ec: ore 9.00-12.00<br>Responsabile: <strong>Martinelli Mazzino<\/strong>&nbsp;05858271304<br><a href=\"mailto:comandante@comune.montignoso.ms.it\">comandante@comune.montignoso.ms.it<\/a><\/td><td><strong>Farmacia Casari MONTIGNOSO<\/strong><br>Via Carlo Sforza, 97&nbsp;&#8211;&nbsp;54038&nbsp;Montignoso&nbsp;(MS) <br>Tel. 0585 349254<br><strong>Farmacia del Cinquale Giulio Daniela<\/strong><br>40, Via Antonio Gramsci&nbsp;&#8211;&nbsp;54038&nbsp;Cinquale&nbsp;(MS)<br>Tel. 0585 309988<br><strong>Farmacia Stefanini<\/strong><br>173\/A, Via Aurelia Sud&nbsp;&#8211;&nbsp;54100&nbsp;Turano&nbsp;(MS)<br>Tel. 0585 44745<\/td><\/tr><tr><td><strong>Carabinieri<\/strong><\/td><td><\/td><\/tr><tr><td>5, Via Fontana\u00a0&#8211;\u00a054038\u00a0Montignoso (MS) Tel: 0585 348061<\/td><td><\/td><\/tr><tr><td><strong>Stabilimenti Balneari Cinquale<\/strong><\/td><td><\/td><\/tr><tr><td><strong>Alpemare<\/strong> V.le IV Novembre, 4 Tel. 0585 309629<\/td><td><strong>Belmare<\/strong> V.le IV Novembre, 32 Tel. 0585 309496<\/td><\/tr><tr><td><strong>Beach Club<\/strong> Viale IV Novembre,18 Tel. 0585 807876<\/td><td><strong>Bernina<\/strong> V.le IV Novembre, 10 Tel. 0585 309498<\/td><\/tr><tr><td><strong>Cinquale III<\/strong> Viale IV Novembre Tel. 0585 309696<\/td><td><strong>Eden<\/strong> V.le IV Novembre, 6 Tel. 0585 309100<\/td><\/tr><tr><td><strong>Galliano<\/strong> V.le IV Novembre, 16\u00a0Tel. 0585 309024<\/td><td><strong>Giuliana<\/strong> V.le IV Novembre, 22 Tel. 0585 309607<\/td><\/tr><tr><td><strong>L\u2019Approdo<\/strong> V.le IV Novembre, 12 Tel. 0585 309396<\/td><td><strong><strong>La Capannina<\/strong><\/strong> V.le IV Novembre, 24 Tel. 0585 309479<\/td><\/tr><tr><td><strong>Park<\/strong> V.le IV Novembre, 8 Tel. 0585 807422<\/td><td><strong>Solemar<\/strong> V.le IV Novembre, 34 Tel. 0585 308396<\/td><\/tr><tr><td><strong>Stefanella<\/strong> V.le IV Novembre, 10  Tel. 0585 309984<\/td><td><strong>Sunset Cinquale<\/strong> V.le IV Novembre, 20 Tel. 0585 807262<\/td><\/tr><\/tbody><\/table><\/figure>\n","protected":false},"excerpt":{"rendered":"<p>Comune di Montignoso&nbsp;&#8211; via Fondaccio 11 cap 54038Centralino 0585 82711 &#8211; fax 0585 348197E.mail:&nbsp;urp@comune.montignoso.ms.itP.E.C.:&nbsp;protocollo@pec.comune.montignoso.ms.it Comando di Polizia Municipale&nbsp; Farmacie piazza Vittorio Veneto &#8211; 54038 Montignoso0585 348462 &#8211; 0585 821197E.mail: polizia.municipale@comune.montignoso.ms.itUfficio Contravvenzioni: Marted\u00ec e Gioved\u00ec: 9.00-12.00 Mercoled\u00ec ore 15.00-19.00Segreteria Comando dal Luned\u00ec al Venerd\u00ec: ore 9.00-12.00Responsabile: Martinelli Mazzino&nbsp;05858271304comandante@comune.montignoso.ms.it Farmacia Casari MONTIGNOSOVia &hellip;<\/p>\n","protected":false},"author":1,"featured_media":2636,"parent":55,"menu_order":0,"comment_status":"closed","ping_status":"closed","template":"","meta":{"footnotes":""},"class_list":["post-2633","page","type-page","status-publish","has-post-thumbnail","hentry"],"yoast_head":"<!-- This site is optimized with the Yoast SEO plugin v27.5 - https:\/\/yoast.com\/product\/yoast-seo-wordpress\/ -->\n<title>Montignoso - Numeri utili - Massa Carrara Live<\/title>\n<meta name=\"description\" content=\"Informazioni utili, numeri del comune, farmacie, carabinieri, stabilimenti balneari cinquale\" \/>\n<meta name=\"robots\" content=\"index, follow, max-snippet:-1, max-image-preview:large, max-video-preview:-1\" \/>\n<link rel=\"canonical\" href=\"https:\/\/massacarrara-live.it\/index.php\/indirizzi-e-numeri-utili\/montignoso-numeri-utili-stabilimenti-balneari-cinquale\/\" \/>\n<meta property=\"og:locale\" content=\"it_IT\" \/>\n<meta property=\"og:type\" content=\"article\" \/>\n<meta property=\"og:title\" content=\"Montignoso - Numeri utili - Massa Carrara Live\" \/>\n<meta property=\"og:description\" content=\"Informazioni utili, numeri del comune, farmacie, carabinieri, stabilimenti balneari cinquale\" \/>\n<meta property=\"og:url\" content=\"https:\/\/massacarrara-live.it\/index.php\/indirizzi-e-numeri-utili\/montignoso-numeri-utili-stabilimenti-balneari-cinquale\/\" \/>\n<meta property=\"og:site_name\" content=\"Massa Carrara Live\" \/>\n<meta property=\"article:modified_time\" content=\"2021-05-01T09:34:35+00:00\" \/>\n<meta property=\"og:image\" content=\"https:\/\/massacarrara-live.it\/wp-content\/uploads\/2021\/04\/Montignoso.jpg\" \/>\n\t<meta property=\"og:image:width\" content=\"1900\" \/>\n\t<meta property=\"og:image:height\" content=\"776\" \/>\n\t<meta property=\"og:image:type\" content=\"image\/jpeg\" \/>\n<meta name=\"twitter:card\" content=\"summary_large_image\" \/>\n<meta name=\"twitter:label1\" content=\"Tempo di lettura stimato\" \/>\n\t<meta name=\"twitter:data1\" content=\"1 minuto\" \/>\n<script type=\"application\/ld+json\" class=\"yoast-schema-graph\">{\"@context\":\"https:\\\/\\\/schema.org\",\"@graph\":[{\"@type\":\"WebPage\",\"@id\":\"https:\\\/\\\/massacarrara-live.it\\\/index.php\\\/indirizzi-e-numeri-utili\\\/montignoso-numeri-utili-stabilimenti-balneari-cinquale\\\/\",\"url\":\"https:\\\/\\\/massacarrara-live.it\\\/index.php\\\/indirizzi-e-numeri-utili\\\/montignoso-numeri-utili-stabilimenti-balneari-cinquale\\\/\",\"name\":\"Montignoso - Numeri utili - Massa Carrara Live\",\"isPartOf\":{\"@id\":\"https:\\\/\\\/massacarrara-live.it\\\/#website\"},\"primaryImageOfPage\":{\"@id\":\"https:\\\/\\\/massacarrara-live.it\\\/index.php\\\/indirizzi-e-numeri-utili\\\/montignoso-numeri-utili-stabilimenti-balneari-cinquale\\\/#primaryimage\"},\"image\":{\"@id\":\"https:\\\/\\\/massacarrara-live.it\\\/index.php\\\/indirizzi-e-numeri-utili\\\/montignoso-numeri-utili-stabilimenti-balneari-cinquale\\\/#primaryimage\"},\"thumbnailUrl\":\"https:\\\/\\\/massacarrara-live.it\\\/wp-content\\\/uploads\\\/2021\\\/04\\\/Montignoso.jpg\",\"datePublished\":\"2021-04-26T15:15:08+00:00\",\"dateModified\":\"2021-05-01T09:34:35+00:00\",\"description\":\"Informazioni utili, numeri del comune, farmacie, carabinieri, stabilimenti balneari cinquale\",\"breadcrumb\":{\"@id\":\"https:\\\/\\\/massacarrara-live.it\\\/index.php\\\/indirizzi-e-numeri-utili\\\/montignoso-numeri-utili-stabilimenti-balneari-cinquale\\\/#breadcrumb\"},\"inLanguage\":\"it-IT\",\"potentialAction\":[{\"@type\":\"ReadAction\",\"target\":[\"https:\\\/\\\/massacarrara-live.it\\\/index.php\\\/indirizzi-e-numeri-utili\\\/montignoso-numeri-utili-stabilimenti-balneari-cinquale\\\/\"]}]},{\"@type\":\"ImageObject\",\"inLanguage\":\"it-IT\",\"@id\":\"https:\\\/\\\/massacarrara-live.it\\\/index.php\\\/indirizzi-e-numeri-utili\\\/montignoso-numeri-utili-stabilimenti-balneari-cinquale\\\/#primaryimage\",\"url\":\"https:\\\/\\\/massacarrara-live.it\\\/wp-content\\\/uploads\\\/2021\\\/04\\\/Montignoso.jpg\",\"contentUrl\":\"https:\\\/\\\/massacarrara-live.it\\\/wp-content\\\/uploads\\\/2021\\\/04\\\/Montignoso.jpg\",\"width\":1900,\"height\":776},{\"@type\":\"BreadcrumbList\",\"@id\":\"https:\\\/\\\/massacarrara-live.it\\\/index.php\\\/indirizzi-e-numeri-utili\\\/montignoso-numeri-utili-stabilimenti-balneari-cinquale\\\/#breadcrumb\",\"itemListElement\":[{\"@type\":\"ListItem\",\"position\":1,\"name\":\"Home\",\"item\":\"https:\\\/\\\/massacarrara-live.it\\\/\"},{\"@type\":\"ListItem\",\"position\":2,\"name\":\"Indirizzi e Numeri utili\",\"item\":\"https:\\\/\\\/massacarrara-live.it\\\/index.php\\\/indirizzi-e-numeri-utili\\\/\"},{\"@type\":\"ListItem\",\"position\":3,\"name\":\"Montignoso &#8211; Numeri utili\"}]},{\"@type\":\"WebSite\",\"@id\":\"https:\\\/\\\/massacarrara-live.it\\\/#website\",\"url\":\"https:\\\/\\\/massacarrara-live.it\\\/\",\"name\":\"Massa Carrara Live\",\"description\":\"Informazioni provincia di Massa Carrara\",\"publisher\":{\"@id\":\"https:\\\/\\\/massacarrara-live.it\\\/#organization\"},\"potentialAction\":[{\"@type\":\"SearchAction\",\"target\":{\"@type\":\"EntryPoint\",\"urlTemplate\":\"https:\\\/\\\/massacarrara-live.it\\\/?s={search_term_string}\"},\"query-input\":{\"@type\":\"PropertyValueSpecification\",\"valueRequired\":true,\"valueName\":\"search_term_string\"}}],\"inLanguage\":\"it-IT\"},{\"@type\":\"Organization\",\"@id\":\"https:\\\/\\\/massacarrara-live.it\\\/#organization\",\"name\":\"Global Art Srls\",\"url\":\"https:\\\/\\\/massacarrara-live.it\\\/\",\"logo\":{\"@type\":\"ImageObject\",\"inLanguage\":\"it-IT\",\"@id\":\"https:\\\/\\\/massacarrara-live.it\\\/#\\\/schema\\\/logo\\\/image\\\/\",\"url\":\"https:\\\/\\\/massacarrara-live.it\\\/wp-content\\\/uploads\\\/2020\\\/02\\\/logoNewPic-copia.jpg\",\"contentUrl\":\"https:\\\/\\\/massacarrara-live.it\\\/wp-content\\\/uploads\\\/2020\\\/02\\\/logoNewPic-copia.jpg\",\"width\":1194,\"height\":881,\"caption\":\"Global Art Srls\"},\"image\":{\"@id\":\"https:\\\/\\\/massacarrara-live.it\\\/#\\\/schema\\\/logo\\\/image\\\/\"}}]}<\/script>\n<!-- \/ Yoast SEO plugin. -->","yoast_head_json":{"title":"Montignoso - Numeri utili - Massa Carrara Live","description":"Informazioni utili, numeri del comune, farmacie, carabinieri, stabilimenti balneari cinquale","robots":{"index":"index","follow":"follow","max-snippet":"max-snippet:-1","max-image-preview":"max-image-preview:large","max-video-preview":"max-video-preview:-1"},"canonical":"https:\/\/massacarrara-live.it\/index.php\/indirizzi-e-numeri-utili\/montignoso-numeri-utili-stabilimenti-balneari-cinquale\/","og_locale":"it_IT","og_type":"article","og_title":"Montignoso - Numeri utili - Massa Carrara Live","og_description":"Informazioni utili, numeri del comune, farmacie, carabinieri, stabilimenti balneari cinquale","og_url":"https:\/\/massacarrara-live.it\/index.php\/indirizzi-e-numeri-utili\/montignoso-numeri-utili-stabilimenti-balneari-cinquale\/","og_site_name":"Massa Carrara Live","article_modified_time":"2021-05-01T09:34:35+00:00","og_image":[{"width":1900,"height":776,"url":"https:\/\/massacarrara-live.it\/wp-content\/uploads\/2021\/04\/Montignoso.jpg","type":"image\/jpeg"}],"twitter_card":"summary_large_image","twitter_misc":{"Tempo di lettura stimato":"1 minuto"},"schema":{"@context":"https:\/\/schema.org","@graph":[{"@type":"WebPage","@id":"https:\/\/massacarrara-live.it\/index.php\/indirizzi-e-numeri-utili\/montignoso-numeri-utili-stabilimenti-balneari-cinquale\/","url":"https:\/\/massacarrara-live.it\/index.php\/indirizzi-e-numeri-utili\/montignoso-numeri-utili-stabilimenti-balneari-cinquale\/","name":"Montignoso - Numeri utili - Massa Carrara Live","isPartOf":{"@id":"https:\/\/massacarrara-live.it\/#website"},"primaryImageOfPage":{"@id":"https:\/\/massacarrara-live.it\/index.php\/indirizzi-e-numeri-utili\/montignoso-numeri-utili-stabilimenti-balneari-cinquale\/#primaryimage"},"image":{"@id":"https:\/\/massacarrara-live.it\/index.php\/indirizzi-e-numeri-utili\/montignoso-numeri-utili-stabilimenti-balneari-cinquale\/#primaryimage"},"thumbnailUrl":"https:\/\/massacarrara-live.it\/wp-content\/uploads\/2021\/04\/Montignoso.jpg","datePublished":"2021-04-26T15:15:08+00:00","dateModified":"2021-05-01T09:34:35+00:00","description":"Informazioni utili, numeri del comune, farmacie, carabinieri, stabilimenti balneari cinquale","breadcrumb":{"@id":"https:\/\/massacarrara-live.it\/index.php\/indirizzi-e-numeri-utili\/montignoso-numeri-utili-stabilimenti-balneari-cinquale\/#breadcrumb"},"inLanguage":"it-IT","potentialAction":[{"@type":"ReadAction","target":["https:\/\/massacarrara-live.it\/index.php\/indirizzi-e-numeri-utili\/montignoso-numeri-utili-stabilimenti-balneari-cinquale\/"]}]},{"@type":"ImageObject","inLanguage":"it-IT","@id":"https:\/\/massacarrara-live.it\/index.php\/indirizzi-e-numeri-utili\/montignoso-numeri-utili-stabilimenti-balneari-cinquale\/#primaryimage","url":"https:\/\/massacarrara-live.it\/wp-content\/uploads\/2021\/04\/Montignoso.jpg","contentUrl":"https:\/\/massacarrara-live.it\/wp-content\/uploads\/2021\/04\/Montignoso.jpg","width":1900,"height":776},{"@type":"BreadcrumbList","@id":"https:\/\/massacarrara-live.it\/index.php\/indirizzi-e-numeri-utili\/montignoso-numeri-utili-stabilimenti-balneari-cinquale\/#breadcrumb","itemListElement":[{"@type":"ListItem","position":1,"name":"Home","item":"https:\/\/massacarrara-live.it\/"},{"@type":"ListItem","position":2,"name":"Indirizzi e Numeri utili","item":"https:\/\/massacarrara-live.it\/index.php\/indirizzi-e-numeri-utili\/"},{"@type":"ListItem","position":3,"name":"Montignoso &#8211; Numeri utili"}]},{"@type":"WebSite","@id":"https:\/\/massacarrara-live.it\/#website","url":"https:\/\/massacarrara-live.it\/","name":"Massa Carrara Live","description":"Informazioni provincia di Massa Carrara","publisher":{"@id":"https:\/\/massacarrara-live.it\/#organization"},"potentialAction":[{"@type":"SearchAction","target":{"@type":"EntryPoint","urlTemplate":"https:\/\/massacarrara-live.it\/?s={search_term_string}"},"query-input":{"@type":"PropertyValueSpecification","valueRequired":true,"valueName":"search_term_string"}}],"inLanguage":"it-IT"},{"@type":"Organization","@id":"https:\/\/massacarrara-live.it\/#organization","name":"Global Art Srls","url":"https:\/\/massacarrara-live.it\/","logo":{"@type":"ImageObject","inLanguage":"it-IT","@id":"https:\/\/massacarrara-live.it\/#\/schema\/logo\/image\/","url":"https:\/\/massacarrara-live.it\/wp-content\/uploads\/2020\/02\/logoNewPic-copia.jpg","contentUrl":"https:\/\/massacarrara-live.it\/wp-content\/uploads\/2020\/02\/logoNewPic-copia.jpg","width":1194,"height":881,"caption":"Global Art Srls"},"image":{"@id":"https:\/\/massacarrara-live.it\/#\/schema\/logo\/image\/"}}]}},"_links":{"self":[{"href":"https:\/\/massacarrara-live.it\/index.php\/wp-json\/wp\/v2\/pages\/2633","targetHints":{"allow":["GET"]}}],"collection":[{"href":"https:\/\/massacarrara-live.it\/index.php\/wp-json\/wp\/v2\/pages"}],"about":[{"href":"https:\/\/massacarrara-live.it\/index.php\/wp-json\/wp\/v2\/types\/page"}],"author":[{"embeddable":true,"href":"https:\/\/massacarrara-live.it\/index.php\/wp-json\/wp\/v2\/users\/1"}],"replies":[{"embeddable":true,"href":"https:\/\/massacarrara-live.it\/index.php\/wp-json\/wp\/v2\/comments?post=2633"}],"version-history":[{"count":5,"href":"https:\/\/massacarrara-live.it\/index.php\/wp-json\/wp\/v2\/pages\/2633\/revisions"}],"predecessor-version":[{"id":2675,"href":"https:\/\/massacarrara-live.it\/index.php\/wp-json\/wp\/v2\/pages\/2633\/revisions\/2675"}],"up":[{"embeddable":true,"href":"https:\/\/massacarrara-live.it\/index.php\/wp-json\/wp\/v2\/pages\/55"}],"wp:featuredmedia":[{"embeddable":true,"href":"https:\/\/massacarrara-live.it\/index.php\/wp-json\/wp\/v2\/media\/2636"}],"wp:attachment":[{"href":"https:\/\/massacarrara-live.it\/index.php\/wp-json\/wp\/v2\/media?parent=2633"}],"curies":[{"name":"wp","href":"https:\/\/api.w.org\/{rel}","templated":true}]}}