{"id":2538,"date":"2021-02-27T08:34:43","date_gmt":"2021-02-27T08:34:43","guid":{"rendered":"https:\/\/massacarrara-live.it\/?page_id=2538"},"modified":"2021-02-27T08:44:21","modified_gmt":"2021-02-27T08:44:21","slug":"piazza-palma-massa","status":"publish","type":"page","link":"https:\/\/massacarrara-live.it\/index.php\/edifici-e-location\/edifici-di-interesse-a-massa\/piazza-palma-massa\/","title":{"rendered":"Piazza Palma"},"content":{"rendered":"\n<p>La Piazza \u201cFelice Palma\u201d&nbsp;\u00e8 situata nel centro della citt\u00e0 di Massa, davanti allo storico palazzo sede dell\u2019Istituto Statale d\u2019Arte.<br>Dal 2020 si svolgono i lavori di ristrutturazione che si concluderanno nei primi mesi del 2021.<\/p>\n\n\n\n<figure class=\"wp-block-image size-large\"><img fetchpriority=\"high\" decoding=\"async\" width=\"1024\" height=\"597\" src=\"https:\/\/massacarrara-live.it\/wp-content\/uploads\/2021\/02\/Ppalma2-1024x597.jpg\" alt=\"\" class=\"wp-image-2541\" srcset=\"https:\/\/massacarrara-live.it\/wp-content\/uploads\/2021\/02\/Ppalma2-1024x597.jpg 1024w, https:\/\/massacarrara-live.it\/wp-content\/uploads\/2021\/02\/Ppalma2-300x175.jpg 300w, https:\/\/massacarrara-live.it\/wp-content\/uploads\/2021\/02\/Ppalma2-768x448.jpg 768w, https:\/\/massacarrara-live.it\/wp-content\/uploads\/2021\/02\/Ppalma2-1536x896.jpg 1536w, https:\/\/massacarrara-live.it\/wp-content\/uploads\/2021\/02\/Ppalma2-421x246.jpg 421w, https:\/\/massacarrara-live.it\/wp-content\/uploads\/2021\/02\/Ppalma2-512x300.jpg 512w, https:\/\/massacarrara-live.it\/wp-content\/uploads\/2021\/02\/Ppalma2-600x350.jpg 600w, https:\/\/massacarrara-live.it\/wp-content\/uploads\/2021\/02\/Ppalma2-103x60.jpg 103w, https:\/\/massacarrara-live.it\/wp-content\/uploads\/2021\/02\/Ppalma2-154x90.jpg 154w, https:\/\/massacarrara-live.it\/wp-content\/uploads\/2021\/02\/Ppalma2.jpg 1900w\" sizes=\"(max-width: 1024px) 100vw, 1024px\" \/><\/figure>\n","protected":false},"excerpt":{"rendered":"<p>La Piazza \u201cFelice Palma\u201d&nbsp;\u00e8 situata nel centro della citt\u00e0 di Massa, davanti allo storico palazzo sede dell\u2019Istituto Statale d\u2019Arte.Dal 2020 si svolgono i lavori di ristrutturazione che si concluderanno nei primi mesi del 2021.<\/p>\n","protected":false},"author":1,"featured_media":0,"parent":149,"menu_order":0,"comment_status":"closed","ping_status":"closed","template":"","meta":{"footnotes":""},"class_list":["post-2538","page","type-page","status-publish","hentry"],"yoast_head":"<!-- This site is optimized with the Yoast SEO plugin v27.4 - https:\/\/yoast.com\/product\/yoast-seo-wordpress\/ -->\n<title>Piazza Palma - Massa Carrara Live<\/title>\n<meta name=\"description\" content=\"II percorso didattico, nel corso del quinquennio, viene messo a punto tenendo conto delle peculiarit\u00e0 di ogni singolo alunno, cercando di valorizzarne sempre e in ogni caso le positivit\u00e0 e mirando ad una formazione globale, che permetta un proficuo proseguimento degli studi nelle Universit\u00e0, Accademie di Belle Arti, ISIA, o specializzazioni post diploma, ma che consenta anche un avvicinamento al mondo del lavoro. Tutte le discipline sono finalizzate a sviluppare negli allievi la creativit\u00e0 personale, le capacit\u00e0 di gestire autonomamente un \u201citer progettuale\u201d completo, l\u2019acquisizione di una coscienza critica e di una metodologia operativa che consenta loro di incidere sulla propria realt\u00e0 territoriale, nonch\u00e9 sulla propria formazione personale. La scuola trova cos\u00ec nella progettualit\u00e0 lo strumento pi\u00f9 efficace per raggiungere i suoi obiettivi.\" \/>\n<meta name=\"robots\" content=\"index, follow, max-snippet:-1, max-image-preview:large, max-video-preview:-1\" \/>\n<link rel=\"canonical\" href=\"https:\/\/massacarrara-live.it\/index.php\/edifici-e-location\/edifici-di-interesse-a-massa\/piazza-palma-massa\/\" \/>\n<meta property=\"og:locale\" content=\"it_IT\" \/>\n<meta property=\"og:type\" content=\"article\" \/>\n<meta property=\"og:title\" content=\"Piazza Palma - Massa Carrara Live\" \/>\n<meta property=\"og:description\" content=\"II percorso didattico, nel corso del quinquennio, viene messo a punto tenendo conto delle peculiarit\u00e0 di ogni singolo alunno, cercando di valorizzarne sempre e in ogni caso le positivit\u00e0 e mirando ad una formazione globale, che permetta un proficuo proseguimento degli studi nelle Universit\u00e0, Accademie di Belle Arti, ISIA, o specializzazioni post diploma, ma che consenta anche un avvicinamento al mondo del lavoro. Tutte le discipline sono finalizzate a sviluppare negli allievi la creativit\u00e0 personale, le capacit\u00e0 di gestire autonomamente un \u201citer progettuale\u201d completo, l\u2019acquisizione di una coscienza critica e di una metodologia operativa che consenta loro di incidere sulla propria realt\u00e0 territoriale, nonch\u00e9 sulla propria formazione personale. La scuola trova cos\u00ec nella progettualit\u00e0 lo strumento pi\u00f9 efficace per raggiungere i suoi obiettivi.\" \/>\n<meta property=\"og:url\" content=\"https:\/\/massacarrara-live.it\/index.php\/edifici-e-location\/edifici-di-interesse-a-massa\/piazza-palma-massa\/\" \/>\n<meta property=\"og:site_name\" content=\"Massa Carrara Live\" \/>\n<meta property=\"article:modified_time\" content=\"2021-02-27T08:44:21+00:00\" \/>\n<meta property=\"og:image\" content=\"https:\/\/massacarrara-live.it\/wp-content\/uploads\/2021\/02\/Ppalma2-1024x597.jpg\" \/>\n<meta name=\"twitter:card\" content=\"summary_large_image\" \/>\n<meta name=\"twitter:label1\" content=\"Tempo di lettura stimato\" \/>\n\t<meta name=\"twitter:data1\" content=\"1 minuto\" \/>\n<script type=\"application\/ld+json\" class=\"yoast-schema-graph\">{\"@context\":\"https:\\\/\\\/schema.org\",\"@graph\":[{\"@type\":\"WebPage\",\"@id\":\"https:\\\/\\\/massacarrara-live.it\\\/index.php\\\/edifici-e-location\\\/edifici-di-interesse-a-massa\\\/piazza-palma-massa\\\/\",\"url\":\"https:\\\/\\\/massacarrara-live.it\\\/index.php\\\/edifici-e-location\\\/edifici-di-interesse-a-massa\\\/piazza-palma-massa\\\/\",\"name\":\"Piazza Palma - Massa Carrara Live\",\"isPartOf\":{\"@id\":\"https:\\\/\\\/massacarrara-live.it\\\/#website\"},\"primaryImageOfPage\":{\"@id\":\"https:\\\/\\\/massacarrara-live.it\\\/index.php\\\/edifici-e-location\\\/edifici-di-interesse-a-massa\\\/piazza-palma-massa\\\/#primaryimage\"},\"image\":{\"@id\":\"https:\\\/\\\/massacarrara-live.it\\\/index.php\\\/edifici-e-location\\\/edifici-di-interesse-a-massa\\\/piazza-palma-massa\\\/#primaryimage\"},\"thumbnailUrl\":\"https:\\\/\\\/massacarrara-live.it\\\/wp-content\\\/uploads\\\/2021\\\/02\\\/Ppalma2-1024x597.jpg\",\"datePublished\":\"2021-02-27T08:34:43+00:00\",\"dateModified\":\"2021-02-27T08:44:21+00:00\",\"description\":\"II percorso didattico, nel corso del quinquennio, viene messo a punto tenendo conto delle peculiarit\u00e0 di ogni singolo alunno, cercando di valorizzarne sempre e in ogni caso le positivit\u00e0 e mirando ad una formazione globale, che permetta un proficuo proseguimento degli studi nelle Universit\u00e0, Accademie di Belle Arti, ISIA, o specializzazioni post diploma, ma che consenta anche un avvicinamento al mondo del lavoro. Tutte le discipline sono finalizzate a sviluppare negli allievi la creativit\u00e0 personale, le capacit\u00e0 di gestire autonomamente un \u201citer progettuale\u201d completo, l\u2019acquisizione di una coscienza critica e di una metodologia operativa che consenta loro di incidere sulla propria realt\u00e0 territoriale, nonch\u00e9 sulla propria formazione personale. La scuola trova cos\u00ec nella progettualit\u00e0 lo strumento pi\u00f9 efficace per raggiungere i suoi obiettivi.\",\"breadcrumb\":{\"@id\":\"https:\\\/\\\/massacarrara-live.it\\\/index.php\\\/edifici-e-location\\\/edifici-di-interesse-a-massa\\\/piazza-palma-massa\\\/#breadcrumb\"},\"inLanguage\":\"it-IT\",\"potentialAction\":[{\"@type\":\"ReadAction\",\"target\":[\"https:\\\/\\\/massacarrara-live.it\\\/index.php\\\/edifici-e-location\\\/edifici-di-interesse-a-massa\\\/piazza-palma-massa\\\/\"]}]},{\"@type\":\"ImageObject\",\"inLanguage\":\"it-IT\",\"@id\":\"https:\\\/\\\/massacarrara-live.it\\\/index.php\\\/edifici-e-location\\\/edifici-di-interesse-a-massa\\\/piazza-palma-massa\\\/#primaryimage\",\"url\":\"https:\\\/\\\/massacarrara-live.it\\\/wp-content\\\/uploads\\\/2021\\\/02\\\/Ppalma2.jpg\",\"contentUrl\":\"https:\\\/\\\/massacarrara-live.it\\\/wp-content\\\/uploads\\\/2021\\\/02\\\/Ppalma2.jpg\",\"width\":1900,\"height\":1108},{\"@type\":\"BreadcrumbList\",\"@id\":\"https:\\\/\\\/massacarrara-live.it\\\/index.php\\\/edifici-e-location\\\/edifici-di-interesse-a-massa\\\/piazza-palma-massa\\\/#breadcrumb\",\"itemListElement\":[{\"@type\":\"ListItem\",\"position\":1,\"name\":\"Home\",\"item\":\"https:\\\/\\\/massacarrara-live.it\\\/\"},{\"@type\":\"ListItem\",\"position\":2,\"name\":\"Edifici e location\",\"item\":\"https:\\\/\\\/massacarrara-live.it\\\/index.php\\\/edifici-e-location\\\/\"},{\"@type\":\"ListItem\",\"position\":3,\"name\":\"Edifici di interesse a Massa\",\"item\":\"https:\\\/\\\/massacarrara-live.it\\\/index.php\\\/edifici-e-location\\\/edifici-di-interesse-a-massa\\\/\"},{\"@type\":\"ListItem\",\"position\":4,\"name\":\"Piazza Palma\"}]},{\"@type\":\"WebSite\",\"@id\":\"https:\\\/\\\/massacarrara-live.it\\\/#website\",\"url\":\"https:\\\/\\\/massacarrara-live.it\\\/\",\"name\":\"Massa Carrara Live\",\"description\":\"Informazioni provincia di Massa Carrara\",\"publisher\":{\"@id\":\"https:\\\/\\\/massacarrara-live.it\\\/#organization\"},\"potentialAction\":[{\"@type\":\"SearchAction\",\"target\":{\"@type\":\"EntryPoint\",\"urlTemplate\":\"https:\\\/\\\/massacarrara-live.it\\\/?s={search_term_string}\"},\"query-input\":{\"@type\":\"PropertyValueSpecification\",\"valueRequired\":true,\"valueName\":\"search_term_string\"}}],\"inLanguage\":\"it-IT\"},{\"@type\":\"Organization\",\"@id\":\"https:\\\/\\\/massacarrara-live.it\\\/#organization\",\"name\":\"Global Art Srls\",\"url\":\"https:\\\/\\\/massacarrara-live.it\\\/\",\"logo\":{\"@type\":\"ImageObject\",\"inLanguage\":\"it-IT\",\"@id\":\"https:\\\/\\\/massacarrara-live.it\\\/#\\\/schema\\\/logo\\\/image\\\/\",\"url\":\"https:\\\/\\\/massacarrara-live.it\\\/wp-content\\\/uploads\\\/2020\\\/02\\\/logoNewPic-copia.jpg\",\"contentUrl\":\"https:\\\/\\\/massacarrara-live.it\\\/wp-content\\\/uploads\\\/2020\\\/02\\\/logoNewPic-copia.jpg\",\"width\":1194,\"height\":881,\"caption\":\"Global Art Srls\"},\"image\":{\"@id\":\"https:\\\/\\\/massacarrara-live.it\\\/#\\\/schema\\\/logo\\\/image\\\/\"}}]}<\/script>\n<!-- \/ Yoast SEO plugin. -->","yoast_head_json":{"title":"Piazza Palma - Massa Carrara Live","description":"II percorso didattico, nel corso del quinquennio, viene messo a punto tenendo conto delle peculiarit\u00e0 di ogni singolo alunno, cercando di valorizzarne sempre e in ogni caso le positivit\u00e0 e mirando ad una formazione globale, che permetta un proficuo proseguimento degli studi nelle Universit\u00e0, Accademie di Belle Arti, ISIA, o specializzazioni post diploma, ma che consenta anche un avvicinamento al mondo del lavoro. Tutte le discipline sono finalizzate a sviluppare negli allievi la creativit\u00e0 personale, le capacit\u00e0 di gestire autonomamente un \u201citer progettuale\u201d completo, l\u2019acquisizione di una coscienza critica e di una metodologia operativa che consenta loro di incidere sulla propria realt\u00e0 territoriale, nonch\u00e9 sulla propria formazione personale. La scuola trova cos\u00ec nella progettualit\u00e0 lo strumento pi\u00f9 efficace per raggiungere i suoi obiettivi.","robots":{"index":"index","follow":"follow","max-snippet":"max-snippet:-1","max-image-preview":"max-image-preview:large","max-video-preview":"max-video-preview:-1"},"canonical":"https:\/\/massacarrara-live.it\/index.php\/edifici-e-location\/edifici-di-interesse-a-massa\/piazza-palma-massa\/","og_locale":"it_IT","og_type":"article","og_title":"Piazza Palma - Massa Carrara Live","og_description":"II percorso didattico, nel corso del quinquennio, viene messo a punto tenendo conto delle peculiarit\u00e0 di ogni singolo alunno, cercando di valorizzarne sempre e in ogni caso le positivit\u00e0 e mirando ad una formazione globale, che permetta un proficuo proseguimento degli studi nelle Universit\u00e0, Accademie di Belle Arti, ISIA, o specializzazioni post diploma, ma che consenta anche un avvicinamento al mondo del lavoro. Tutte le discipline sono finalizzate a sviluppare negli allievi la creativit\u00e0 personale, le capacit\u00e0 di gestire autonomamente un \u201citer progettuale\u201d completo, l\u2019acquisizione di una coscienza critica e di una metodologia operativa che consenta loro di incidere sulla propria realt\u00e0 territoriale, nonch\u00e9 sulla propria formazione personale. La scuola trova cos\u00ec nella progettualit\u00e0 lo strumento pi\u00f9 efficace per raggiungere i suoi obiettivi.","og_url":"https:\/\/massacarrara-live.it\/index.php\/edifici-e-location\/edifici-di-interesse-a-massa\/piazza-palma-massa\/","og_site_name":"Massa Carrara Live","article_modified_time":"2021-02-27T08:44:21+00:00","og_image":[{"url":"https:\/\/massacarrara-live.it\/wp-content\/uploads\/2021\/02\/Ppalma2-1024x597.jpg","type":"","width":"","height":""}],"twitter_card":"summary_large_image","twitter_misc":{"Tempo di lettura stimato":"1 minuto"},"schema":{"@context":"https:\/\/schema.org","@graph":[{"@type":"WebPage","@id":"https:\/\/massacarrara-live.it\/index.php\/edifici-e-location\/edifici-di-interesse-a-massa\/piazza-palma-massa\/","url":"https:\/\/massacarrara-live.it\/index.php\/edifici-e-location\/edifici-di-interesse-a-massa\/piazza-palma-massa\/","name":"Piazza Palma - Massa Carrara Live","isPartOf":{"@id":"https:\/\/massacarrara-live.it\/#website"},"primaryImageOfPage":{"@id":"https:\/\/massacarrara-live.it\/index.php\/edifici-e-location\/edifici-di-interesse-a-massa\/piazza-palma-massa\/#primaryimage"},"image":{"@id":"https:\/\/massacarrara-live.it\/index.php\/edifici-e-location\/edifici-di-interesse-a-massa\/piazza-palma-massa\/#primaryimage"},"thumbnailUrl":"https:\/\/massacarrara-live.it\/wp-content\/uploads\/2021\/02\/Ppalma2-1024x597.jpg","datePublished":"2021-02-27T08:34:43+00:00","dateModified":"2021-02-27T08:44:21+00:00","description":"II percorso didattico, nel corso del quinquennio, viene messo a punto tenendo conto delle peculiarit\u00e0 di ogni singolo alunno, cercando di valorizzarne sempre e in ogni caso le positivit\u00e0 e mirando ad una formazione globale, che permetta un proficuo proseguimento degli studi nelle Universit\u00e0, Accademie di Belle Arti, ISIA, o specializzazioni post diploma, ma che consenta anche un avvicinamento al mondo del lavoro. Tutte le discipline sono finalizzate a sviluppare negli allievi la creativit\u00e0 personale, le capacit\u00e0 di gestire autonomamente un \u201citer progettuale\u201d completo, l\u2019acquisizione di una coscienza critica e di una metodologia operativa che consenta loro di incidere sulla propria realt\u00e0 territoriale, nonch\u00e9 sulla propria formazione personale. La scuola trova cos\u00ec nella progettualit\u00e0 lo strumento pi\u00f9 efficace per raggiungere i suoi obiettivi.","breadcrumb":{"@id":"https:\/\/massacarrara-live.it\/index.php\/edifici-e-location\/edifici-di-interesse-a-massa\/piazza-palma-massa\/#breadcrumb"},"inLanguage":"it-IT","potentialAction":[{"@type":"ReadAction","target":["https:\/\/massacarrara-live.it\/index.php\/edifici-e-location\/edifici-di-interesse-a-massa\/piazza-palma-massa\/"]}]},{"@type":"ImageObject","inLanguage":"it-IT","@id":"https:\/\/massacarrara-live.it\/index.php\/edifici-e-location\/edifici-di-interesse-a-massa\/piazza-palma-massa\/#primaryimage","url":"https:\/\/massacarrara-live.it\/wp-content\/uploads\/2021\/02\/Ppalma2.jpg","contentUrl":"https:\/\/massacarrara-live.it\/wp-content\/uploads\/2021\/02\/Ppalma2.jpg","width":1900,"height":1108},{"@type":"BreadcrumbList","@id":"https:\/\/massacarrara-live.it\/index.php\/edifici-e-location\/edifici-di-interesse-a-massa\/piazza-palma-massa\/#breadcrumb","itemListElement":[{"@type":"ListItem","position":1,"name":"Home","item":"https:\/\/massacarrara-live.it\/"},{"@type":"ListItem","position":2,"name":"Edifici e location","item":"https:\/\/massacarrara-live.it\/index.php\/edifici-e-location\/"},{"@type":"ListItem","position":3,"name":"Edifici di interesse a Massa","item":"https:\/\/massacarrara-live.it\/index.php\/edifici-e-location\/edifici-di-interesse-a-massa\/"},{"@type":"ListItem","position":4,"name":"Piazza Palma"}]},{"@type":"WebSite","@id":"https:\/\/massacarrara-live.it\/#website","url":"https:\/\/massacarrara-live.it\/","name":"Massa Carrara Live","description":"Informazioni provincia di Massa Carrara","publisher":{"@id":"https:\/\/massacarrara-live.it\/#organization"},"potentialAction":[{"@type":"SearchAction","target":{"@type":"EntryPoint","urlTemplate":"https:\/\/massacarrara-live.it\/?s={search_term_string}"},"query-input":{"@type":"PropertyValueSpecification","valueRequired":true,"valueName":"search_term_string"}}],"inLanguage":"it-IT"},{"@type":"Organization","@id":"https:\/\/massacarrara-live.it\/#organization","name":"Global Art Srls","url":"https:\/\/massacarrara-live.it\/","logo":{"@type":"ImageObject","inLanguage":"it-IT","@id":"https:\/\/massacarrara-live.it\/#\/schema\/logo\/image\/","url":"https:\/\/massacarrara-live.it\/wp-content\/uploads\/2020\/02\/logoNewPic-copia.jpg","contentUrl":"https:\/\/massacarrara-live.it\/wp-content\/uploads\/2020\/02\/logoNewPic-copia.jpg","width":1194,"height":881,"caption":"Global Art Srls"},"image":{"@id":"https:\/\/massacarrara-live.it\/#\/schema\/logo\/image\/"}}]}},"_links":{"self":[{"href":"https:\/\/massacarrara-live.it\/index.php\/wp-json\/wp\/v2\/pages\/2538","targetHints":{"allow":["GET"]}}],"collection":[{"href":"https:\/\/massacarrara-live.it\/index.php\/wp-json\/wp\/v2\/pages"}],"about":[{"href":"https:\/\/massacarrara-live.it\/index.php\/wp-json\/wp\/v2\/types\/page"}],"author":[{"embeddable":true,"href":"https:\/\/massacarrara-live.it\/index.php\/wp-json\/wp\/v2\/users\/1"}],"replies":[{"embeddable":true,"href":"https:\/\/massacarrara-live.it\/index.php\/wp-json\/wp\/v2\/comments?post=2538"}],"version-history":[{"count":3,"href":"https:\/\/massacarrara-live.it\/index.php\/wp-json\/wp\/v2\/pages\/2538\/revisions"}],"predecessor-version":[{"id":2546,"href":"https:\/\/massacarrara-live.it\/index.php\/wp-json\/wp\/v2\/pages\/2538\/revisions\/2546"}],"up":[{"embeddable":true,"href":"https:\/\/massacarrara-live.it\/index.php\/wp-json\/wp\/v2\/pages\/149"}],"wp:attachment":[{"href":"https:\/\/massacarrara-live.it\/index.php\/wp-json\/wp\/v2\/media?parent=2538"}],"curies":[{"name":"wp","href":"https:\/\/api.w.org\/{rel}","templated":true}]}}