{"id":231,"date":"2019-11-22T21:19:22","date_gmt":"2019-11-22T21:19:22","guid":{"rendered":"http:\/\/massacarrara-live.it\/?page_id=231"},"modified":"2019-11-24T10:27:07","modified_gmt":"2019-11-24T10:27:07","slug":"casa-emmanuele-repetti","status":"publish","type":"page","link":"https:\/\/massacarrara-live.it\/index.php\/edifici-e-location\/edifici-e-location-carrara\/casa-emmanuele-repetti\/","title":{"rendered":"Casa Emmanuele Repetti"},"content":{"rendered":"\n<div class=\"wp-block-image\"><figure class=\"aligncenter size-large\"><img fetchpriority=\"high\" decoding=\"async\" width=\"400\" height=\"534\" src=\"http:\/\/massacarrara-live.it\/wp-content\/uploads\/2019\/11\/casanatalerepetti.jpg\" alt=\"\" class=\"wp-image-232\" srcset=\"https:\/\/massacarrara-live.it\/wp-content\/uploads\/2019\/11\/casanatalerepetti.jpg 400w, https:\/\/massacarrara-live.it\/wp-content\/uploads\/2019\/11\/casanatalerepetti-225x300.jpg 225w\" sizes=\"(max-width: 400px) 100vw, 400px\" \/><\/figure><\/div>\n\n\n\n<p>E&#8217; situata all&#8217;inizio di via Santa Maria vicino alla chiesa del Carmine ed \u00e8 uno dei pochi esempi rimasti di abitazione medievale, la facciata \u00e8 decorata da particolari formelle. Deve il suo nome al naturalista Emanuele Repetti che nel millesettecento l&#8217;abit\u00f2, e pare che vi soggiorn\u00f2 anche Francesco Petrarca<\/p>\n","protected":false},"excerpt":{"rendered":"<p>E&#8217; situata all&#8217;inizio di via Santa Maria vicino alla chiesa del Carmine ed \u00e8 uno dei pochi esempi rimasti di abitazione medievale, la facciata \u00e8 decorata da particolari formelle. Deve il suo nome al naturalista Emanuele Repetti che nel millesettecento l&#8217;abit\u00f2, e pare che vi soggiorn\u00f2 anche Francesco Petrarca<\/p>\n","protected":false},"author":1,"featured_media":233,"parent":155,"menu_order":0,"comment_status":"closed","ping_status":"closed","template":"","meta":{"footnotes":""},"class_list":["post-231","page","type-page","status-publish","has-post-thumbnail","hentry"],"yoast_head":"<!-- This site is optimized with the Yoast SEO plugin v27.4 - https:\/\/yoast.com\/product\/yoast-seo-wordpress\/ -->\n<title>Casa Emmanuele Repetti - Massa Carrara Live<\/title>\n<meta name=\"robots\" content=\"index, follow, max-snippet:-1, max-image-preview:large, max-video-preview:-1\" \/>\n<link rel=\"canonical\" href=\"https:\/\/massacarrara-live.it\/index.php\/edifici-e-location\/edifici-e-location-carrara\/casa-emmanuele-repetti\/\" \/>\n<meta property=\"og:locale\" content=\"it_IT\" \/>\n<meta property=\"og:type\" content=\"article\" \/>\n<meta property=\"og:title\" content=\"Casa Emmanuele Repetti - Massa Carrara Live\" \/>\n<meta property=\"og:description\" content=\"E&#8217; situata all&#8217;inizio di via Santa Maria vicino alla chiesa del Carmine ed \u00e8 uno dei pochi esempi rimasti di abitazione medievale, la facciata \u00e8 decorata da particolari formelle. Deve il suo nome al naturalista Emanuele Repetti che nel millesettecento l&#8217;abit\u00f2, e pare che vi soggiorn\u00f2 anche Francesco Petrarca\" \/>\n<meta property=\"og:url\" content=\"https:\/\/massacarrara-live.it\/index.php\/edifici-e-location\/edifici-e-location-carrara\/casa-emmanuele-repetti\/\" \/>\n<meta property=\"og:site_name\" content=\"Massa Carrara Live\" \/>\n<meta property=\"article:modified_time\" content=\"2019-11-24T10:27:07+00:00\" \/>\n<meta property=\"og:image\" content=\"https:\/\/massacarrara-live.it\/wp-content\/uploads\/2019\/11\/Casarepetti.jpg\" \/>\n\t<meta property=\"og:image:width\" content=\"1100\" \/>\n\t<meta property=\"og:image:height\" content=\"825\" \/>\n\t<meta property=\"og:image:type\" content=\"image\/jpeg\" \/>\n<meta name=\"twitter:card\" content=\"summary_large_image\" \/>\n<script type=\"application\/ld+json\" class=\"yoast-schema-graph\">{\"@context\":\"https:\\\/\\\/schema.org\",\"@graph\":[{\"@type\":\"WebPage\",\"@id\":\"https:\\\/\\\/massacarrara-live.it\\\/index.php\\\/edifici-e-location\\\/edifici-e-location-carrara\\\/casa-emmanuele-repetti\\\/\",\"url\":\"https:\\\/\\\/massacarrara-live.it\\\/index.php\\\/edifici-e-location\\\/edifici-e-location-carrara\\\/casa-emmanuele-repetti\\\/\",\"name\":\"Casa Emmanuele Repetti - Massa Carrara Live\",\"isPartOf\":{\"@id\":\"https:\\\/\\\/massacarrara-live.it\\\/#website\"},\"primaryImageOfPage\":{\"@id\":\"https:\\\/\\\/massacarrara-live.it\\\/index.php\\\/edifici-e-location\\\/edifici-e-location-carrara\\\/casa-emmanuele-repetti\\\/#primaryimage\"},\"image\":{\"@id\":\"https:\\\/\\\/massacarrara-live.it\\\/index.php\\\/edifici-e-location\\\/edifici-e-location-carrara\\\/casa-emmanuele-repetti\\\/#primaryimage\"},\"thumbnailUrl\":\"https:\\\/\\\/massacarrara-live.it\\\/wp-content\\\/uploads\\\/2019\\\/11\\\/Casarepetti.jpg\",\"datePublished\":\"2019-11-22T21:19:22+00:00\",\"dateModified\":\"2019-11-24T10:27:07+00:00\",\"breadcrumb\":{\"@id\":\"https:\\\/\\\/massacarrara-live.it\\\/index.php\\\/edifici-e-location\\\/edifici-e-location-carrara\\\/casa-emmanuele-repetti\\\/#breadcrumb\"},\"inLanguage\":\"it-IT\",\"potentialAction\":[{\"@type\":\"ReadAction\",\"target\":[\"https:\\\/\\\/massacarrara-live.it\\\/index.php\\\/edifici-e-location\\\/edifici-e-location-carrara\\\/casa-emmanuele-repetti\\\/\"]}]},{\"@type\":\"ImageObject\",\"inLanguage\":\"it-IT\",\"@id\":\"https:\\\/\\\/massacarrara-live.it\\\/index.php\\\/edifici-e-location\\\/edifici-e-location-carrara\\\/casa-emmanuele-repetti\\\/#primaryimage\",\"url\":\"https:\\\/\\\/massacarrara-live.it\\\/wp-content\\\/uploads\\\/2019\\\/11\\\/Casarepetti.jpg\",\"contentUrl\":\"https:\\\/\\\/massacarrara-live.it\\\/wp-content\\\/uploads\\\/2019\\\/11\\\/Casarepetti.jpg\",\"width\":1100,\"height\":825},{\"@type\":\"BreadcrumbList\",\"@id\":\"https:\\\/\\\/massacarrara-live.it\\\/index.php\\\/edifici-e-location\\\/edifici-e-location-carrara\\\/casa-emmanuele-repetti\\\/#breadcrumb\",\"itemListElement\":[{\"@type\":\"ListItem\",\"position\":1,\"name\":\"Home\",\"item\":\"https:\\\/\\\/massacarrara-live.it\\\/\"},{\"@type\":\"ListItem\",\"position\":2,\"name\":\"Edifici e location\",\"item\":\"https:\\\/\\\/massacarrara-live.it\\\/index.php\\\/edifici-e-location\\\/\"},{\"@type\":\"ListItem\",\"position\":3,\"name\":\"Edifici e location Carrara\",\"item\":\"https:\\\/\\\/massacarrara-live.it\\\/index.php\\\/edifici-e-location\\\/edifici-e-location-carrara\\\/\"},{\"@type\":\"ListItem\",\"position\":4,\"name\":\"Casa Emmanuele Repetti\"}]},{\"@type\":\"WebSite\",\"@id\":\"https:\\\/\\\/massacarrara-live.it\\\/#website\",\"url\":\"https:\\\/\\\/massacarrara-live.it\\\/\",\"name\":\"Massa Carrara Live\",\"description\":\"Informazioni provincia di Massa Carrara\",\"publisher\":{\"@id\":\"https:\\\/\\\/massacarrara-live.it\\\/#organization\"},\"potentialAction\":[{\"@type\":\"SearchAction\",\"target\":{\"@type\":\"EntryPoint\",\"urlTemplate\":\"https:\\\/\\\/massacarrara-live.it\\\/?s={search_term_string}\"},\"query-input\":{\"@type\":\"PropertyValueSpecification\",\"valueRequired\":true,\"valueName\":\"search_term_string\"}}],\"inLanguage\":\"it-IT\"},{\"@type\":\"Organization\",\"@id\":\"https:\\\/\\\/massacarrara-live.it\\\/#organization\",\"name\":\"Global Art Srls\",\"url\":\"https:\\\/\\\/massacarrara-live.it\\\/\",\"logo\":{\"@type\":\"ImageObject\",\"inLanguage\":\"it-IT\",\"@id\":\"https:\\\/\\\/massacarrara-live.it\\\/#\\\/schema\\\/logo\\\/image\\\/\",\"url\":\"https:\\\/\\\/massacarrara-live.it\\\/wp-content\\\/uploads\\\/2020\\\/02\\\/logoNewPic-copia.jpg\",\"contentUrl\":\"https:\\\/\\\/massacarrara-live.it\\\/wp-content\\\/uploads\\\/2020\\\/02\\\/logoNewPic-copia.jpg\",\"width\":1194,\"height\":881,\"caption\":\"Global Art Srls\"},\"image\":{\"@id\":\"https:\\\/\\\/massacarrara-live.it\\\/#\\\/schema\\\/logo\\\/image\\\/\"}}]}<\/script>\n<!-- \/ Yoast SEO plugin. -->","yoast_head_json":{"title":"Casa Emmanuele Repetti - Massa Carrara Live","robots":{"index":"index","follow":"follow","max-snippet":"max-snippet:-1","max-image-preview":"max-image-preview:large","max-video-preview":"max-video-preview:-1"},"canonical":"https:\/\/massacarrara-live.it\/index.php\/edifici-e-location\/edifici-e-location-carrara\/casa-emmanuele-repetti\/","og_locale":"it_IT","og_type":"article","og_title":"Casa Emmanuele Repetti - Massa Carrara Live","og_description":"E&#8217; situata all&#8217;inizio di via Santa Maria vicino alla chiesa del Carmine ed \u00e8 uno dei pochi esempi rimasti di abitazione medievale, la facciata \u00e8 decorata da particolari formelle. Deve il suo nome al naturalista Emanuele Repetti che nel millesettecento l&#8217;abit\u00f2, e pare che vi soggiorn\u00f2 anche Francesco Petrarca","og_url":"https:\/\/massacarrara-live.it\/index.php\/edifici-e-location\/edifici-e-location-carrara\/casa-emmanuele-repetti\/","og_site_name":"Massa Carrara Live","article_modified_time":"2019-11-24T10:27:07+00:00","og_image":[{"width":1100,"height":825,"url":"https:\/\/massacarrara-live.it\/wp-content\/uploads\/2019\/11\/Casarepetti.jpg","type":"image\/jpeg"}],"twitter_card":"summary_large_image","schema":{"@context":"https:\/\/schema.org","@graph":[{"@type":"WebPage","@id":"https:\/\/massacarrara-live.it\/index.php\/edifici-e-location\/edifici-e-location-carrara\/casa-emmanuele-repetti\/","url":"https:\/\/massacarrara-live.it\/index.php\/edifici-e-location\/edifici-e-location-carrara\/casa-emmanuele-repetti\/","name":"Casa Emmanuele Repetti - Massa Carrara Live","isPartOf":{"@id":"https:\/\/massacarrara-live.it\/#website"},"primaryImageOfPage":{"@id":"https:\/\/massacarrara-live.it\/index.php\/edifici-e-location\/edifici-e-location-carrara\/casa-emmanuele-repetti\/#primaryimage"},"image":{"@id":"https:\/\/massacarrara-live.it\/index.php\/edifici-e-location\/edifici-e-location-carrara\/casa-emmanuele-repetti\/#primaryimage"},"thumbnailUrl":"https:\/\/massacarrara-live.it\/wp-content\/uploads\/2019\/11\/Casarepetti.jpg","datePublished":"2019-11-22T21:19:22+00:00","dateModified":"2019-11-24T10:27:07+00:00","breadcrumb":{"@id":"https:\/\/massacarrara-live.it\/index.php\/edifici-e-location\/edifici-e-location-carrara\/casa-emmanuele-repetti\/#breadcrumb"},"inLanguage":"it-IT","potentialAction":[{"@type":"ReadAction","target":["https:\/\/massacarrara-live.it\/index.php\/edifici-e-location\/edifici-e-location-carrara\/casa-emmanuele-repetti\/"]}]},{"@type":"ImageObject","inLanguage":"it-IT","@id":"https:\/\/massacarrara-live.it\/index.php\/edifici-e-location\/edifici-e-location-carrara\/casa-emmanuele-repetti\/#primaryimage","url":"https:\/\/massacarrara-live.it\/wp-content\/uploads\/2019\/11\/Casarepetti.jpg","contentUrl":"https:\/\/massacarrara-live.it\/wp-content\/uploads\/2019\/11\/Casarepetti.jpg","width":1100,"height":825},{"@type":"BreadcrumbList","@id":"https:\/\/massacarrara-live.it\/index.php\/edifici-e-location\/edifici-e-location-carrara\/casa-emmanuele-repetti\/#breadcrumb","itemListElement":[{"@type":"ListItem","position":1,"name":"Home","item":"https:\/\/massacarrara-live.it\/"},{"@type":"ListItem","position":2,"name":"Edifici e location","item":"https:\/\/massacarrara-live.it\/index.php\/edifici-e-location\/"},{"@type":"ListItem","position":3,"name":"Edifici e location Carrara","item":"https:\/\/massacarrara-live.it\/index.php\/edifici-e-location\/edifici-e-location-carrara\/"},{"@type":"ListItem","position":4,"name":"Casa Emmanuele Repetti"}]},{"@type":"WebSite","@id":"https:\/\/massacarrara-live.it\/#website","url":"https:\/\/massacarrara-live.it\/","name":"Massa Carrara Live","description":"Informazioni provincia di Massa Carrara","publisher":{"@id":"https:\/\/massacarrara-live.it\/#organization"},"potentialAction":[{"@type":"SearchAction","target":{"@type":"EntryPoint","urlTemplate":"https:\/\/massacarrara-live.it\/?s={search_term_string}"},"query-input":{"@type":"PropertyValueSpecification","valueRequired":true,"valueName":"search_term_string"}}],"inLanguage":"it-IT"},{"@type":"Organization","@id":"https:\/\/massacarrara-live.it\/#organization","name":"Global Art Srls","url":"https:\/\/massacarrara-live.it\/","logo":{"@type":"ImageObject","inLanguage":"it-IT","@id":"https:\/\/massacarrara-live.it\/#\/schema\/logo\/image\/","url":"https:\/\/massacarrara-live.it\/wp-content\/uploads\/2020\/02\/logoNewPic-copia.jpg","contentUrl":"https:\/\/massacarrara-live.it\/wp-content\/uploads\/2020\/02\/logoNewPic-copia.jpg","width":1194,"height":881,"caption":"Global Art Srls"},"image":{"@id":"https:\/\/massacarrara-live.it\/#\/schema\/logo\/image\/"}}]}},"_links":{"self":[{"href":"https:\/\/massacarrara-live.it\/index.php\/wp-json\/wp\/v2\/pages\/231","targetHints":{"allow":["GET"]}}],"collection":[{"href":"https:\/\/massacarrara-live.it\/index.php\/wp-json\/wp\/v2\/pages"}],"about":[{"href":"https:\/\/massacarrara-live.it\/index.php\/wp-json\/wp\/v2\/types\/page"}],"author":[{"embeddable":true,"href":"https:\/\/massacarrara-live.it\/index.php\/wp-json\/wp\/v2\/users\/1"}],"replies":[{"embeddable":true,"href":"https:\/\/massacarrara-live.it\/index.php\/wp-json\/wp\/v2\/comments?post=231"}],"version-history":[{"count":1,"href":"https:\/\/massacarrara-live.it\/index.php\/wp-json\/wp\/v2\/pages\/231\/revisions"}],"predecessor-version":[{"id":234,"href":"https:\/\/massacarrara-live.it\/index.php\/wp-json\/wp\/v2\/pages\/231\/revisions\/234"}],"up":[{"embeddable":true,"href":"https:\/\/massacarrara-live.it\/index.php\/wp-json\/wp\/v2\/pages\/155"}],"wp:featuredmedia":[{"embeddable":true,"href":"https:\/\/massacarrara-live.it\/index.php\/wp-json\/wp\/v2\/media\/233"}],"wp:attachment":[{"href":"https:\/\/massacarrara-live.it\/index.php\/wp-json\/wp\/v2\/media?parent=231"}],"curies":[{"name":"wp","href":"https:\/\/api.w.org\/{rel}","templated":true}]}}