{"id":218,"date":"2019-11-22T20:56:56","date_gmt":"2019-11-22T20:56:56","guid":{"rendered":"http:\/\/massacarrara-live.it\/?page_id=218"},"modified":"2019-11-24T07:38:09","modified_gmt":"2019-11-24T07:38:09","slug":"chiesa-di-san-leonardo-a-frigido","status":"publish","type":"page","link":"https:\/\/massacarrara-live.it\/index.php\/edifici-e-location\/edifici-di-interesse-a-massa\/chiesa-di-san-leonardo-a-frigido\/","title":{"rendered":"Chiesa di San Leonardo a Frigido"},"content":{"rendered":"\n<div class=\"wp-block-image\"><figure class=\"aligncenter size-large\"><img fetchpriority=\"high\" decoding=\"async\" width=\"320\" height=\"287\" src=\"http:\/\/massacarrara-live.it\/wp-content\/uploads\/2019\/11\/massasanleonardo.jpg\" alt=\"\" class=\"wp-image-219\" srcset=\"https:\/\/massacarrara-live.it\/wp-content\/uploads\/2019\/11\/massasanleonardo.jpg 320w, https:\/\/massacarrara-live.it\/wp-content\/uploads\/2019\/11\/massasanleonardo-300x269.jpg 300w\" sizes=\"(max-width: 320px) 100vw, 320px\" \/><\/figure><\/div>\n\n\n\n<p>\u00c8 di stile romanico ed ebbe annesso, in epoca medioevale, un hospitale, cio\u00e8 un ospizio per viandanti, retto da monaci. L&#8217;insediamento medievale, probabilmente insisteva su un altro romano : &#8220;Ad Tabernas Frigidas&#8221;, dal quale troviamo notizia sulla Tabula Peutingeriana. Era una mansio romana, luogo di sosta e di riposo con alloggi, magazzini e derrate necessarie per le truppe che transitavano lungo la via Aemilia Scauri e che si dirigevano verso Luni. Pi\u00f9 tardi il sito pass\u00f2 sotto il nome di &#8220;Burgo Frigidi&#8221; e l&#8217;hospitale presso la chiesa, oggi scomparso, eredit\u00f2 dall&#8217;epoca precedente la funzione di ricovero per viandanti. Durante i lavori di restauro della chiesa, condotti dalla Soprintendenza ai Monumenti di Pisa, intorno agli anni 1953 &#8211; 1954, furono rinvenuti tre tracciati sovrapposti, residui di murature interrate e reperti marmorei con caratteri epigrafici latini. L&#8217;edificio sacro presenta un&#8217;unica aula, un coro rettangolare che insiste, nel sottosuolo, su di una struttura semicircolare, forse il basamento di una pi\u00f9 antica abside. Il lato sud, fino a circa 40 cm di altezza dal suolo, \u00e8 costituito da pietre lavorate in modo rozzo e poste in posizione orizzontale; da l\u00ec fino al tetto si tratta di pietrame irregolare che dimostra che sono stati fatti nuovi rifacimenti; sul lato sud-est si nota una bifora con archetti ogivali in marmo bianco. Il lato nord presenta tratti originali della facciata fino a 1,70 m fino al coro dove vi sono altre due monfore. Sul lato vicino alla facciata si notano dei caratteristici filari di pietre disposte a spina di pesce. La porta d&#8217;ingresso era ornata da un portale di ingresso del XII secolo opera dell&#8217;artista Biduino e rappresentava l&#8217;ingresso di Ges\u00f9 a Gerusalemme. Adesso quest&#8217;opera si trova nel Metropolitan Museum di New York. Originariamente aveva tre porte: la principale nella facciata, una nel muro nord e una terza in quello sud, che collegava il cortile interno dell&#8217;hospitale col presbiterio. Verso il XVII secolo venne rialzato il piano della Chiesa per difenderlo dalle piene del fiume e cos\u00ec si fece anche per il sagrato. La Chiesa rimase in questo modo fino al 1880; dopo l&#8217;edificio cadde in abbandono fino al restauro del 1954. <\/p>\n","protected":false},"excerpt":{"rendered":"<p>\u00c8 di stile romanico ed ebbe annesso, in epoca medioevale, un hospitale, cio\u00e8 un ospizio per viandanti, retto da monaci. L&#8217;insediamento medievale, probabilmente insisteva su un altro romano : &#8220;Ad Tabernas Frigidas&#8221;, dal quale troviamo notizia sulla Tabula Peutingeriana. Era una mansio romana, luogo di sosta e di riposo con &hellip;<\/p>\n","protected":false},"author":1,"featured_media":0,"parent":149,"menu_order":0,"comment_status":"closed","ping_status":"closed","template":"","meta":{"footnotes":""},"class_list":["post-218","page","type-page","status-publish","hentry"],"yoast_head":"<!-- This site is optimized with the Yoast SEO plugin v27.4 - https:\/\/yoast.com\/product\/yoast-seo-wordpress\/ -->\n<title>Chiesa di San Leonardo a Frigido - Massa Carrara Live<\/title>\n<meta name=\"robots\" content=\"index, follow, max-snippet:-1, max-image-preview:large, max-video-preview:-1\" \/>\n<link rel=\"canonical\" href=\"https:\/\/massacarrara-live.it\/index.php\/edifici-e-location\/edifici-di-interesse-a-massa\/chiesa-di-san-leonardo-a-frigido\/\" \/>\n<meta property=\"og:locale\" content=\"it_IT\" \/>\n<meta property=\"og:type\" content=\"article\" \/>\n<meta property=\"og:title\" content=\"Chiesa di San Leonardo a Frigido - Massa Carrara Live\" \/>\n<meta property=\"og:description\" content=\"\u00c8 di stile romanico ed ebbe annesso, in epoca medioevale, un hospitale, cio\u00e8 un ospizio per viandanti, retto da monaci. L&#8217;insediamento medievale, probabilmente insisteva su un altro romano : &#8220;Ad Tabernas Frigidas&#8221;, dal quale troviamo notizia sulla Tabula Peutingeriana. Era una mansio romana, luogo di sosta e di riposo con &hellip;\" \/>\n<meta property=\"og:url\" content=\"https:\/\/massacarrara-live.it\/index.php\/edifici-e-location\/edifici-di-interesse-a-massa\/chiesa-di-san-leonardo-a-frigido\/\" \/>\n<meta property=\"og:site_name\" content=\"Massa Carrara Live\" \/>\n<meta property=\"article:modified_time\" content=\"2019-11-24T07:38:09+00:00\" \/>\n<meta property=\"og:image\" content=\"http:\/\/massacarrara-live.it\/wp-content\/uploads\/2019\/11\/massasanleonardo.jpg\" \/>\n<meta name=\"twitter:card\" content=\"summary_large_image\" \/>\n<meta name=\"twitter:label1\" content=\"Tempo di lettura stimato\" \/>\n\t<meta name=\"twitter:data1\" content=\"2 minuti\" \/>\n<script type=\"application\/ld+json\" class=\"yoast-schema-graph\">{\"@context\":\"https:\\\/\\\/schema.org\",\"@graph\":[{\"@type\":\"WebPage\",\"@id\":\"https:\\\/\\\/massacarrara-live.it\\\/index.php\\\/edifici-e-location\\\/edifici-di-interesse-a-massa\\\/chiesa-di-san-leonardo-a-frigido\\\/\",\"url\":\"https:\\\/\\\/massacarrara-live.it\\\/index.php\\\/edifici-e-location\\\/edifici-di-interesse-a-massa\\\/chiesa-di-san-leonardo-a-frigido\\\/\",\"name\":\"Chiesa di San Leonardo a Frigido - Massa Carrara Live\",\"isPartOf\":{\"@id\":\"https:\\\/\\\/massacarrara-live.it\\\/#website\"},\"primaryImageOfPage\":{\"@id\":\"https:\\\/\\\/massacarrara-live.it\\\/index.php\\\/edifici-e-location\\\/edifici-di-interesse-a-massa\\\/chiesa-di-san-leonardo-a-frigido\\\/#primaryimage\"},\"image\":{\"@id\":\"https:\\\/\\\/massacarrara-live.it\\\/index.php\\\/edifici-e-location\\\/edifici-di-interesse-a-massa\\\/chiesa-di-san-leonardo-a-frigido\\\/#primaryimage\"},\"thumbnailUrl\":\"http:\\\/\\\/massacarrara-live.it\\\/wp-content\\\/uploads\\\/2019\\\/11\\\/massasanleonardo.jpg\",\"datePublished\":\"2019-11-22T20:56:56+00:00\",\"dateModified\":\"2019-11-24T07:38:09+00:00\",\"breadcrumb\":{\"@id\":\"https:\\\/\\\/massacarrara-live.it\\\/index.php\\\/edifici-e-location\\\/edifici-di-interesse-a-massa\\\/chiesa-di-san-leonardo-a-frigido\\\/#breadcrumb\"},\"inLanguage\":\"it-IT\",\"potentialAction\":[{\"@type\":\"ReadAction\",\"target\":[\"https:\\\/\\\/massacarrara-live.it\\\/index.php\\\/edifici-e-location\\\/edifici-di-interesse-a-massa\\\/chiesa-di-san-leonardo-a-frigido\\\/\"]}]},{\"@type\":\"ImageObject\",\"inLanguage\":\"it-IT\",\"@id\":\"https:\\\/\\\/massacarrara-live.it\\\/index.php\\\/edifici-e-location\\\/edifici-di-interesse-a-massa\\\/chiesa-di-san-leonardo-a-frigido\\\/#primaryimage\",\"url\":\"http:\\\/\\\/massacarrara-live.it\\\/wp-content\\\/uploads\\\/2019\\\/11\\\/massasanleonardo.jpg\",\"contentUrl\":\"http:\\\/\\\/massacarrara-live.it\\\/wp-content\\\/uploads\\\/2019\\\/11\\\/massasanleonardo.jpg\"},{\"@type\":\"BreadcrumbList\",\"@id\":\"https:\\\/\\\/massacarrara-live.it\\\/index.php\\\/edifici-e-location\\\/edifici-di-interesse-a-massa\\\/chiesa-di-san-leonardo-a-frigido\\\/#breadcrumb\",\"itemListElement\":[{\"@type\":\"ListItem\",\"position\":1,\"name\":\"Home\",\"item\":\"https:\\\/\\\/massacarrara-live.it\\\/\"},{\"@type\":\"ListItem\",\"position\":2,\"name\":\"Edifici e location\",\"item\":\"https:\\\/\\\/massacarrara-live.it\\\/index.php\\\/edifici-e-location\\\/\"},{\"@type\":\"ListItem\",\"position\":3,\"name\":\"Edifici di interesse a Massa\",\"item\":\"https:\\\/\\\/massacarrara-live.it\\\/index.php\\\/edifici-e-location\\\/edifici-di-interesse-a-massa\\\/\"},{\"@type\":\"ListItem\",\"position\":4,\"name\":\"Chiesa di San Leonardo a Frigido\"}]},{\"@type\":\"WebSite\",\"@id\":\"https:\\\/\\\/massacarrara-live.it\\\/#website\",\"url\":\"https:\\\/\\\/massacarrara-live.it\\\/\",\"name\":\"Massa Carrara Live\",\"description\":\"Informazioni provincia di Massa Carrara\",\"publisher\":{\"@id\":\"https:\\\/\\\/massacarrara-live.it\\\/#organization\"},\"potentialAction\":[{\"@type\":\"SearchAction\",\"target\":{\"@type\":\"EntryPoint\",\"urlTemplate\":\"https:\\\/\\\/massacarrara-live.it\\\/?s={search_term_string}\"},\"query-input\":{\"@type\":\"PropertyValueSpecification\",\"valueRequired\":true,\"valueName\":\"search_term_string\"}}],\"inLanguage\":\"it-IT\"},{\"@type\":\"Organization\",\"@id\":\"https:\\\/\\\/massacarrara-live.it\\\/#organization\",\"name\":\"Global Art Srls\",\"url\":\"https:\\\/\\\/massacarrara-live.it\\\/\",\"logo\":{\"@type\":\"ImageObject\",\"inLanguage\":\"it-IT\",\"@id\":\"https:\\\/\\\/massacarrara-live.it\\\/#\\\/schema\\\/logo\\\/image\\\/\",\"url\":\"https:\\\/\\\/massacarrara-live.it\\\/wp-content\\\/uploads\\\/2020\\\/02\\\/logoNewPic-copia.jpg\",\"contentUrl\":\"https:\\\/\\\/massacarrara-live.it\\\/wp-content\\\/uploads\\\/2020\\\/02\\\/logoNewPic-copia.jpg\",\"width\":1194,\"height\":881,\"caption\":\"Global Art Srls\"},\"image\":{\"@id\":\"https:\\\/\\\/massacarrara-live.it\\\/#\\\/schema\\\/logo\\\/image\\\/\"}}]}<\/script>\n<!-- \/ Yoast SEO plugin. -->","yoast_head_json":{"title":"Chiesa di San Leonardo a Frigido - Massa Carrara Live","robots":{"index":"index","follow":"follow","max-snippet":"max-snippet:-1","max-image-preview":"max-image-preview:large","max-video-preview":"max-video-preview:-1"},"canonical":"https:\/\/massacarrara-live.it\/index.php\/edifici-e-location\/edifici-di-interesse-a-massa\/chiesa-di-san-leonardo-a-frigido\/","og_locale":"it_IT","og_type":"article","og_title":"Chiesa di San Leonardo a Frigido - Massa Carrara Live","og_description":"\u00c8 di stile romanico ed ebbe annesso, in epoca medioevale, un hospitale, cio\u00e8 un ospizio per viandanti, retto da monaci. L&#8217;insediamento medievale, probabilmente insisteva su un altro romano : &#8220;Ad Tabernas Frigidas&#8221;, dal quale troviamo notizia sulla Tabula Peutingeriana. Era una mansio romana, luogo di sosta e di riposo con &hellip;","og_url":"https:\/\/massacarrara-live.it\/index.php\/edifici-e-location\/edifici-di-interesse-a-massa\/chiesa-di-san-leonardo-a-frigido\/","og_site_name":"Massa Carrara Live","article_modified_time":"2019-11-24T07:38:09+00:00","og_image":[{"url":"http:\/\/massacarrara-live.it\/wp-content\/uploads\/2019\/11\/massasanleonardo.jpg","type":"","width":"","height":""}],"twitter_card":"summary_large_image","twitter_misc":{"Tempo di lettura stimato":"2 minuti"},"schema":{"@context":"https:\/\/schema.org","@graph":[{"@type":"WebPage","@id":"https:\/\/massacarrara-live.it\/index.php\/edifici-e-location\/edifici-di-interesse-a-massa\/chiesa-di-san-leonardo-a-frigido\/","url":"https:\/\/massacarrara-live.it\/index.php\/edifici-e-location\/edifici-di-interesse-a-massa\/chiesa-di-san-leonardo-a-frigido\/","name":"Chiesa di San Leonardo a Frigido - Massa Carrara Live","isPartOf":{"@id":"https:\/\/massacarrara-live.it\/#website"},"primaryImageOfPage":{"@id":"https:\/\/massacarrara-live.it\/index.php\/edifici-e-location\/edifici-di-interesse-a-massa\/chiesa-di-san-leonardo-a-frigido\/#primaryimage"},"image":{"@id":"https:\/\/massacarrara-live.it\/index.php\/edifici-e-location\/edifici-di-interesse-a-massa\/chiesa-di-san-leonardo-a-frigido\/#primaryimage"},"thumbnailUrl":"http:\/\/massacarrara-live.it\/wp-content\/uploads\/2019\/11\/massasanleonardo.jpg","datePublished":"2019-11-22T20:56:56+00:00","dateModified":"2019-11-24T07:38:09+00:00","breadcrumb":{"@id":"https:\/\/massacarrara-live.it\/index.php\/edifici-e-location\/edifici-di-interesse-a-massa\/chiesa-di-san-leonardo-a-frigido\/#breadcrumb"},"inLanguage":"it-IT","potentialAction":[{"@type":"ReadAction","target":["https:\/\/massacarrara-live.it\/index.php\/edifici-e-location\/edifici-di-interesse-a-massa\/chiesa-di-san-leonardo-a-frigido\/"]}]},{"@type":"ImageObject","inLanguage":"it-IT","@id":"https:\/\/massacarrara-live.it\/index.php\/edifici-e-location\/edifici-di-interesse-a-massa\/chiesa-di-san-leonardo-a-frigido\/#primaryimage","url":"http:\/\/massacarrara-live.it\/wp-content\/uploads\/2019\/11\/massasanleonardo.jpg","contentUrl":"http:\/\/massacarrara-live.it\/wp-content\/uploads\/2019\/11\/massasanleonardo.jpg"},{"@type":"BreadcrumbList","@id":"https:\/\/massacarrara-live.it\/index.php\/edifici-e-location\/edifici-di-interesse-a-massa\/chiesa-di-san-leonardo-a-frigido\/#breadcrumb","itemListElement":[{"@type":"ListItem","position":1,"name":"Home","item":"https:\/\/massacarrara-live.it\/"},{"@type":"ListItem","position":2,"name":"Edifici e location","item":"https:\/\/massacarrara-live.it\/index.php\/edifici-e-location\/"},{"@type":"ListItem","position":3,"name":"Edifici di interesse a Massa","item":"https:\/\/massacarrara-live.it\/index.php\/edifici-e-location\/edifici-di-interesse-a-massa\/"},{"@type":"ListItem","position":4,"name":"Chiesa di San Leonardo a Frigido"}]},{"@type":"WebSite","@id":"https:\/\/massacarrara-live.it\/#website","url":"https:\/\/massacarrara-live.it\/","name":"Massa Carrara Live","description":"Informazioni provincia di Massa Carrara","publisher":{"@id":"https:\/\/massacarrara-live.it\/#organization"},"potentialAction":[{"@type":"SearchAction","target":{"@type":"EntryPoint","urlTemplate":"https:\/\/massacarrara-live.it\/?s={search_term_string}"},"query-input":{"@type":"PropertyValueSpecification","valueRequired":true,"valueName":"search_term_string"}}],"inLanguage":"it-IT"},{"@type":"Organization","@id":"https:\/\/massacarrara-live.it\/#organization","name":"Global Art Srls","url":"https:\/\/massacarrara-live.it\/","logo":{"@type":"ImageObject","inLanguage":"it-IT","@id":"https:\/\/massacarrara-live.it\/#\/schema\/logo\/image\/","url":"https:\/\/massacarrara-live.it\/wp-content\/uploads\/2020\/02\/logoNewPic-copia.jpg","contentUrl":"https:\/\/massacarrara-live.it\/wp-content\/uploads\/2020\/02\/logoNewPic-copia.jpg","width":1194,"height":881,"caption":"Global Art Srls"},"image":{"@id":"https:\/\/massacarrara-live.it\/#\/schema\/logo\/image\/"}}]}},"_links":{"self":[{"href":"https:\/\/massacarrara-live.it\/index.php\/wp-json\/wp\/v2\/pages\/218","targetHints":{"allow":["GET"]}}],"collection":[{"href":"https:\/\/massacarrara-live.it\/index.php\/wp-json\/wp\/v2\/pages"}],"about":[{"href":"https:\/\/massacarrara-live.it\/index.php\/wp-json\/wp\/v2\/types\/page"}],"author":[{"embeddable":true,"href":"https:\/\/massacarrara-live.it\/index.php\/wp-json\/wp\/v2\/users\/1"}],"replies":[{"embeddable":true,"href":"https:\/\/massacarrara-live.it\/index.php\/wp-json\/wp\/v2\/comments?post=218"}],"version-history":[{"count":1,"href":"https:\/\/massacarrara-live.it\/index.php\/wp-json\/wp\/v2\/pages\/218\/revisions"}],"predecessor-version":[{"id":220,"href":"https:\/\/massacarrara-live.it\/index.php\/wp-json\/wp\/v2\/pages\/218\/revisions\/220"}],"up":[{"embeddable":true,"href":"https:\/\/massacarrara-live.it\/index.php\/wp-json\/wp\/v2\/pages\/149"}],"wp:attachment":[{"href":"https:\/\/massacarrara-live.it\/index.php\/wp-json\/wp\/v2\/media?parent=218"}],"curies":[{"name":"wp","href":"https:\/\/api.w.org\/{rel}","templated":true}]}}