{"id":2119,"date":"2020-02-03T20:09:31","date_gmt":"2020-02-03T20:09:31","guid":{"rendered":"https:\/\/massacarrara-live.it\/?page_id=2119"},"modified":"2021-04-30T10:43:22","modified_gmt":"2021-04-30T10:43:22","slug":"castello-di-monti-licciana-nardi-lunigiana-massacarraralive","status":"publish","type":"page","link":"https:\/\/massacarrara-live.it\/index.php\/edifici-di-interesse-lunigiana\/castello-di-monti-licciana-nardi-lunigiana-massacarraralive\/","title":{"rendered":"Castello di Monti Licciana Nardi"},"content":{"rendered":"\n<p>La leggenda vuole che sul sito del villaggio di Monti, nei pressi della sua Pieve sulla sponda destra del fiume Taverone, sorgesse l&#8217;antica citt\u00e0 di Venelia, distrutta dai Longobardi durante la loro scesa in Italia alla met\u00e0 del VII secolo. Proprio a fianco dell&#8217;antica pieve si trova la strada conduce alla localit\u00e0 Monti Castello, posta sul colle che ospita il maniero medievale un tempo presidio a difesa della vicina via Francigena. L&#8217;esistenza del castello \u00e8 documentata con certezza solo dal 1275 quando la zona compresa fra i torrenti Taverone e Civeglia erano sotto il dominio dei Conti di Moregnano che cedettero il possesso delle terre alla famiglia Malaspina di Villafranca nel 1355. Agli inizi del 1400 Monti divenne un feudo indipendente comandato dai marchesi Simone e Nicola Malaspina che, sconfitti dai Genovesi nel 1449, furono costretti a lasciare Monti sotto la signoria dei Campofregoso. Il castello dopo 14 anni torn\u00f2 di propriet\u00e0 dei Malaspina che intrapresero immediatamente opere di ampliamento e rafforzamento delle strutture difensive. Nel 1500 Monti fu incorporato nella circoscrizione del marchese Spinetta Malaspina insieme a Bastia, Licciana Nardi, Panicale, Poedenzana, Suvero e Terrarossa. Dopo 24 anni di pace il castello fu conquistato dal condottiero Giovanni dalle Bande Nere per poi tornare ai Malaspina nel 1638. Alla morte di Spinetta, il feudo si smembr\u00f2 e Monti divenne parte del Granducato di Toscana. Il castello presenta una struttura di rettangolo irregolare nella quale svetta il possente mastio quadrato ancora dotato dei mensoloni in pietra sui quali poggiava l&#8217;apparato difensivo visibile anche su gran parte delle cortine murarie. Gli angoli sono rinforzati da torri cilindriche di diverse dimensioni, nella pi\u00f9 massiccia delle quali si apre la porta di accesso principale un tempo dotata di ponte levatoio. Lungo tutto il perimetro murato \u00e8 chiaramente visibile la merlatura ghibellina a coda di rondine, anche se i vuoti sono stati murati per costruire l&#8217;ampio tetto a falde. Il castello \u00e8 immerso in una quiete quasi irreale, circondato da un bosco di lecci secolari ed un grande prato che fu quasi certamente il cortile esterno del castello o piazza d&#8217;armi. Anche il borgo sottostante conserva tracce delle antiche fortificazioni, soprattutto la porta occidentale, con l&#8217;arco originale ancora integro e torrette angolari dotate di merlatura. Il castello di Monti appartiene ancora ai discendenti dei marchesi Malaspina che lo usano come residenza estiva. E&#8217; visitabile solo esternamente, salvo particolari iniziative o occasioni. <\/p>\n","protected":false},"excerpt":{"rendered":"<p>La leggenda vuole che sul sito del villaggio di Monti, nei pressi della sua Pieve sulla sponda destra del fiume Taverone, sorgesse l&#8217;antica citt\u00e0 di Venelia, distrutta dai Longobardi durante la loro scesa in Italia alla met\u00e0 del VII secolo. Proprio a fianco dell&#8217;antica pieve si trova la strada conduce &hellip;<\/p>\n","protected":false},"author":1,"featured_media":2208,"parent":2097,"menu_order":0,"comment_status":"closed","ping_status":"closed","template":"","meta":{"footnotes":""},"class_list":["post-2119","page","type-page","status-publish","has-post-thumbnail","hentry"],"yoast_head":"<!-- This site is optimized with the Yoast SEO plugin v27.5 - https:\/\/yoast.com\/product\/yoast-seo-wordpress\/ -->\n<title>Castello di Monti Licciana Nardi - Massa Carrara Live<\/title>\n<meta name=\"description\" content=\"La leggenda vuole che sul sito del villaggio di Monti, nei pressi della sua Pieve sulla sponda destra del fiume Taverone, sorgesse l&#039;antica citt\u00e0 di Venelia, distrutta dai Longobardi durante la loro scesa in Italia alla met\u00e0 del VII secolo. Proprio a fianco dell&#039;antica pieve si trova la strada conduce alla localit\u00e0 Monti Castello, posta sul colle che ospita il maniero medievale un tempo presidio a difesa della vicina via Francigena\" \/>\n<meta name=\"robots\" content=\"index, follow, max-snippet:-1, max-image-preview:large, max-video-preview:-1\" \/>\n<link rel=\"canonical\" href=\"https:\/\/massacarrara-live.it\/index.php\/edifici-di-interesse-lunigiana\/castello-di-monti-licciana-nardi-lunigiana-massacarraralive\/\" \/>\n<meta property=\"og:locale\" content=\"it_IT\" \/>\n<meta property=\"og:type\" content=\"article\" \/>\n<meta property=\"og:title\" content=\"Castello di Monti Licciana Nardi - Massa Carrara Live\" \/>\n<meta property=\"og:description\" content=\"La leggenda vuole che sul sito del villaggio di Monti, nei pressi della sua Pieve sulla sponda destra del fiume Taverone, sorgesse l&#039;antica citt\u00e0 di Venelia, distrutta dai Longobardi durante la loro scesa in Italia alla met\u00e0 del VII secolo. Proprio a fianco dell&#039;antica pieve si trova la strada conduce alla localit\u00e0 Monti Castello, posta sul colle che ospita il maniero medievale un tempo presidio a difesa della vicina via Francigena\" \/>\n<meta property=\"og:url\" content=\"https:\/\/massacarrara-live.it\/index.php\/edifici-di-interesse-lunigiana\/castello-di-monti-licciana-nardi-lunigiana-massacarraralive\/\" \/>\n<meta property=\"og:site_name\" content=\"Massa Carrara Live\" \/>\n<meta property=\"article:modified_time\" content=\"2021-04-30T10:43:22+00:00\" \/>\n<meta property=\"og:image\" content=\"https:\/\/massacarrara-live.it\/wp-content\/uploads\/2020\/02\/CastelloMonti.jpg\" \/>\n\t<meta property=\"og:image:width\" content=\"1400\" \/>\n\t<meta property=\"og:image:height\" content=\"830\" \/>\n\t<meta property=\"og:image:type\" content=\"image\/jpeg\" \/>\n<meta name=\"twitter:card\" content=\"summary_large_image\" \/>\n<meta name=\"twitter:label1\" content=\"Tempo di lettura stimato\" \/>\n\t<meta name=\"twitter:data1\" content=\"2 minuti\" \/>\n<script type=\"application\/ld+json\" class=\"yoast-schema-graph\">{\"@context\":\"https:\\\/\\\/schema.org\",\"@graph\":[{\"@type\":\"WebPage\",\"@id\":\"https:\\\/\\\/massacarrara-live.it\\\/index.php\\\/edifici-di-interesse-lunigiana\\\/castello-di-monti-licciana-nardi-lunigiana-massacarraralive\\\/\",\"url\":\"https:\\\/\\\/massacarrara-live.it\\\/index.php\\\/edifici-di-interesse-lunigiana\\\/castello-di-monti-licciana-nardi-lunigiana-massacarraralive\\\/\",\"name\":\"Castello di Monti Licciana Nardi - Massa Carrara Live\",\"isPartOf\":{\"@id\":\"https:\\\/\\\/massacarrara-live.it\\\/#website\"},\"primaryImageOfPage\":{\"@id\":\"https:\\\/\\\/massacarrara-live.it\\\/index.php\\\/edifici-di-interesse-lunigiana\\\/castello-di-monti-licciana-nardi-lunigiana-massacarraralive\\\/#primaryimage\"},\"image\":{\"@id\":\"https:\\\/\\\/massacarrara-live.it\\\/index.php\\\/edifici-di-interesse-lunigiana\\\/castello-di-monti-licciana-nardi-lunigiana-massacarraralive\\\/#primaryimage\"},\"thumbnailUrl\":\"https:\\\/\\\/massacarrara-live.it\\\/wp-content\\\/uploads\\\/2020\\\/02\\\/CastelloMonti.jpg\",\"datePublished\":\"2020-02-03T20:09:31+00:00\",\"dateModified\":\"2021-04-30T10:43:22+00:00\",\"description\":\"La leggenda vuole che sul sito del villaggio di Monti, nei pressi della sua Pieve sulla sponda destra del fiume Taverone, sorgesse l'antica citt\u00e0 di Venelia, distrutta dai Longobardi durante la loro scesa in Italia alla met\u00e0 del VII secolo. Proprio a fianco dell'antica pieve si trova la strada conduce alla localit\u00e0 Monti Castello, posta sul colle che ospita il maniero medievale un tempo presidio a difesa della vicina via Francigena\",\"breadcrumb\":{\"@id\":\"https:\\\/\\\/massacarrara-live.it\\\/index.php\\\/edifici-di-interesse-lunigiana\\\/castello-di-monti-licciana-nardi-lunigiana-massacarraralive\\\/#breadcrumb\"},\"inLanguage\":\"it-IT\",\"potentialAction\":[{\"@type\":\"ReadAction\",\"target\":[\"https:\\\/\\\/massacarrara-live.it\\\/index.php\\\/edifici-di-interesse-lunigiana\\\/castello-di-monti-licciana-nardi-lunigiana-massacarraralive\\\/\"]}]},{\"@type\":\"ImageObject\",\"inLanguage\":\"it-IT\",\"@id\":\"https:\\\/\\\/massacarrara-live.it\\\/index.php\\\/edifici-di-interesse-lunigiana\\\/castello-di-monti-licciana-nardi-lunigiana-massacarraralive\\\/#primaryimage\",\"url\":\"https:\\\/\\\/massacarrara-live.it\\\/wp-content\\\/uploads\\\/2020\\\/02\\\/CastelloMonti.jpg\",\"contentUrl\":\"https:\\\/\\\/massacarrara-live.it\\\/wp-content\\\/uploads\\\/2020\\\/02\\\/CastelloMonti.jpg\",\"width\":1400,\"height\":830},{\"@type\":\"BreadcrumbList\",\"@id\":\"https:\\\/\\\/massacarrara-live.it\\\/index.php\\\/edifici-di-interesse-lunigiana\\\/castello-di-monti-licciana-nardi-lunigiana-massacarraralive\\\/#breadcrumb\",\"itemListElement\":[{\"@type\":\"ListItem\",\"position\":1,\"name\":\"Home\",\"item\":\"https:\\\/\\\/massacarrara-live.it\\\/\"},{\"@type\":\"ListItem\",\"position\":2,\"name\":\"Edifici di interesse Lunigiana\",\"item\":\"https:\\\/\\\/massacarrara-live.it\\\/index.php\\\/edifici-di-interesse-lunigiana\\\/\"},{\"@type\":\"ListItem\",\"position\":3,\"name\":\"Castello di Monti Licciana Nardi\"}]},{\"@type\":\"WebSite\",\"@id\":\"https:\\\/\\\/massacarrara-live.it\\\/#website\",\"url\":\"https:\\\/\\\/massacarrara-live.it\\\/\",\"name\":\"Massa Carrara Live\",\"description\":\"Informazioni provincia di Massa Carrara\",\"publisher\":{\"@id\":\"https:\\\/\\\/massacarrara-live.it\\\/#organization\"},\"potentialAction\":[{\"@type\":\"SearchAction\",\"target\":{\"@type\":\"EntryPoint\",\"urlTemplate\":\"https:\\\/\\\/massacarrara-live.it\\\/?s={search_term_string}\"},\"query-input\":{\"@type\":\"PropertyValueSpecification\",\"valueRequired\":true,\"valueName\":\"search_term_string\"}}],\"inLanguage\":\"it-IT\"},{\"@type\":\"Organization\",\"@id\":\"https:\\\/\\\/massacarrara-live.it\\\/#organization\",\"name\":\"Global Art Srls\",\"url\":\"https:\\\/\\\/massacarrara-live.it\\\/\",\"logo\":{\"@type\":\"ImageObject\",\"inLanguage\":\"it-IT\",\"@id\":\"https:\\\/\\\/massacarrara-live.it\\\/#\\\/schema\\\/logo\\\/image\\\/\",\"url\":\"https:\\\/\\\/massacarrara-live.it\\\/wp-content\\\/uploads\\\/2020\\\/02\\\/logoNewPic-copia.jpg\",\"contentUrl\":\"https:\\\/\\\/massacarrara-live.it\\\/wp-content\\\/uploads\\\/2020\\\/02\\\/logoNewPic-copia.jpg\",\"width\":1194,\"height\":881,\"caption\":\"Global Art Srls\"},\"image\":{\"@id\":\"https:\\\/\\\/massacarrara-live.it\\\/#\\\/schema\\\/logo\\\/image\\\/\"}}]}<\/script>\n<!-- \/ Yoast SEO plugin. -->","yoast_head_json":{"title":"Castello di Monti Licciana Nardi - Massa Carrara Live","description":"La leggenda vuole che sul sito del villaggio di Monti, nei pressi della sua Pieve sulla sponda destra del fiume Taverone, sorgesse l'antica citt\u00e0 di Venelia, distrutta dai Longobardi durante la loro scesa in Italia alla met\u00e0 del VII secolo. Proprio a fianco dell'antica pieve si trova la strada conduce alla localit\u00e0 Monti Castello, posta sul colle che ospita il maniero medievale un tempo presidio a difesa della vicina via Francigena","robots":{"index":"index","follow":"follow","max-snippet":"max-snippet:-1","max-image-preview":"max-image-preview:large","max-video-preview":"max-video-preview:-1"},"canonical":"https:\/\/massacarrara-live.it\/index.php\/edifici-di-interesse-lunigiana\/castello-di-monti-licciana-nardi-lunigiana-massacarraralive\/","og_locale":"it_IT","og_type":"article","og_title":"Castello di Monti Licciana Nardi - Massa Carrara Live","og_description":"La leggenda vuole che sul sito del villaggio di Monti, nei pressi della sua Pieve sulla sponda destra del fiume Taverone, sorgesse l'antica citt\u00e0 di Venelia, distrutta dai Longobardi durante la loro scesa in Italia alla met\u00e0 del VII secolo. Proprio a fianco dell'antica pieve si trova la strada conduce alla localit\u00e0 Monti Castello, posta sul colle che ospita il maniero medievale un tempo presidio a difesa della vicina via Francigena","og_url":"https:\/\/massacarrara-live.it\/index.php\/edifici-di-interesse-lunigiana\/castello-di-monti-licciana-nardi-lunigiana-massacarraralive\/","og_site_name":"Massa Carrara Live","article_modified_time":"2021-04-30T10:43:22+00:00","og_image":[{"width":1400,"height":830,"url":"https:\/\/massacarrara-live.it\/wp-content\/uploads\/2020\/02\/CastelloMonti.jpg","type":"image\/jpeg"}],"twitter_card":"summary_large_image","twitter_misc":{"Tempo di lettura stimato":"2 minuti"},"schema":{"@context":"https:\/\/schema.org","@graph":[{"@type":"WebPage","@id":"https:\/\/massacarrara-live.it\/index.php\/edifici-di-interesse-lunigiana\/castello-di-monti-licciana-nardi-lunigiana-massacarraralive\/","url":"https:\/\/massacarrara-live.it\/index.php\/edifici-di-interesse-lunigiana\/castello-di-monti-licciana-nardi-lunigiana-massacarraralive\/","name":"Castello di Monti Licciana Nardi - Massa Carrara Live","isPartOf":{"@id":"https:\/\/massacarrara-live.it\/#website"},"primaryImageOfPage":{"@id":"https:\/\/massacarrara-live.it\/index.php\/edifici-di-interesse-lunigiana\/castello-di-monti-licciana-nardi-lunigiana-massacarraralive\/#primaryimage"},"image":{"@id":"https:\/\/massacarrara-live.it\/index.php\/edifici-di-interesse-lunigiana\/castello-di-monti-licciana-nardi-lunigiana-massacarraralive\/#primaryimage"},"thumbnailUrl":"https:\/\/massacarrara-live.it\/wp-content\/uploads\/2020\/02\/CastelloMonti.jpg","datePublished":"2020-02-03T20:09:31+00:00","dateModified":"2021-04-30T10:43:22+00:00","description":"La leggenda vuole che sul sito del villaggio di Monti, nei pressi della sua Pieve sulla sponda destra del fiume Taverone, sorgesse l'antica citt\u00e0 di Venelia, distrutta dai Longobardi durante la loro scesa in Italia alla met\u00e0 del VII secolo. Proprio a fianco dell'antica pieve si trova la strada conduce alla localit\u00e0 Monti Castello, posta sul colle che ospita il maniero medievale un tempo presidio a difesa della vicina via Francigena","breadcrumb":{"@id":"https:\/\/massacarrara-live.it\/index.php\/edifici-di-interesse-lunigiana\/castello-di-monti-licciana-nardi-lunigiana-massacarraralive\/#breadcrumb"},"inLanguage":"it-IT","potentialAction":[{"@type":"ReadAction","target":["https:\/\/massacarrara-live.it\/index.php\/edifici-di-interesse-lunigiana\/castello-di-monti-licciana-nardi-lunigiana-massacarraralive\/"]}]},{"@type":"ImageObject","inLanguage":"it-IT","@id":"https:\/\/massacarrara-live.it\/index.php\/edifici-di-interesse-lunigiana\/castello-di-monti-licciana-nardi-lunigiana-massacarraralive\/#primaryimage","url":"https:\/\/massacarrara-live.it\/wp-content\/uploads\/2020\/02\/CastelloMonti.jpg","contentUrl":"https:\/\/massacarrara-live.it\/wp-content\/uploads\/2020\/02\/CastelloMonti.jpg","width":1400,"height":830},{"@type":"BreadcrumbList","@id":"https:\/\/massacarrara-live.it\/index.php\/edifici-di-interesse-lunigiana\/castello-di-monti-licciana-nardi-lunigiana-massacarraralive\/#breadcrumb","itemListElement":[{"@type":"ListItem","position":1,"name":"Home","item":"https:\/\/massacarrara-live.it\/"},{"@type":"ListItem","position":2,"name":"Edifici di interesse Lunigiana","item":"https:\/\/massacarrara-live.it\/index.php\/edifici-di-interesse-lunigiana\/"},{"@type":"ListItem","position":3,"name":"Castello di Monti Licciana Nardi"}]},{"@type":"WebSite","@id":"https:\/\/massacarrara-live.it\/#website","url":"https:\/\/massacarrara-live.it\/","name":"Massa Carrara Live","description":"Informazioni provincia di Massa Carrara","publisher":{"@id":"https:\/\/massacarrara-live.it\/#organization"},"potentialAction":[{"@type":"SearchAction","target":{"@type":"EntryPoint","urlTemplate":"https:\/\/massacarrara-live.it\/?s={search_term_string}"},"query-input":{"@type":"PropertyValueSpecification","valueRequired":true,"valueName":"search_term_string"}}],"inLanguage":"it-IT"},{"@type":"Organization","@id":"https:\/\/massacarrara-live.it\/#organization","name":"Global Art Srls","url":"https:\/\/massacarrara-live.it\/","logo":{"@type":"ImageObject","inLanguage":"it-IT","@id":"https:\/\/massacarrara-live.it\/#\/schema\/logo\/image\/","url":"https:\/\/massacarrara-live.it\/wp-content\/uploads\/2020\/02\/logoNewPic-copia.jpg","contentUrl":"https:\/\/massacarrara-live.it\/wp-content\/uploads\/2020\/02\/logoNewPic-copia.jpg","width":1194,"height":881,"caption":"Global Art Srls"},"image":{"@id":"https:\/\/massacarrara-live.it\/#\/schema\/logo\/image\/"}}]}},"_links":{"self":[{"href":"https:\/\/massacarrara-live.it\/index.php\/wp-json\/wp\/v2\/pages\/2119","targetHints":{"allow":["GET"]}}],"collection":[{"href":"https:\/\/massacarrara-live.it\/index.php\/wp-json\/wp\/v2\/pages"}],"about":[{"href":"https:\/\/massacarrara-live.it\/index.php\/wp-json\/wp\/v2\/types\/page"}],"author":[{"embeddable":true,"href":"https:\/\/massacarrara-live.it\/index.php\/wp-json\/wp\/v2\/users\/1"}],"replies":[{"embeddable":true,"href":"https:\/\/massacarrara-live.it\/index.php\/wp-json\/wp\/v2\/comments?post=2119"}],"version-history":[{"count":2,"href":"https:\/\/massacarrara-live.it\/index.php\/wp-json\/wp\/v2\/pages\/2119\/revisions"}],"predecessor-version":[{"id":2658,"href":"https:\/\/massacarrara-live.it\/index.php\/wp-json\/wp\/v2\/pages\/2119\/revisions\/2658"}],"up":[{"embeddable":true,"href":"https:\/\/massacarrara-live.it\/index.php\/wp-json\/wp\/v2\/pages\/2097"}],"wp:featuredmedia":[{"embeddable":true,"href":"https:\/\/massacarrara-live.it\/index.php\/wp-json\/wp\/v2\/media\/2208"}],"wp:attachment":[{"href":"https:\/\/massacarrara-live.it\/index.php\/wp-json\/wp\/v2\/media?parent=2119"}],"curies":[{"name":"wp","href":"https:\/\/api.w.org\/{rel}","templated":true}]}}