{"id":2108,"date":"2020-02-03T20:02:20","date_gmt":"2020-02-03T20:02:20","guid":{"rendered":"https:\/\/massacarrara-live.it\/?page_id=2108"},"modified":"2021-04-30T10:33:55","modified_gmt":"2021-04-30T10:33:55","slug":"castello-di-bastia","status":"publish","type":"page","link":"https:\/\/massacarrara-live.it\/index.php\/edifici-di-interesse-lunigiana\/castello-di-bastia\/","title":{"rendered":"Castello di Bastia"},"content":{"rendered":"\n<p>ll castello di Bastia sorge al centro del paese omonimo, sopra un colle di circa 500 metri di altezza che si trova sopra all&#8217;abitato di Licciana Nardi, in posizione strategica per il controllo della strada di accesso al valico del Lagastrello che costituiva nei tempi antichi un punto di passaggio obbligato per spostarsi da Liguria e Toscana verso l&#8217;Emilia. Il castello \u00e8 stato ottimamente conservato (ancora oggi \u00e8 abitato) ed \u00e8 quindi ancora ben riconoscibile il suo aspetto di massiccia fortificazione quadrata del XV\u00b0 secolo, con quattro possenti torri cilindriche agli angoli ed una pi\u00f9 alta all&#8217;interno con la funzione di maschio. Interessanti anche le feritoie ancora presenti sopra il redondone, aggiunte probabilmente nel XVI\u00b0 secolo per il tiro con armi da fuoco, mentre non esistono pi\u00f9 tracce della merlatura a coda di rondine tipica dei castelli Malaspiniani. L&#8217;ingresso originario, unico accesso al mastio e al cortile interno, \u00e8 stato sostituito da una scalinata in pietra sotto la quale per\u00f2 si possono ancora notare gli scalini originali. Una curiosit\u00e0: \u00e8 famosa l\u2019ultima castellana di Bastia, l&#8217;avvenente Anna Malaspina che fu inviata in missione diplomatica in Francia per conquistare il cuore di Filippo XV <br><br> Il castello \u00e8 di propriet\u00e0 privata e visitabile solo su appuntamento chiamando il 0187 474199 o 339 7289282. <\/p>\n","protected":false},"excerpt":{"rendered":"<p>ll castello di Bastia sorge al centro del paese omonimo, sopra un colle di circa 500 metri di altezza che si trova sopra all&#8217;abitato di Licciana Nardi, in posizione strategica per il controllo della strada di accesso al valico del Lagastrello che costituiva nei tempi antichi un punto di passaggio &hellip;<\/p>\n","protected":false},"author":1,"featured_media":2181,"parent":2097,"menu_order":0,"comment_status":"closed","ping_status":"closed","template":"","meta":{"footnotes":""},"class_list":["post-2108","page","type-page","status-publish","has-post-thumbnail","hentry"],"yoast_head":"<!-- This site is optimized with the Yoast SEO plugin v27.5 - https:\/\/yoast.com\/product\/yoast-seo-wordpress\/ -->\n<title>Castello di Bastia - Massa Carrara Live<\/title>\n<meta name=\"description\" content=\"ll castello di Bastia sorge al centro del paese omonimo, sopra un colle di circa 500 metri di altezza che si trova sopra all&#039;abitato di Licciana Nardi, in posizione strategica per il controllo della strada di accesso al valico del Lagastrello che costituiva nei tempi antichi un punto di passaggio obbligato per spostarsi da Liguria e Toscana verso l&#039;Emilia\" \/>\n<meta name=\"robots\" content=\"index, follow, max-snippet:-1, max-image-preview:large, max-video-preview:-1\" \/>\n<link rel=\"canonical\" href=\"https:\/\/massacarrara-live.it\/index.php\/edifici-di-interesse-lunigiana\/castello-di-bastia\/\" \/>\n<meta property=\"og:locale\" content=\"it_IT\" \/>\n<meta property=\"og:type\" content=\"article\" \/>\n<meta property=\"og:title\" content=\"Castello di Bastia - Massa Carrara Live\" \/>\n<meta property=\"og:description\" content=\"ll castello di Bastia sorge al centro del paese omonimo, sopra un colle di circa 500 metri di altezza che si trova sopra all&#039;abitato di Licciana Nardi, in posizione strategica per il controllo della strada di accesso al valico del Lagastrello che costituiva nei tempi antichi un punto di passaggio obbligato per spostarsi da Liguria e Toscana verso l&#039;Emilia\" \/>\n<meta property=\"og:url\" content=\"https:\/\/massacarrara-live.it\/index.php\/edifici-di-interesse-lunigiana\/castello-di-bastia\/\" \/>\n<meta property=\"og:site_name\" content=\"Massa Carrara Live\" \/>\n<meta property=\"article:modified_time\" content=\"2021-04-30T10:33:55+00:00\" \/>\n<meta property=\"og:image\" content=\"https:\/\/massacarrara-live.it\/wp-content\/uploads\/2020\/02\/bastialicciana_nardi.jpg\" \/>\n\t<meta property=\"og:image:width\" content=\"1152\" \/>\n\t<meta property=\"og:image:height\" content=\"768\" \/>\n\t<meta property=\"og:image:type\" content=\"image\/jpeg\" \/>\n<meta name=\"twitter:card\" content=\"summary_large_image\" \/>\n<meta name=\"twitter:label1\" content=\"Tempo di lettura stimato\" \/>\n\t<meta name=\"twitter:data1\" content=\"1 minuto\" \/>\n<script type=\"application\/ld+json\" class=\"yoast-schema-graph\">{\"@context\":\"https:\\\/\\\/schema.org\",\"@graph\":[{\"@type\":\"WebPage\",\"@id\":\"https:\\\/\\\/massacarrara-live.it\\\/index.php\\\/edifici-di-interesse-lunigiana\\\/castello-di-bastia\\\/\",\"url\":\"https:\\\/\\\/massacarrara-live.it\\\/index.php\\\/edifici-di-interesse-lunigiana\\\/castello-di-bastia\\\/\",\"name\":\"Castello di Bastia - Massa Carrara Live\",\"isPartOf\":{\"@id\":\"https:\\\/\\\/massacarrara-live.it\\\/#website\"},\"primaryImageOfPage\":{\"@id\":\"https:\\\/\\\/massacarrara-live.it\\\/index.php\\\/edifici-di-interesse-lunigiana\\\/castello-di-bastia\\\/#primaryimage\"},\"image\":{\"@id\":\"https:\\\/\\\/massacarrara-live.it\\\/index.php\\\/edifici-di-interesse-lunigiana\\\/castello-di-bastia\\\/#primaryimage\"},\"thumbnailUrl\":\"https:\\\/\\\/massacarrara-live.it\\\/wp-content\\\/uploads\\\/2020\\\/02\\\/bastialicciana_nardi.jpg\",\"datePublished\":\"2020-02-03T20:02:20+00:00\",\"dateModified\":\"2021-04-30T10:33:55+00:00\",\"description\":\"ll castello di Bastia sorge al centro del paese omonimo, sopra un colle di circa 500 metri di altezza che si trova sopra all'abitato di Licciana Nardi, in posizione strategica per il controllo della strada di accesso al valico del Lagastrello che costituiva nei tempi antichi un punto di passaggio obbligato per spostarsi da Liguria e Toscana verso l'Emilia\",\"breadcrumb\":{\"@id\":\"https:\\\/\\\/massacarrara-live.it\\\/index.php\\\/edifici-di-interesse-lunigiana\\\/castello-di-bastia\\\/#breadcrumb\"},\"inLanguage\":\"it-IT\",\"potentialAction\":[{\"@type\":\"ReadAction\",\"target\":[\"https:\\\/\\\/massacarrara-live.it\\\/index.php\\\/edifici-di-interesse-lunigiana\\\/castello-di-bastia\\\/\"]}]},{\"@type\":\"ImageObject\",\"inLanguage\":\"it-IT\",\"@id\":\"https:\\\/\\\/massacarrara-live.it\\\/index.php\\\/edifici-di-interesse-lunigiana\\\/castello-di-bastia\\\/#primaryimage\",\"url\":\"https:\\\/\\\/massacarrara-live.it\\\/wp-content\\\/uploads\\\/2020\\\/02\\\/bastialicciana_nardi.jpg\",\"contentUrl\":\"https:\\\/\\\/massacarrara-live.it\\\/wp-content\\\/uploads\\\/2020\\\/02\\\/bastialicciana_nardi.jpg\",\"width\":1152,\"height\":768},{\"@type\":\"BreadcrumbList\",\"@id\":\"https:\\\/\\\/massacarrara-live.it\\\/index.php\\\/edifici-di-interesse-lunigiana\\\/castello-di-bastia\\\/#breadcrumb\",\"itemListElement\":[{\"@type\":\"ListItem\",\"position\":1,\"name\":\"Home\",\"item\":\"https:\\\/\\\/massacarrara-live.it\\\/\"},{\"@type\":\"ListItem\",\"position\":2,\"name\":\"Edifici di interesse Lunigiana\",\"item\":\"https:\\\/\\\/massacarrara-live.it\\\/index.php\\\/edifici-di-interesse-lunigiana\\\/\"},{\"@type\":\"ListItem\",\"position\":3,\"name\":\"Castello di Bastia\"}]},{\"@type\":\"WebSite\",\"@id\":\"https:\\\/\\\/massacarrara-live.it\\\/#website\",\"url\":\"https:\\\/\\\/massacarrara-live.it\\\/\",\"name\":\"Massa Carrara Live\",\"description\":\"Informazioni provincia di Massa Carrara\",\"publisher\":{\"@id\":\"https:\\\/\\\/massacarrara-live.it\\\/#organization\"},\"potentialAction\":[{\"@type\":\"SearchAction\",\"target\":{\"@type\":\"EntryPoint\",\"urlTemplate\":\"https:\\\/\\\/massacarrara-live.it\\\/?s={search_term_string}\"},\"query-input\":{\"@type\":\"PropertyValueSpecification\",\"valueRequired\":true,\"valueName\":\"search_term_string\"}}],\"inLanguage\":\"it-IT\"},{\"@type\":\"Organization\",\"@id\":\"https:\\\/\\\/massacarrara-live.it\\\/#organization\",\"name\":\"Global Art Srls\",\"url\":\"https:\\\/\\\/massacarrara-live.it\\\/\",\"logo\":{\"@type\":\"ImageObject\",\"inLanguage\":\"it-IT\",\"@id\":\"https:\\\/\\\/massacarrara-live.it\\\/#\\\/schema\\\/logo\\\/image\\\/\",\"url\":\"https:\\\/\\\/massacarrara-live.it\\\/wp-content\\\/uploads\\\/2020\\\/02\\\/logoNewPic-copia.jpg\",\"contentUrl\":\"https:\\\/\\\/massacarrara-live.it\\\/wp-content\\\/uploads\\\/2020\\\/02\\\/logoNewPic-copia.jpg\",\"width\":1194,\"height\":881,\"caption\":\"Global Art Srls\"},\"image\":{\"@id\":\"https:\\\/\\\/massacarrara-live.it\\\/#\\\/schema\\\/logo\\\/image\\\/\"}}]}<\/script>\n<!-- \/ Yoast SEO plugin. -->","yoast_head_json":{"title":"Castello di Bastia - Massa Carrara Live","description":"ll castello di Bastia sorge al centro del paese omonimo, sopra un colle di circa 500 metri di altezza che si trova sopra all'abitato di Licciana Nardi, in posizione strategica per il controllo della strada di accesso al valico del Lagastrello che costituiva nei tempi antichi un punto di passaggio obbligato per spostarsi da Liguria e Toscana verso l'Emilia","robots":{"index":"index","follow":"follow","max-snippet":"max-snippet:-1","max-image-preview":"max-image-preview:large","max-video-preview":"max-video-preview:-1"},"canonical":"https:\/\/massacarrara-live.it\/index.php\/edifici-di-interesse-lunigiana\/castello-di-bastia\/","og_locale":"it_IT","og_type":"article","og_title":"Castello di Bastia - Massa Carrara Live","og_description":"ll castello di Bastia sorge al centro del paese omonimo, sopra un colle di circa 500 metri di altezza che si trova sopra all'abitato di Licciana Nardi, in posizione strategica per il controllo della strada di accesso al valico del Lagastrello che costituiva nei tempi antichi un punto di passaggio obbligato per spostarsi da Liguria e Toscana verso l'Emilia","og_url":"https:\/\/massacarrara-live.it\/index.php\/edifici-di-interesse-lunigiana\/castello-di-bastia\/","og_site_name":"Massa Carrara Live","article_modified_time":"2021-04-30T10:33:55+00:00","og_image":[{"width":1152,"height":768,"url":"https:\/\/massacarrara-live.it\/wp-content\/uploads\/2020\/02\/bastialicciana_nardi.jpg","type":"image\/jpeg"}],"twitter_card":"summary_large_image","twitter_misc":{"Tempo di lettura stimato":"1 minuto"},"schema":{"@context":"https:\/\/schema.org","@graph":[{"@type":"WebPage","@id":"https:\/\/massacarrara-live.it\/index.php\/edifici-di-interesse-lunigiana\/castello-di-bastia\/","url":"https:\/\/massacarrara-live.it\/index.php\/edifici-di-interesse-lunigiana\/castello-di-bastia\/","name":"Castello di Bastia - Massa Carrara Live","isPartOf":{"@id":"https:\/\/massacarrara-live.it\/#website"},"primaryImageOfPage":{"@id":"https:\/\/massacarrara-live.it\/index.php\/edifici-di-interesse-lunigiana\/castello-di-bastia\/#primaryimage"},"image":{"@id":"https:\/\/massacarrara-live.it\/index.php\/edifici-di-interesse-lunigiana\/castello-di-bastia\/#primaryimage"},"thumbnailUrl":"https:\/\/massacarrara-live.it\/wp-content\/uploads\/2020\/02\/bastialicciana_nardi.jpg","datePublished":"2020-02-03T20:02:20+00:00","dateModified":"2021-04-30T10:33:55+00:00","description":"ll castello di Bastia sorge al centro del paese omonimo, sopra un colle di circa 500 metri di altezza che si trova sopra all'abitato di Licciana Nardi, in posizione strategica per il controllo della strada di accesso al valico del Lagastrello che costituiva nei tempi antichi un punto di passaggio obbligato per spostarsi da Liguria e Toscana verso l'Emilia","breadcrumb":{"@id":"https:\/\/massacarrara-live.it\/index.php\/edifici-di-interesse-lunigiana\/castello-di-bastia\/#breadcrumb"},"inLanguage":"it-IT","potentialAction":[{"@type":"ReadAction","target":["https:\/\/massacarrara-live.it\/index.php\/edifici-di-interesse-lunigiana\/castello-di-bastia\/"]}]},{"@type":"ImageObject","inLanguage":"it-IT","@id":"https:\/\/massacarrara-live.it\/index.php\/edifici-di-interesse-lunigiana\/castello-di-bastia\/#primaryimage","url":"https:\/\/massacarrara-live.it\/wp-content\/uploads\/2020\/02\/bastialicciana_nardi.jpg","contentUrl":"https:\/\/massacarrara-live.it\/wp-content\/uploads\/2020\/02\/bastialicciana_nardi.jpg","width":1152,"height":768},{"@type":"BreadcrumbList","@id":"https:\/\/massacarrara-live.it\/index.php\/edifici-di-interesse-lunigiana\/castello-di-bastia\/#breadcrumb","itemListElement":[{"@type":"ListItem","position":1,"name":"Home","item":"https:\/\/massacarrara-live.it\/"},{"@type":"ListItem","position":2,"name":"Edifici di interesse Lunigiana","item":"https:\/\/massacarrara-live.it\/index.php\/edifici-di-interesse-lunigiana\/"},{"@type":"ListItem","position":3,"name":"Castello di Bastia"}]},{"@type":"WebSite","@id":"https:\/\/massacarrara-live.it\/#website","url":"https:\/\/massacarrara-live.it\/","name":"Massa Carrara Live","description":"Informazioni provincia di Massa Carrara","publisher":{"@id":"https:\/\/massacarrara-live.it\/#organization"},"potentialAction":[{"@type":"SearchAction","target":{"@type":"EntryPoint","urlTemplate":"https:\/\/massacarrara-live.it\/?s={search_term_string}"},"query-input":{"@type":"PropertyValueSpecification","valueRequired":true,"valueName":"search_term_string"}}],"inLanguage":"it-IT"},{"@type":"Organization","@id":"https:\/\/massacarrara-live.it\/#organization","name":"Global Art Srls","url":"https:\/\/massacarrara-live.it\/","logo":{"@type":"ImageObject","inLanguage":"it-IT","@id":"https:\/\/massacarrara-live.it\/#\/schema\/logo\/image\/","url":"https:\/\/massacarrara-live.it\/wp-content\/uploads\/2020\/02\/logoNewPic-copia.jpg","contentUrl":"https:\/\/massacarrara-live.it\/wp-content\/uploads\/2020\/02\/logoNewPic-copia.jpg","width":1194,"height":881,"caption":"Global Art Srls"},"image":{"@id":"https:\/\/massacarrara-live.it\/#\/schema\/logo\/image\/"}}]}},"_links":{"self":[{"href":"https:\/\/massacarrara-live.it\/index.php\/wp-json\/wp\/v2\/pages\/2108","targetHints":{"allow":["GET"]}}],"collection":[{"href":"https:\/\/massacarrara-live.it\/index.php\/wp-json\/wp\/v2\/pages"}],"about":[{"href":"https:\/\/massacarrara-live.it\/index.php\/wp-json\/wp\/v2\/types\/page"}],"author":[{"embeddable":true,"href":"https:\/\/massacarrara-live.it\/index.php\/wp-json\/wp\/v2\/users\/1"}],"replies":[{"embeddable":true,"href":"https:\/\/massacarrara-live.it\/index.php\/wp-json\/wp\/v2\/comments?post=2108"}],"version-history":[{"count":1,"href":"https:\/\/massacarrara-live.it\/index.php\/wp-json\/wp\/v2\/pages\/2108\/revisions"}],"predecessor-version":[{"id":2109,"href":"https:\/\/massacarrara-live.it\/index.php\/wp-json\/wp\/v2\/pages\/2108\/revisions\/2109"}],"up":[{"embeddable":true,"href":"https:\/\/massacarrara-live.it\/index.php\/wp-json\/wp\/v2\/pages\/2097"}],"wp:featuredmedia":[{"embeddable":true,"href":"https:\/\/massacarrara-live.it\/index.php\/wp-json\/wp\/v2\/media\/2181"}],"wp:attachment":[{"href":"https:\/\/massacarrara-live.it\/index.php\/wp-json\/wp\/v2\/media?parent=2108"}],"curies":[{"name":"wp","href":"https:\/\/api.w.org\/{rel}","templated":true}]}}