{"id":2102,"date":"2020-02-03T19:57:28","date_gmt":"2020-02-03T19:57:28","guid":{"rendered":"https:\/\/massacarrara-live.it\/?page_id=2102"},"modified":"2021-04-30T10:44:20","modified_gmt":"2021-04-30T10:44:20","slug":"castello-del-piagnaro-lunigiana-massacarraralive","status":"publish","type":"page","link":"https:\/\/massacarrara-live.it\/index.php\/edifici-di-interesse-lunigiana\/castello-del-piagnaro-lunigiana-massacarraralive\/","title":{"rendered":"Castello del Piagnaro"},"content":{"rendered":"\n<p>Grazie alla sua Millenaria Storia, oggi la Lunigiana \u00e8 una terra ricca di ricordi che si perdono nel tempo. Gli splendidi Castelli, ne sono un giusto esempio.<\/p>\n\n\n\n<p>Il castello del Piagnaro si trova alla sommit\u00e0 del borgo di Sopra (detto anche Sommoborgo) ed insieme alle torri di Castelnuovo, Cacciaguerra e Seratti costituiva nei tempi antichi un pi\u00f9 ampio sistema di difesa. Lo si raggiunge passando dal borgo omonimo che prende il nome dalla vicina cava di &#8220;piagne&#8221;, pietre utilizzate per il rivestimento dei tetti delle case. L&#8217;ingresso originario era un tempo dotato di ponte levatoio e sulla sua sommit\u00e0 si trova uno stemma della famiglia de&#8217; Medici. Fu costruito attorno all&#8217;anno Mille dalla famiglia di origine longobarda degli Adalberti con funzione militare e per secoli rappresent\u00f2 un luogo strategico per la difesa del borgo di Pontremoli dagli attacchi esterni. Pi\u00f9 volte distrutto ad opera di truppe imperiali e dagli stessi pontremolesi per le discordie interne, fu sempre ricostruito per la sua posizione strategica che permetteva di dominare le strade del Bratello e della Cisa, di fondamentale importanza per i traffici commerciali medioevali. Come detto, la struttura della fortezza ha subito profonde modifiche nei secoli e nel 1329 fu distrutta da guelfi e ghibellini che si allearono contro l\u2019odiato vicario di Ludovico di Baviera. La parte pi\u00f9 antica che \u00e8 possibile vedere oggi \u00e8 il torrione semicircolare del 1400 posto a nord, mentre la parte mediana \u00e8 il risultato di un rifacimento operato nei secoli XVII e XVIII. Un secondo nucleo di et\u00e0 posteriore posto pi\u00f9 in basso comprende invece costruzioni con il tipico aspetto di caserma utilizzate per l&#8217;alloggio delle truppe. Il castello venne utilizzato con scopo militare fino al 1790, anno in cui il Granduca di Toscana Pietro Leopoldo consegn\u00f2 al Comune l&#8217;ultimo cannone per fonderne il bronzo e realizzare la campana civica. Fu successivamente utilizzato come sede di governatori militari e di nuovo come caserma fino ai primi anni del regno d&#8217;Italia, poi fu adibito ad abitazione di famiglie non abbienti e nel primo Novecento fu per questo considerato una sorta di ghetto, nel quale molti cittadini pontremolesi non misero mai piede. Dal 1975 gli ambienti della parte inferiore del Castello ospitano il Museo delle Statue Stele della Lunigiana.<br><br><strong>Orari Visite: <\/strong> <span style=\"text-decoration: underline;\">Dal 1\u00b0 ottobre al 31 marzo aperto dal marted\u00ec alla domenica<\/span> :<br>mattina 9:00 \/ 12:30 (ultimo ingresso ore 12:00)<br>pomeriggio 14:30 \/ 17:30 (ultimo ingresso ore 17:00) <br> <br><span style=\"text-decoration: underline;\">Dal 1\u00b0 aprile al 30 settembre dal marted\u00ec alla domenica<\/span><br>mattina 9:00 \/ 12:30 (ultimo ingresso ore 12:00)<br>pomeriggio 15:00 \/18:00 (ultimo ingresso ore 17:30) <\/p>\n","protected":false},"excerpt":{"rendered":"<p>Grazie alla sua Millenaria Storia, oggi la Lunigiana \u00e8 una terra ricca di ricordi che si perdono nel tempo. Gli splendidi Castelli, ne sono un giusto esempio. Il castello del Piagnaro si trova alla sommit\u00e0 del borgo di Sopra (detto anche Sommoborgo) ed insieme alle torri di Castelnuovo, Cacciaguerra e &hellip;<\/p>\n","protected":false},"author":1,"featured_media":2199,"parent":2097,"menu_order":0,"comment_status":"closed","ping_status":"closed","template":"","meta":{"footnotes":""},"class_list":["post-2102","page","type-page","status-publish","has-post-thumbnail","hentry"],"yoast_head":"<!-- This site is optimized with the Yoast SEO plugin v27.5 - https:\/\/yoast.com\/product\/yoast-seo-wordpress\/ -->\n<title>Castello del Piagnaro - Massa Carrara Live<\/title>\n<meta name=\"description\" content=\"Il castello del Piagnaro si trova alla sommit\u00e0 del borgo di Sopra (detto anche Sommoborgo) ed insieme alle torri di Castelnuovo, Cacciaguerra e Seratti costituiva nei tempi antichi un pi\u00f9 ampio sistema di difesa. Lo si raggiunge passando dal borgo omonimo che prende il nome dalla vicina cava di &quot;piagne&quot;, pietre utilizzate per il rivestimento dei tetti delle case. L&#039;ingresso originario era un tempo dotato di ponte levatoio e sulla sua sommit\u00e0 si trova uno stemma della famiglia de&#039; Medici\" \/>\n<meta name=\"robots\" content=\"index, follow, max-snippet:-1, max-image-preview:large, max-video-preview:-1\" \/>\n<link rel=\"canonical\" href=\"https:\/\/massacarrara-live.it\/index.php\/edifici-di-interesse-lunigiana\/castello-del-piagnaro-lunigiana-massacarraralive\/\" \/>\n<meta property=\"og:locale\" content=\"it_IT\" \/>\n<meta property=\"og:type\" content=\"article\" \/>\n<meta property=\"og:title\" content=\"Castello del Piagnaro - Massa Carrara Live\" \/>\n<meta property=\"og:description\" content=\"Il castello del Piagnaro si trova alla sommit\u00e0 del borgo di Sopra (detto anche Sommoborgo) ed insieme alle torri di Castelnuovo, Cacciaguerra e Seratti costituiva nei tempi antichi un pi\u00f9 ampio sistema di difesa. Lo si raggiunge passando dal borgo omonimo che prende il nome dalla vicina cava di &quot;piagne&quot;, pietre utilizzate per il rivestimento dei tetti delle case. L&#039;ingresso originario era un tempo dotato di ponte levatoio e sulla sua sommit\u00e0 si trova uno stemma della famiglia de&#039; Medici\" \/>\n<meta property=\"og:url\" content=\"https:\/\/massacarrara-live.it\/index.php\/edifici-di-interesse-lunigiana\/castello-del-piagnaro-lunigiana-massacarraralive\/\" \/>\n<meta property=\"og:site_name\" content=\"Massa Carrara Live\" \/>\n<meta property=\"article:modified_time\" content=\"2021-04-30T10:44:20+00:00\" \/>\n<meta property=\"og:image\" content=\"https:\/\/massacarrara-live.it\/wp-content\/uploads\/2020\/02\/CastelloPiagnaro.jpg\" \/>\n\t<meta property=\"og:image:width\" content=\"1201\" \/>\n\t<meta property=\"og:image:height\" content=\"800\" \/>\n\t<meta property=\"og:image:type\" content=\"image\/jpeg\" \/>\n<meta name=\"twitter:card\" content=\"summary_large_image\" \/>\n<meta name=\"twitter:label1\" content=\"Tempo di lettura stimato\" \/>\n\t<meta name=\"twitter:data1\" content=\"2 minuti\" \/>\n<script type=\"application\/ld+json\" class=\"yoast-schema-graph\">{\"@context\":\"https:\\\/\\\/schema.org\",\"@graph\":[{\"@type\":\"WebPage\",\"@id\":\"https:\\\/\\\/massacarrara-live.it\\\/index.php\\\/edifici-di-interesse-lunigiana\\\/castello-del-piagnaro-lunigiana-massacarraralive\\\/\",\"url\":\"https:\\\/\\\/massacarrara-live.it\\\/index.php\\\/edifici-di-interesse-lunigiana\\\/castello-del-piagnaro-lunigiana-massacarraralive\\\/\",\"name\":\"Castello del Piagnaro - Massa Carrara Live\",\"isPartOf\":{\"@id\":\"https:\\\/\\\/massacarrara-live.it\\\/#website\"},\"primaryImageOfPage\":{\"@id\":\"https:\\\/\\\/massacarrara-live.it\\\/index.php\\\/edifici-di-interesse-lunigiana\\\/castello-del-piagnaro-lunigiana-massacarraralive\\\/#primaryimage\"},\"image\":{\"@id\":\"https:\\\/\\\/massacarrara-live.it\\\/index.php\\\/edifici-di-interesse-lunigiana\\\/castello-del-piagnaro-lunigiana-massacarraralive\\\/#primaryimage\"},\"thumbnailUrl\":\"https:\\\/\\\/massacarrara-live.it\\\/wp-content\\\/uploads\\\/2020\\\/02\\\/CastelloPiagnaro.jpg\",\"datePublished\":\"2020-02-03T19:57:28+00:00\",\"dateModified\":\"2021-04-30T10:44:20+00:00\",\"description\":\"Il castello del Piagnaro si trova alla sommit\u00e0 del borgo di Sopra (detto anche Sommoborgo) ed insieme alle torri di Castelnuovo, Cacciaguerra e Seratti costituiva nei tempi antichi un pi\u00f9 ampio sistema di difesa. Lo si raggiunge passando dal borgo omonimo che prende il nome dalla vicina cava di \\\"piagne\\\", pietre utilizzate per il rivestimento dei tetti delle case. L'ingresso originario era un tempo dotato di ponte levatoio e sulla sua sommit\u00e0 si trova uno stemma della famiglia de' Medici\",\"breadcrumb\":{\"@id\":\"https:\\\/\\\/massacarrara-live.it\\\/index.php\\\/edifici-di-interesse-lunigiana\\\/castello-del-piagnaro-lunigiana-massacarraralive\\\/#breadcrumb\"},\"inLanguage\":\"it-IT\",\"potentialAction\":[{\"@type\":\"ReadAction\",\"target\":[\"https:\\\/\\\/massacarrara-live.it\\\/index.php\\\/edifici-di-interesse-lunigiana\\\/castello-del-piagnaro-lunigiana-massacarraralive\\\/\"]}]},{\"@type\":\"ImageObject\",\"inLanguage\":\"it-IT\",\"@id\":\"https:\\\/\\\/massacarrara-live.it\\\/index.php\\\/edifici-di-interesse-lunigiana\\\/castello-del-piagnaro-lunigiana-massacarraralive\\\/#primaryimage\",\"url\":\"https:\\\/\\\/massacarrara-live.it\\\/wp-content\\\/uploads\\\/2020\\\/02\\\/CastelloPiagnaro.jpg\",\"contentUrl\":\"https:\\\/\\\/massacarrara-live.it\\\/wp-content\\\/uploads\\\/2020\\\/02\\\/CastelloPiagnaro.jpg\",\"width\":1201,\"height\":800},{\"@type\":\"BreadcrumbList\",\"@id\":\"https:\\\/\\\/massacarrara-live.it\\\/index.php\\\/edifici-di-interesse-lunigiana\\\/castello-del-piagnaro-lunigiana-massacarraralive\\\/#breadcrumb\",\"itemListElement\":[{\"@type\":\"ListItem\",\"position\":1,\"name\":\"Home\",\"item\":\"https:\\\/\\\/massacarrara-live.it\\\/\"},{\"@type\":\"ListItem\",\"position\":2,\"name\":\"Edifici di interesse Lunigiana\",\"item\":\"https:\\\/\\\/massacarrara-live.it\\\/index.php\\\/edifici-di-interesse-lunigiana\\\/\"},{\"@type\":\"ListItem\",\"position\":3,\"name\":\"Castello del Piagnaro\"}]},{\"@type\":\"WebSite\",\"@id\":\"https:\\\/\\\/massacarrara-live.it\\\/#website\",\"url\":\"https:\\\/\\\/massacarrara-live.it\\\/\",\"name\":\"Massa Carrara Live\",\"description\":\"Informazioni provincia di Massa Carrara\",\"publisher\":{\"@id\":\"https:\\\/\\\/massacarrara-live.it\\\/#organization\"},\"potentialAction\":[{\"@type\":\"SearchAction\",\"target\":{\"@type\":\"EntryPoint\",\"urlTemplate\":\"https:\\\/\\\/massacarrara-live.it\\\/?s={search_term_string}\"},\"query-input\":{\"@type\":\"PropertyValueSpecification\",\"valueRequired\":true,\"valueName\":\"search_term_string\"}}],\"inLanguage\":\"it-IT\"},{\"@type\":\"Organization\",\"@id\":\"https:\\\/\\\/massacarrara-live.it\\\/#organization\",\"name\":\"Global Art Srls\",\"url\":\"https:\\\/\\\/massacarrara-live.it\\\/\",\"logo\":{\"@type\":\"ImageObject\",\"inLanguage\":\"it-IT\",\"@id\":\"https:\\\/\\\/massacarrara-live.it\\\/#\\\/schema\\\/logo\\\/image\\\/\",\"url\":\"https:\\\/\\\/massacarrara-live.it\\\/wp-content\\\/uploads\\\/2020\\\/02\\\/logoNewPic-copia.jpg\",\"contentUrl\":\"https:\\\/\\\/massacarrara-live.it\\\/wp-content\\\/uploads\\\/2020\\\/02\\\/logoNewPic-copia.jpg\",\"width\":1194,\"height\":881,\"caption\":\"Global Art Srls\"},\"image\":{\"@id\":\"https:\\\/\\\/massacarrara-live.it\\\/#\\\/schema\\\/logo\\\/image\\\/\"}}]}<\/script>\n<!-- \/ Yoast SEO plugin. -->","yoast_head_json":{"title":"Castello del Piagnaro - Massa Carrara Live","description":"Il castello del Piagnaro si trova alla sommit\u00e0 del borgo di Sopra (detto anche Sommoborgo) ed insieme alle torri di Castelnuovo, Cacciaguerra e Seratti costituiva nei tempi antichi un pi\u00f9 ampio sistema di difesa. Lo si raggiunge passando dal borgo omonimo che prende il nome dalla vicina cava di \"piagne\", pietre utilizzate per il rivestimento dei tetti delle case. L'ingresso originario era un tempo dotato di ponte levatoio e sulla sua sommit\u00e0 si trova uno stemma della famiglia de' Medici","robots":{"index":"index","follow":"follow","max-snippet":"max-snippet:-1","max-image-preview":"max-image-preview:large","max-video-preview":"max-video-preview:-1"},"canonical":"https:\/\/massacarrara-live.it\/index.php\/edifici-di-interesse-lunigiana\/castello-del-piagnaro-lunigiana-massacarraralive\/","og_locale":"it_IT","og_type":"article","og_title":"Castello del Piagnaro - Massa Carrara Live","og_description":"Il castello del Piagnaro si trova alla sommit\u00e0 del borgo di Sopra (detto anche Sommoborgo) ed insieme alle torri di Castelnuovo, Cacciaguerra e Seratti costituiva nei tempi antichi un pi\u00f9 ampio sistema di difesa. Lo si raggiunge passando dal borgo omonimo che prende il nome dalla vicina cava di \"piagne\", pietre utilizzate per il rivestimento dei tetti delle case. L'ingresso originario era un tempo dotato di ponte levatoio e sulla sua sommit\u00e0 si trova uno stemma della famiglia de' Medici","og_url":"https:\/\/massacarrara-live.it\/index.php\/edifici-di-interesse-lunigiana\/castello-del-piagnaro-lunigiana-massacarraralive\/","og_site_name":"Massa Carrara Live","article_modified_time":"2021-04-30T10:44:20+00:00","og_image":[{"width":1201,"height":800,"url":"https:\/\/massacarrara-live.it\/wp-content\/uploads\/2020\/02\/CastelloPiagnaro.jpg","type":"image\/jpeg"}],"twitter_card":"summary_large_image","twitter_misc":{"Tempo di lettura stimato":"2 minuti"},"schema":{"@context":"https:\/\/schema.org","@graph":[{"@type":"WebPage","@id":"https:\/\/massacarrara-live.it\/index.php\/edifici-di-interesse-lunigiana\/castello-del-piagnaro-lunigiana-massacarraralive\/","url":"https:\/\/massacarrara-live.it\/index.php\/edifici-di-interesse-lunigiana\/castello-del-piagnaro-lunigiana-massacarraralive\/","name":"Castello del Piagnaro - Massa Carrara Live","isPartOf":{"@id":"https:\/\/massacarrara-live.it\/#website"},"primaryImageOfPage":{"@id":"https:\/\/massacarrara-live.it\/index.php\/edifici-di-interesse-lunigiana\/castello-del-piagnaro-lunigiana-massacarraralive\/#primaryimage"},"image":{"@id":"https:\/\/massacarrara-live.it\/index.php\/edifici-di-interesse-lunigiana\/castello-del-piagnaro-lunigiana-massacarraralive\/#primaryimage"},"thumbnailUrl":"https:\/\/massacarrara-live.it\/wp-content\/uploads\/2020\/02\/CastelloPiagnaro.jpg","datePublished":"2020-02-03T19:57:28+00:00","dateModified":"2021-04-30T10:44:20+00:00","description":"Il castello del Piagnaro si trova alla sommit\u00e0 del borgo di Sopra (detto anche Sommoborgo) ed insieme alle torri di Castelnuovo, Cacciaguerra e Seratti costituiva nei tempi antichi un pi\u00f9 ampio sistema di difesa. Lo si raggiunge passando dal borgo omonimo che prende il nome dalla vicina cava di \"piagne\", pietre utilizzate per il rivestimento dei tetti delle case. L'ingresso originario era un tempo dotato di ponte levatoio e sulla sua sommit\u00e0 si trova uno stemma della famiglia de' Medici","breadcrumb":{"@id":"https:\/\/massacarrara-live.it\/index.php\/edifici-di-interesse-lunigiana\/castello-del-piagnaro-lunigiana-massacarraralive\/#breadcrumb"},"inLanguage":"it-IT","potentialAction":[{"@type":"ReadAction","target":["https:\/\/massacarrara-live.it\/index.php\/edifici-di-interesse-lunigiana\/castello-del-piagnaro-lunigiana-massacarraralive\/"]}]},{"@type":"ImageObject","inLanguage":"it-IT","@id":"https:\/\/massacarrara-live.it\/index.php\/edifici-di-interesse-lunigiana\/castello-del-piagnaro-lunigiana-massacarraralive\/#primaryimage","url":"https:\/\/massacarrara-live.it\/wp-content\/uploads\/2020\/02\/CastelloPiagnaro.jpg","contentUrl":"https:\/\/massacarrara-live.it\/wp-content\/uploads\/2020\/02\/CastelloPiagnaro.jpg","width":1201,"height":800},{"@type":"BreadcrumbList","@id":"https:\/\/massacarrara-live.it\/index.php\/edifici-di-interesse-lunigiana\/castello-del-piagnaro-lunigiana-massacarraralive\/#breadcrumb","itemListElement":[{"@type":"ListItem","position":1,"name":"Home","item":"https:\/\/massacarrara-live.it\/"},{"@type":"ListItem","position":2,"name":"Edifici di interesse Lunigiana","item":"https:\/\/massacarrara-live.it\/index.php\/edifici-di-interesse-lunigiana\/"},{"@type":"ListItem","position":3,"name":"Castello del Piagnaro"}]},{"@type":"WebSite","@id":"https:\/\/massacarrara-live.it\/#website","url":"https:\/\/massacarrara-live.it\/","name":"Massa Carrara Live","description":"Informazioni provincia di Massa Carrara","publisher":{"@id":"https:\/\/massacarrara-live.it\/#organization"},"potentialAction":[{"@type":"SearchAction","target":{"@type":"EntryPoint","urlTemplate":"https:\/\/massacarrara-live.it\/?s={search_term_string}"},"query-input":{"@type":"PropertyValueSpecification","valueRequired":true,"valueName":"search_term_string"}}],"inLanguage":"it-IT"},{"@type":"Organization","@id":"https:\/\/massacarrara-live.it\/#organization","name":"Global Art Srls","url":"https:\/\/massacarrara-live.it\/","logo":{"@type":"ImageObject","inLanguage":"it-IT","@id":"https:\/\/massacarrara-live.it\/#\/schema\/logo\/image\/","url":"https:\/\/massacarrara-live.it\/wp-content\/uploads\/2020\/02\/logoNewPic-copia.jpg","contentUrl":"https:\/\/massacarrara-live.it\/wp-content\/uploads\/2020\/02\/logoNewPic-copia.jpg","width":1194,"height":881,"caption":"Global Art Srls"},"image":{"@id":"https:\/\/massacarrara-live.it\/#\/schema\/logo\/image\/"}}]}},"_links":{"self":[{"href":"https:\/\/massacarrara-live.it\/index.php\/wp-json\/wp\/v2\/pages\/2102","targetHints":{"allow":["GET"]}}],"collection":[{"href":"https:\/\/massacarrara-live.it\/index.php\/wp-json\/wp\/v2\/pages"}],"about":[{"href":"https:\/\/massacarrara-live.it\/index.php\/wp-json\/wp\/v2\/types\/page"}],"author":[{"embeddable":true,"href":"https:\/\/massacarrara-live.it\/index.php\/wp-json\/wp\/v2\/users\/1"}],"replies":[{"embeddable":true,"href":"https:\/\/massacarrara-live.it\/index.php\/wp-json\/wp\/v2\/comments?post=2102"}],"version-history":[{"count":1,"href":"https:\/\/massacarrara-live.it\/index.php\/wp-json\/wp\/v2\/pages\/2102\/revisions"}],"predecessor-version":[{"id":2103,"href":"https:\/\/massacarrara-live.it\/index.php\/wp-json\/wp\/v2\/pages\/2102\/revisions\/2103"}],"up":[{"embeddable":true,"href":"https:\/\/massacarrara-live.it\/index.php\/wp-json\/wp\/v2\/pages\/2097"}],"wp:featuredmedia":[{"embeddable":true,"href":"https:\/\/massacarrara-live.it\/index.php\/wp-json\/wp\/v2\/media\/2199"}],"wp:attachment":[{"href":"https:\/\/massacarrara-live.it\/index.php\/wp-json\/wp\/v2\/media?parent=2102"}],"curies":[{"name":"wp","href":"https:\/\/api.w.org\/{rel}","templated":true}]}}