{"id":184,"date":"2019-11-22T19:51:28","date_gmt":"2019-11-22T19:51:28","guid":{"rendered":"http:\/\/massacarrara-live.it\/?page_id=184"},"modified":"2019-11-24T10:25:22","modified_gmt":"2019-11-24T10:25:22","slug":"accademia-belle-arti","status":"publish","type":"page","link":"https:\/\/massacarrara-live.it\/index.php\/edifici-e-location\/edifici-e-location-carrara\/accademia-belle-arti\/","title":{"rendered":"Accademia Belle Arti"},"content":{"rendered":"\n<figure class=\"wp-block-image size-large is-style-default\"><img decoding=\"async\" src=\"http:\/\/massacarrara-live.it\/wp-content\/uploads\/2019\/11\/Carrara-accademia_belle_arti4-1024x768.jpg\" alt=\"\" class=\"wp-image-185\"\/><\/figure>\n\n\n\n<p class=\"has-regular-font-size\">L&#8217;Accademia ha sede in un edificio ricco di storia che offre al visitatore l&#8217;opportunit\u00e0 di ripercorrere le vicende della citt\u00e0 di Carrara e delle famiglie che la governarono in un lungo arco di tempo compreso tra il XII e il XIX secolo.<br>La Rocca Medievale Grazie a un intervento di restauro iniziato nel 1924 e terminato dieci anni pi\u00f9 tardi, che ha avuto il merito di eliminare le superfetazioni ottocentesche e di consentire una lettura pi\u00f9 corretta dell&#8217;intero complesso, \u00e8 possibile individuare i due nuclei principali dei quali l&#8217;edificio si compone.<br>Il primo e il pi\u00f9 antico \u00e8 il nucleo della parte Est.<br>Costituito dall&#8217;antica &#8220;rocca&#8221; risalente al 1187, fu ampliato pi\u00f9 volte fino a diventare, verso la fine del secolo XIV, oltre che protagonista di un sistema difensivo della valle che comprendeva il castello di Moneta e la rocca di Avenza, anche dimora di Guglielmo Malaspina dallo &#8220;spino fiorito&#8221;, principe di Fosdinovo. <br>E i segni di tale antica origine \u00e8 possibile cogliere dall&#8217;osservazione dell&#8217;esterno: nella stessa struttura severa e squadrata, nella presenza della torre merlata, nel paramento mu-rario in conci marmorei, nel portale laterale trecentesco, cui corrisponde, stilisticamente, un secondo portone posto sulla via Roma che, non a caso, porta scolpito lo stemma malaspiniano dello &#8220;spino fiorito&#8221;.<br>Il teatro anatomico di chiara impronta quattrocentesca \u00e8 poi il suggestivo cortile situato all&#8217;interno della stessa torre e simbolo ancor oggi della modificazione che certamente comport\u00f2 l&#8217;utilizzo della rocca quale residenza principesca.<br>Situato al piano terreno dell&#8217;edificio \u00e8 caratterizzato da una struttura a portico con logge che si ripetono anche nel piano superiore \u00e8, insieme al cortiletto con la porta a bugne cinquecentesca del &#8220;teatro anatomico&#8221;, il luogo pi\u00f9 denso di memorie dell&#8217;Accademia di Belle Arti.<br>Vi si accede entrando a destra, dopo aver oltrepassato quella che oggi \u00e8 la porta principale di accesso all&#8217;edificio dalla parte di via Roma. <br>Dopo un locale adibito ad aula, si incontra il primo cortiletto, dove si intravedono, alzando lo sguardo, quei bassorilievi in gesso, certi pi\u00f9 godibili dal primo piano, che sono la testimonianza della vitalit\u00e0 e dell&#8217;opera degli allievi dell&#8217;Accademia ottocentesca, essendo le opere degli alunni vincitori dei premi di pensionato a Roma. <br>\u00c8 un primo effetto spettacolare, cui fa seguito quello del cortile quattrocentesco, ornato anch&#8217;esso di decorazioni, stemmi e opere in marmo. <br>Queste ultime rappresentano il patrimonio pi\u00f9 importante conservato in Accademia. La collezione archeologica e i Fantiscritti. <br>Le opere qui raccolte sono quasi tutte provenienti dagli scavi di Luni o dai ritrovamenti delle antiche cave: fra queste merita di essere ricordata l&#8217;edicola romana di Fantiscritti che, staccata nel giugno 1863 dalla vetta della cava omonima, \u00e8 cos\u00ec chiamata per le piccole figure dei tre personaggi in essa effigiati. Ercole, Giove e Dioniso sono infatti rappresentati come &#8220;fanti&#8221;, che in dialetto significa &#8220;ragazzi&#8221;. <br>Sulla stessa edicola sono incise le firme di Michelangelo, Giambologna e Canova, a testimonianza di un&#8217;usanza antica che, in segno di memoria indelebile, tramite l&#8217;incisione del nome, voleva testimoniare il passaggio di personaggi illustri. <br> Fanno cornice alla preziosa edicola altri reperti, quali l&#8217;Annunciazione di Lapo di Giroldo (XIV secolo), una statuina in marmo pario ritrovata negli scavi di Luni, un frammento di Minerva vestita, il busto di Carlo Cybo Malaspina e altre opere di note-vole interesse, donate in pi\u00f9 riprese dalla ricca borghesia marmifera, quando l&#8217;edificio divenne sede dell&#8217;Accademia all&#8217;inizio del XIX secolo. Nel secolo XVI alla primitiva rocca fu aggiunto, sul lato Sud, un corpo di fabbrica voluto da Alberico Cybo Malaspina e condotto a termine dal nipote di questi, Carlo I. <br>Riconoscibile dall&#8217;esterno per lo stile severo e monumentale che ne caratterizza l&#8217;epoca storica, appare raccordato all&#8217;antica rocca da un elegante transetto con colonne e bifore che sormontano il gi\u00e0 citato portale d&#8217;ingresso principale dell&#8217;Accademia dal lato di via Roma. Il consistente ampliamento \u00e8 comunque pi\u00f9 leggibile dal lato della piazza dell&#8217;Accademia (o piazza Mazzini).<br>Si ripropongono le stesse linee sobrie e monumentali e si evidenzia meglio l&#8217;estensione notevole che l&#8217;allora Palazzo del Principe doveva avere, essendo stato concepito quale protagonista di un progetto pi\u00f9 ampio di risistemazione urbanistica dell&#8217;intera citt\u00e0.<br>Nel progetto iniziale questo lato doveva costituire la facciata principale e avere un&#8217;estensione maggiore verso il lato mare, come dimostra la posizione decentrata dell&#8217;imponente portale.<br>Era da quell&#8217;ingresso della piazza che si accedeva al palazzo, come dimostra la sala d&#8217;attesa o vestibolo e adibita oggi a Biblioteca. In questo ambiente si conserva un ingente patrimonio librario: le due edizioni della Encyclop\u00e9die di Diderot e D&#8217;Alambert, il fondo antico e l&#8217;archivio Zaccagna, la collezione di volumi e miscellanee d&#8217;interesse locale, gli statuti albericiani, fanno di questa Biblioteca uno dei maggiori strumenti di consultazione dell&#8217;intero comprensorio.<br>Le prove risultate vincitrici, quasi sempre su un tema mitologico, venivano poste a ornamento delle pareti dell&#8217;Accademia, a imperitura memoria dei meriti dell&#8217;allievo: numerosi e grandi i nomi qui presenti, da Pietro Tenerani a Luigi Bienaim\u00e9, da Carlo Fontana ad Arturo Dazzi. Il concorso non \u00e8 pi\u00f9 stato realizzato a partire dal 1953. Il cortile coperto ospita poi alcuni gessi del Canova (I pugilatori Creugante e Damosseno, Maddalena giacente), del Tenerani (Psiche svenuta, Pellegrino Rossi), di Alessandro Biggi (Tito Manlio), oltre alle copie del Torso di Belvedere e di Sileno col bambino Dioniso. Recentemente catalogata, la gipsoteca dell&#8217;Accademia costituisce un patrimonio prezioso, non solo come documento artistico, ma anche come strumento in grado di fornire, oggi come ieri, utili suggerimenti agli studenti.<\/p>\n","protected":false},"excerpt":{"rendered":"<p>L&#8217;Accademia ha sede in un edificio ricco di storia che offre al visitatore l&#8217;opportunit\u00e0 di ripercorrere le vicende della citt\u00e0 di Carrara e delle famiglie che la governarono in un lungo arco di tempo compreso tra il XII e il XIX secolo.La Rocca Medievale Grazie a un intervento di restauro &hellip;<\/p>\n","protected":false},"author":1,"featured_media":356,"parent":155,"menu_order":0,"comment_status":"closed","ping_status":"closed","template":"","meta":{"footnotes":""},"class_list":["post-184","page","type-page","status-publish","has-post-thumbnail","hentry"],"yoast_head":"<!-- This site is optimized with the Yoast SEO plugin v27.4 - https:\/\/yoast.com\/product\/yoast-seo-wordpress\/ -->\n<title>Accademia Belle Arti - Massa Carrara Live<\/title>\n<meta name=\"robots\" content=\"index, follow, max-snippet:-1, max-image-preview:large, max-video-preview:-1\" \/>\n<link rel=\"canonical\" href=\"https:\/\/massacarrara-live.it\/index.php\/edifici-e-location\/edifici-e-location-carrara\/accademia-belle-arti\/\" \/>\n<meta property=\"og:locale\" content=\"it_IT\" \/>\n<meta property=\"og:type\" content=\"article\" \/>\n<meta property=\"og:title\" content=\"Accademia Belle Arti - Massa Carrara Live\" \/>\n<meta property=\"og:description\" content=\"L&#8217;Accademia ha sede in un edificio ricco di storia che offre al visitatore l&#8217;opportunit\u00e0 di ripercorrere le vicende della citt\u00e0 di Carrara e delle famiglie che la governarono in un lungo arco di tempo compreso tra il XII e il XIX secolo.La Rocca Medievale Grazie a un intervento di restauro &hellip;\" \/>\n<meta property=\"og:url\" content=\"https:\/\/massacarrara-live.it\/index.php\/edifici-e-location\/edifici-e-location-carrara\/accademia-belle-arti\/\" \/>\n<meta property=\"og:site_name\" content=\"Massa Carrara Live\" \/>\n<meta property=\"article:modified_time\" content=\"2019-11-24T10:25:22+00:00\" \/>\n<meta property=\"og:image\" content=\"https:\/\/massacarrara-live.it\/wp-content\/uploads\/2019\/11\/Accademia-di-Belle-arti-ph-V.-E.-Brambilla.jpg\" \/>\n\t<meta property=\"og:image:width\" content=\"1552\" \/>\n\t<meta property=\"og:image:height\" content=\"1181\" \/>\n\t<meta property=\"og:image:type\" content=\"image\/jpeg\" \/>\n<meta name=\"twitter:card\" content=\"summary_large_image\" \/>\n<meta name=\"twitter:label1\" content=\"Tempo di lettura stimato\" \/>\n\t<meta name=\"twitter:data1\" content=\"4 minuti\" \/>\n<script type=\"application\/ld+json\" class=\"yoast-schema-graph\">{\"@context\":\"https:\\\/\\\/schema.org\",\"@graph\":[{\"@type\":\"WebPage\",\"@id\":\"https:\\\/\\\/massacarrara-live.it\\\/index.php\\\/edifici-e-location\\\/edifici-e-location-carrara\\\/accademia-belle-arti\\\/\",\"url\":\"https:\\\/\\\/massacarrara-live.it\\\/index.php\\\/edifici-e-location\\\/edifici-e-location-carrara\\\/accademia-belle-arti\\\/\",\"name\":\"Accademia Belle Arti - Massa Carrara Live\",\"isPartOf\":{\"@id\":\"https:\\\/\\\/massacarrara-live.it\\\/#website\"},\"primaryImageOfPage\":{\"@id\":\"https:\\\/\\\/massacarrara-live.it\\\/index.php\\\/edifici-e-location\\\/edifici-e-location-carrara\\\/accademia-belle-arti\\\/#primaryimage\"},\"image\":{\"@id\":\"https:\\\/\\\/massacarrara-live.it\\\/index.php\\\/edifici-e-location\\\/edifici-e-location-carrara\\\/accademia-belle-arti\\\/#primaryimage\"},\"thumbnailUrl\":\"https:\\\/\\\/massacarrara-live.it\\\/wp-content\\\/uploads\\\/2019\\\/11\\\/Accademia-di-Belle-arti-ph-V.-E.-Brambilla.jpg\",\"datePublished\":\"2019-11-22T19:51:28+00:00\",\"dateModified\":\"2019-11-24T10:25:22+00:00\",\"breadcrumb\":{\"@id\":\"https:\\\/\\\/massacarrara-live.it\\\/index.php\\\/edifici-e-location\\\/edifici-e-location-carrara\\\/accademia-belle-arti\\\/#breadcrumb\"},\"inLanguage\":\"it-IT\",\"potentialAction\":[{\"@type\":\"ReadAction\",\"target\":[\"https:\\\/\\\/massacarrara-live.it\\\/index.php\\\/edifici-e-location\\\/edifici-e-location-carrara\\\/accademia-belle-arti\\\/\"]}]},{\"@type\":\"ImageObject\",\"inLanguage\":\"it-IT\",\"@id\":\"https:\\\/\\\/massacarrara-live.it\\\/index.php\\\/edifici-e-location\\\/edifici-e-location-carrara\\\/accademia-belle-arti\\\/#primaryimage\",\"url\":\"https:\\\/\\\/massacarrara-live.it\\\/wp-content\\\/uploads\\\/2019\\\/11\\\/Accademia-di-Belle-arti-ph-V.-E.-Brambilla.jpg\",\"contentUrl\":\"https:\\\/\\\/massacarrara-live.it\\\/wp-content\\\/uploads\\\/2019\\\/11\\\/Accademia-di-Belle-arti-ph-V.-E.-Brambilla.jpg\",\"width\":1552,\"height\":1181},{\"@type\":\"BreadcrumbList\",\"@id\":\"https:\\\/\\\/massacarrara-live.it\\\/index.php\\\/edifici-e-location\\\/edifici-e-location-carrara\\\/accademia-belle-arti\\\/#breadcrumb\",\"itemListElement\":[{\"@type\":\"ListItem\",\"position\":1,\"name\":\"Home\",\"item\":\"https:\\\/\\\/massacarrara-live.it\\\/\"},{\"@type\":\"ListItem\",\"position\":2,\"name\":\"Edifici e location\",\"item\":\"https:\\\/\\\/massacarrara-live.it\\\/index.php\\\/edifici-e-location\\\/\"},{\"@type\":\"ListItem\",\"position\":3,\"name\":\"Edifici e location Carrara\",\"item\":\"https:\\\/\\\/massacarrara-live.it\\\/index.php\\\/edifici-e-location\\\/edifici-e-location-carrara\\\/\"},{\"@type\":\"ListItem\",\"position\":4,\"name\":\"Accademia Belle Arti\"}]},{\"@type\":\"WebSite\",\"@id\":\"https:\\\/\\\/massacarrara-live.it\\\/#website\",\"url\":\"https:\\\/\\\/massacarrara-live.it\\\/\",\"name\":\"Massa Carrara Live\",\"description\":\"Informazioni provincia di Massa Carrara\",\"publisher\":{\"@id\":\"https:\\\/\\\/massacarrara-live.it\\\/#organization\"},\"potentialAction\":[{\"@type\":\"SearchAction\",\"target\":{\"@type\":\"EntryPoint\",\"urlTemplate\":\"https:\\\/\\\/massacarrara-live.it\\\/?s={search_term_string}\"},\"query-input\":{\"@type\":\"PropertyValueSpecification\",\"valueRequired\":true,\"valueName\":\"search_term_string\"}}],\"inLanguage\":\"it-IT\"},{\"@type\":\"Organization\",\"@id\":\"https:\\\/\\\/massacarrara-live.it\\\/#organization\",\"name\":\"Global Art Srls\",\"url\":\"https:\\\/\\\/massacarrara-live.it\\\/\",\"logo\":{\"@type\":\"ImageObject\",\"inLanguage\":\"it-IT\",\"@id\":\"https:\\\/\\\/massacarrara-live.it\\\/#\\\/schema\\\/logo\\\/image\\\/\",\"url\":\"https:\\\/\\\/massacarrara-live.it\\\/wp-content\\\/uploads\\\/2020\\\/02\\\/logoNewPic-copia.jpg\",\"contentUrl\":\"https:\\\/\\\/massacarrara-live.it\\\/wp-content\\\/uploads\\\/2020\\\/02\\\/logoNewPic-copia.jpg\",\"width\":1194,\"height\":881,\"caption\":\"Global Art Srls\"},\"image\":{\"@id\":\"https:\\\/\\\/massacarrara-live.it\\\/#\\\/schema\\\/logo\\\/image\\\/\"}}]}<\/script>\n<!-- \/ Yoast SEO plugin. -->","yoast_head_json":{"title":"Accademia Belle Arti - Massa Carrara Live","robots":{"index":"index","follow":"follow","max-snippet":"max-snippet:-1","max-image-preview":"max-image-preview:large","max-video-preview":"max-video-preview:-1"},"canonical":"https:\/\/massacarrara-live.it\/index.php\/edifici-e-location\/edifici-e-location-carrara\/accademia-belle-arti\/","og_locale":"it_IT","og_type":"article","og_title":"Accademia Belle Arti - Massa Carrara Live","og_description":"L&#8217;Accademia ha sede in un edificio ricco di storia che offre al visitatore l&#8217;opportunit\u00e0 di ripercorrere le vicende della citt\u00e0 di Carrara e delle famiglie che la governarono in un lungo arco di tempo compreso tra il XII e il XIX secolo.La Rocca Medievale Grazie a un intervento di restauro &hellip;","og_url":"https:\/\/massacarrara-live.it\/index.php\/edifici-e-location\/edifici-e-location-carrara\/accademia-belle-arti\/","og_site_name":"Massa Carrara Live","article_modified_time":"2019-11-24T10:25:22+00:00","og_image":[{"width":1552,"height":1181,"url":"https:\/\/massacarrara-live.it\/wp-content\/uploads\/2019\/11\/Accademia-di-Belle-arti-ph-V.-E.-Brambilla.jpg","type":"image\/jpeg"}],"twitter_card":"summary_large_image","twitter_misc":{"Tempo di lettura stimato":"4 minuti"},"schema":{"@context":"https:\/\/schema.org","@graph":[{"@type":"WebPage","@id":"https:\/\/massacarrara-live.it\/index.php\/edifici-e-location\/edifici-e-location-carrara\/accademia-belle-arti\/","url":"https:\/\/massacarrara-live.it\/index.php\/edifici-e-location\/edifici-e-location-carrara\/accademia-belle-arti\/","name":"Accademia Belle Arti - Massa Carrara Live","isPartOf":{"@id":"https:\/\/massacarrara-live.it\/#website"},"primaryImageOfPage":{"@id":"https:\/\/massacarrara-live.it\/index.php\/edifici-e-location\/edifici-e-location-carrara\/accademia-belle-arti\/#primaryimage"},"image":{"@id":"https:\/\/massacarrara-live.it\/index.php\/edifici-e-location\/edifici-e-location-carrara\/accademia-belle-arti\/#primaryimage"},"thumbnailUrl":"https:\/\/massacarrara-live.it\/wp-content\/uploads\/2019\/11\/Accademia-di-Belle-arti-ph-V.-E.-Brambilla.jpg","datePublished":"2019-11-22T19:51:28+00:00","dateModified":"2019-11-24T10:25:22+00:00","breadcrumb":{"@id":"https:\/\/massacarrara-live.it\/index.php\/edifici-e-location\/edifici-e-location-carrara\/accademia-belle-arti\/#breadcrumb"},"inLanguage":"it-IT","potentialAction":[{"@type":"ReadAction","target":["https:\/\/massacarrara-live.it\/index.php\/edifici-e-location\/edifici-e-location-carrara\/accademia-belle-arti\/"]}]},{"@type":"ImageObject","inLanguage":"it-IT","@id":"https:\/\/massacarrara-live.it\/index.php\/edifici-e-location\/edifici-e-location-carrara\/accademia-belle-arti\/#primaryimage","url":"https:\/\/massacarrara-live.it\/wp-content\/uploads\/2019\/11\/Accademia-di-Belle-arti-ph-V.-E.-Brambilla.jpg","contentUrl":"https:\/\/massacarrara-live.it\/wp-content\/uploads\/2019\/11\/Accademia-di-Belle-arti-ph-V.-E.-Brambilla.jpg","width":1552,"height":1181},{"@type":"BreadcrumbList","@id":"https:\/\/massacarrara-live.it\/index.php\/edifici-e-location\/edifici-e-location-carrara\/accademia-belle-arti\/#breadcrumb","itemListElement":[{"@type":"ListItem","position":1,"name":"Home","item":"https:\/\/massacarrara-live.it\/"},{"@type":"ListItem","position":2,"name":"Edifici e location","item":"https:\/\/massacarrara-live.it\/index.php\/edifici-e-location\/"},{"@type":"ListItem","position":3,"name":"Edifici e location Carrara","item":"https:\/\/massacarrara-live.it\/index.php\/edifici-e-location\/edifici-e-location-carrara\/"},{"@type":"ListItem","position":4,"name":"Accademia Belle Arti"}]},{"@type":"WebSite","@id":"https:\/\/massacarrara-live.it\/#website","url":"https:\/\/massacarrara-live.it\/","name":"Massa Carrara Live","description":"Informazioni provincia di Massa Carrara","publisher":{"@id":"https:\/\/massacarrara-live.it\/#organization"},"potentialAction":[{"@type":"SearchAction","target":{"@type":"EntryPoint","urlTemplate":"https:\/\/massacarrara-live.it\/?s={search_term_string}"},"query-input":{"@type":"PropertyValueSpecification","valueRequired":true,"valueName":"search_term_string"}}],"inLanguage":"it-IT"},{"@type":"Organization","@id":"https:\/\/massacarrara-live.it\/#organization","name":"Global Art Srls","url":"https:\/\/massacarrara-live.it\/","logo":{"@type":"ImageObject","inLanguage":"it-IT","@id":"https:\/\/massacarrara-live.it\/#\/schema\/logo\/image\/","url":"https:\/\/massacarrara-live.it\/wp-content\/uploads\/2020\/02\/logoNewPic-copia.jpg","contentUrl":"https:\/\/massacarrara-live.it\/wp-content\/uploads\/2020\/02\/logoNewPic-copia.jpg","width":1194,"height":881,"caption":"Global Art Srls"},"image":{"@id":"https:\/\/massacarrara-live.it\/#\/schema\/logo\/image\/"}}]}},"_links":{"self":[{"href":"https:\/\/massacarrara-live.it\/index.php\/wp-json\/wp\/v2\/pages\/184","targetHints":{"allow":["GET"]}}],"collection":[{"href":"https:\/\/massacarrara-live.it\/index.php\/wp-json\/wp\/v2\/pages"}],"about":[{"href":"https:\/\/massacarrara-live.it\/index.php\/wp-json\/wp\/v2\/types\/page"}],"author":[{"embeddable":true,"href":"https:\/\/massacarrara-live.it\/index.php\/wp-json\/wp\/v2\/users\/1"}],"replies":[{"embeddable":true,"href":"https:\/\/massacarrara-live.it\/index.php\/wp-json\/wp\/v2\/comments?post=184"}],"version-history":[{"count":4,"href":"https:\/\/massacarrara-live.it\/index.php\/wp-json\/wp\/v2\/pages\/184\/revisions"}],"predecessor-version":[{"id":189,"href":"https:\/\/massacarrara-live.it\/index.php\/wp-json\/wp\/v2\/pages\/184\/revisions\/189"}],"up":[{"embeddable":true,"href":"https:\/\/massacarrara-live.it\/index.php\/wp-json\/wp\/v2\/pages\/155"}],"wp:featuredmedia":[{"embeddable":true,"href":"https:\/\/massacarrara-live.it\/index.php\/wp-json\/wp\/v2\/media\/356"}],"wp:attachment":[{"href":"https:\/\/massacarrara-live.it\/index.php\/wp-json\/wp\/v2\/media?parent=184"}],"curies":[{"name":"wp","href":"https:\/\/api.w.org\/{rel}","templated":true}]}}